{"id":38763,"date":"2024-03-24T21:40:07","date_gmt":"2024-03-24T19:40:07","guid":{"rendered":"https:\/\/hookahshop.lt\/?post_type=product&#038;p=38763"},"modified":"2025-11-06T20:59:49","modified_gmt":"2025-11-06T18:59:49","slug":"malta-kava-coffee-cruise-india-250g","status":"publish","type":"product","link":"https:\/\/hookahshop.lt\/pl\/produkt\/kawa-mielona-rejs-indie-250g\/","title":{"rendered":"Kawa mielona COFFEE CRUISE Indie 250g"},"content":{"rendered":"<h2>Kawa mielona COFFEE CRUISE Indie 250g<\/h2>\n<p>Kawa pochodz\u0105ca ze s\u0142yn\u0105cego ze skarb\u00f3w przyrody regionu Karnataka w Indiach zachwyca wyj\u0105tkowym smakiem. \u0141\u0105czy w sobie gorycz przypraw, kt\u00f3r\u0105 ujawnia <strong>kardamon<\/strong>,\u00a0<strong>go\u017adziki<\/strong>\u00a0i\u00a0<strong>ga\u0142ka muszkato\u0142owa<\/strong>\u00a0nuty I dodaje subtelnej s\u0142odyczy\u00a0<strong>s\u0142\u00f3d<\/strong>, powi\u0105zany z\u00a0<strong>suszone owoce<\/strong>\u00a0posmak Kremowa konsystencja kusi do fili\u017canki aromatycznej kawy, kt\u00f3rej aromat pomaga ukaza\u0107 ciemn\u0105 palno\u015b\u0107. Pretensjonalna kawa o egzotycznym smaku pokocha\u0142a ju\u017c naszych smakoszy. Kawa indyjska stanie si\u0119 prawdziwym odkryciem, pami\u0119taj, \u017ce za ka\u017cdym razem, gdy spr\u00f3bujesz tej kawy, poczujesz nowe posmaki. Polecamy wybiera\u0107 t\u0119 kaw\u0119 szczeg\u00f3lnie w ch\u0142odne pory roku, gdy\u017c rozgrzewa, poprawia nastr\u00f3j i wzmacnia przyja\u017a\u0144.<\/p>\n<p><strong>Cechy:<\/strong><\/p>\n<ul>\n<li>Rodzaj kawy: Arabika 100%<\/li>\n<li>Si\u0142a: 7\/10<\/li>\n<li>Pra\u017cenie:\u00a0<strong>Przeci\u0119tny<\/strong>.<\/li>\n<li>Cia\u0142o:<strong>\u00a0Pe\u0142ny.<\/strong>\u00a0Idealny do delektowania si\u0119 ekskluzywn\u0105 i mocn\u0105 kaw\u0105;<\/li>\n<li>Aromat i s\u0142odycz:\u00a0<strong>Lukrecja i przyprawy.<\/strong>\u00a0Delikatne po\u0142\u0105czenie lukrecji i tajemniczych przypraw uszcz\u0119\u015bliwi Ci\u0119 za ka\u017cdym razem, gdy przygotujesz fili\u017cank\u0119 kawy;<\/li>\n<li>Gorycz:\u00a0<strong>Ga\u0142ka muszkato\u0142owa.<\/strong>\u00a0Ta nuta nada kawie poczucie ekskluzywno\u015bci i luksusu;<\/li>\n<li>P\u0142odno\u015b\u0107:\u00a0<strong>\u015aliwki<\/strong><strong>.<\/strong>\u00a0Dzi\u0119ki temu kawa b\u0119dzie wyj\u0105tkowo smaczna i bezkwasowa;<\/li>\n<li aria-level=\"1\"><b>Op\u0142aca si\u0119 kupi\u0107:<\/b> 250g \u2248 20 fili\u017canek kawy.<\/li>\n<li aria-level=\"1\">Wysoce polecany\u00a0<b>do ekspres\u00f3w do kawy<\/b>.<\/li>\n<\/ul>\n<p>&nbsp;<\/p>\n<p>Czy masz jakie\u015b pytania? Skontaktuj si\u0119 z nami\u00a0<a href=\"https:\/\/hookahshop.lt\/pl\/lacznosc\/\">strona z kontaktami<\/a>\u00a0lub napisz do nas na adres\u00a0<a href=\"https:\/\/facebook.com\/HookahShop.lt\/\" target=\"_blank\" rel=\"noopener\">konto na Facebooku<\/a>\u00a0a my odpowiemy na Twoj\u0105 pro\u015bb\u0119 tego samego dnia.<\/p>\n<p>&nbsp;<\/p>","protected":false},"excerpt":{"rendered":"<p>Kawa mielona COFFEE CRUISE India 250g Kawa pochodz\u0105ca z regionu Karnataka w Indiach, s\u0142yn\u0105cego ze skarb\u00f3w przyrody, zachwyca wyj\u0105tkowym smakiem. \u0141\u0105czy w sobie gorycz przypraw ujawnion\u0105 nutami kardamonu, go\u017adzik\u00f3w i ga\u0142ki muszkato\u0142owej. A subteln\u0105 s\u0142odycz nadaje s\u0142\u00f3d, przeplatany posmakiem suszonych owoc\u00f3w. Kremowa konsystencja kusi do fili\u017canki aromatycznej kawy, kt\u00f3rej aromat pomaga ukaza\u0107 ciemne palenie. Pretensjonalna kawa o egzotycznym smaku pokocha\u0142a ju\u017c naszych smakoszy. [\u2026]<\/p>","protected":false},"featured_media":38766,"comment_status":"open","ping_status":"closed","template":"","meta":[],"_links":{"self":[{"href":"https:\/\/hookahshop.lt\/pl\/wp-json\/wp\/v2\/product\/38763"}],"collection":[{"href":"https:\/\/hookahshop.lt\/pl\/wp-json\/wp\/v2\/product"}],"about":[{"href":"https:\/\/hookahshop.lt\/pl\/wp-json\/wp\/v2\/types\/product"}],"replies":[{"embeddable":true,"href":"https:\/\/hookahshop.lt\/pl\/wp-json\/wp\/v2\/comments?post=38763"}],"version-history":[{"count":3,"href":"https:\/\/hookahshop.lt\/pl\/wp-json\/wp\/v2\/product\/38763\/revisions"}],"predecessor-version":[{"id":39109,"href":"https:\/\/hookahshop.lt\/pl\/wp-json\/wp\/v2\/product\/38763\/revisions\/39109"}],"wp:featuredmedia":[{"embeddable":true,"href":"https:\/\/hookahshop.lt\/pl\/wp-json\/wp\/v2\/media\/38766"}],"wp:attachment":[{"href":"https:\/\/hookahshop.lt\/pl\/wp-json\/wp\/v2\/media?parent=38763"}],"curies":[{"name":"wp","href":"https:\/\/api.w.org\/{rel}","templated":true}]}}