{"id":38775,"date":"2024-03-24T23:24:01","date_gmt":"2024-03-24T21:24:01","guid":{"rendered":"https:\/\/hookahshop.lt\/?post_type=product&#038;p=38775"},"modified":"2025-11-06T20:59:49","modified_gmt":"2025-11-06T18:59:49","slug":"malta-kava-coffee-cruise-zambia-250g","status":"publish","type":"product","link":"https:\/\/hookahshop.lt\/pl\/produkt\/kawa-mielona-kawa-rejs-zambia-250g\/","title":{"rendered":"Kawa mielona COFFEE CRUISE Zambia 250g"},"content":{"rendered":"<h2>Kawa mielona COFFEE CRUISE Zambia 250g<\/h2>\n<p>To prawdziwa afryka\u0144ska kawa, ciemna, czarna, zachowuj\u0105ca dawne smaki, kusz\u0105ca <strong>gorzka czekolada<\/strong>\u00a0gorycz, kt\u00f3ra przechodzi\u00a0<strong>czarne porzeczki<\/strong>\u00a0s\u0142odka nuta. Przyjemny owoc\u00a0<strong>grejpfrut<\/strong> nuty dodaj\u0105 nieco kwasowo\u015bci, unosz\u0105c nos i zach\u0119caj\u0105c do dalszego smaku. Kawa przyby\u0142a do Zambii wraz z rozprzestrzenianiem si\u0119 idei chrze\u015bcija\u0144skich wraz z przybyciem misjonarzy z Tanzanii i Kenii. Stopniowo na drzewach kawowych rosn\u0105cych w Zambii zacz\u0119\u0142y dojrzewa\u0107 mniej kwa\u015bne jagody ni\u017c te rosn\u0105ce w tych ostatnich krajach, co przypad\u0142o do gustu mi\u0142o\u015bnikom lekkiej, \u0142agodnej kawy. Kaw\u0119 Zambi\u0119 polecamy osobom preferuj\u0105cym \u0142agodniejsze, mniej kwa\u015bne smaki. Kawa ta doskonale komponuje si\u0119 z pysznym lunchem lub deserem.<\/p>\n<p><strong>Cechy:<\/strong><\/p>\n<ul>\n<li>Rodzaj kawy: Arabika 100%<\/li>\n<li>Si\u0142a: 5\/10<\/li>\n<li>Pra\u017cenie:\u00a0<strong>Przeci\u0119tny<\/strong>.<\/li>\n<li>Cia\u0142o:<strong>\u00a0Przeci\u0119tny.<\/strong><\/li>\n<li>Aromat i s\u0142odycz:\u00a0<strong>Czarna porzeczka i owoce.<\/strong><\/li>\n<li>Gorycz:\u00a0<strong>Gorzka czekolada<\/strong><strong>.<\/strong><\/li>\n<li>P\u0142odno\u015b\u0107:\u00a0<strong>Grejpfrut<\/strong><strong>.<\/strong><\/li>\n<li aria-level=\"1\"><b>Op\u0142aca si\u0119 kupi\u0107:<\/b>\u00a0250g \u2248 20 fili\u017canek kawy.<\/li>\n<li aria-level=\"1\">Wysoce polecany\u00a0<b>do ekspres\u00f3w do kawy<\/b>.<\/li>\n<\/ul>\n<p>Czy masz jakie\u015b pytania? Skontaktuj si\u0119 z nami\u00a0<a href=\"https:\/\/hookahshop.lt\/pl\/lacznosc\/\">strona z kontaktami<\/a>\u00a0lub napisz do nas na adres\u00a0<a href=\"https:\/\/facebook.com\/HookahShop.lt\/\" target=\"_blank\" rel=\"noopener\">konto na Facebooku<\/a>\u00a0a my odpowiemy na Twoj\u0105 pro\u015bb\u0119 tego samego dnia.<\/p>\n<p>&nbsp;<\/p>","protected":false},"excerpt":{"rendered":"<p>Kawa mielona COFFEE CRUISE Zambia 250g To prawdziwa afryka\u0144ska kawa, ciemna, czarna, zachowuj\u0105ca dawne smaki, kusz\u0105ca goryczk\u0105 ciemnej czekolady, kt\u00f3ra przechodzi w s\u0142odkie nuty czarnej porzeczki. Przyjemne owocowe nuty grejpfruta dodaj\u0105 odrobiny kwasowo\u015bci, podnosz\u0105c podniebienie i zach\u0119caj\u0105c do dalszego smaku. Kawa przyby\u0142a do Zambii wraz z rozprzestrzenianiem si\u0119 idei chrze\u015bcija\u0144skich wraz z przybyciem misjonarzy z Tanzanii i Kenii. Stopniowo drzewa kawowe rosn\u0105ce w Zambii zacz\u0119\u0142y [\u2026]<\/p>","protected":false},"featured_media":38776,"comment_status":"open","ping_status":"closed","template":"","meta":[],"_links":{"self":[{"href":"https:\/\/hookahshop.lt\/pl\/wp-json\/wp\/v2\/product\/38775"}],"collection":[{"href":"https:\/\/hookahshop.lt\/pl\/wp-json\/wp\/v2\/product"}],"about":[{"href":"https:\/\/hookahshop.lt\/pl\/wp-json\/wp\/v2\/types\/product"}],"replies":[{"embeddable":true,"href":"https:\/\/hookahshop.lt\/pl\/wp-json\/wp\/v2\/comments?post=38775"}],"version-history":[{"count":3,"href":"https:\/\/hookahshop.lt\/pl\/wp-json\/wp\/v2\/product\/38775\/revisions"}],"predecessor-version":[{"id":39107,"href":"https:\/\/hookahshop.lt\/pl\/wp-json\/wp\/v2\/product\/38775\/revisions\/39107"}],"wp:featuredmedia":[{"embeddable":true,"href":"https:\/\/hookahshop.lt\/pl\/wp-json\/wp\/v2\/media\/38776"}],"wp:attachment":[{"href":"https:\/\/hookahshop.lt\/pl\/wp-json\/wp\/v2\/media?parent=38775"}],"curies":[{"name":"wp","href":"https:\/\/api.w.org\/{rel}","templated":true}]}}