{"id":38780,"date":"2024-03-24T23:34:08","date_gmt":"2024-03-24T21:34:08","guid":{"rendered":"https:\/\/hookahshop.lt\/?post_type=product&#038;p=38780"},"modified":"2025-11-06T20:59:48","modified_gmt":"2025-11-06T18:59:48","slug":"kavos-pupeles-coffee-cruise-ethiopia-1kg","status":"publish","type":"product","link":"https:\/\/hookahshop.lt\/pl\/produkt\/kawa-ziarnista-kawa-rejs-etiopia-1kg\/","title":{"rendered":"Kawa ziarnista KAWOWA REJS Etiopia 1kg"},"content":{"rendered":"<h2>Kawa ziarnista KAWOWA REJS Etiopia 1kg<\/h2>\n<p>Bogata gleba, tak wa\u017cna dla drzew kawowych, nadaje etiopskiej kawie kwasowo\u015b\u0107 przypominaj\u0105c\u0105 dzikie jagody. Kiedy spr\u00f3bujesz tej kawy, poczujesz to <strong>\u017curawina<\/strong>\u00a0si\u0142a, kt\u00f3ra zapewnia r\u00f3wnowag\u0119 og\u00f3lnego smaku. Dope\u0142nieniem s\u0105 nuty owocowe\u00a0<strong>Je\u017cyny<\/strong>, kt\u00f3re zawieraj\u0105 ca\u0142e letnie ciep\u0142o. S\u0142odkie ciemne jagody, kt\u00f3re nadaj\u0105 kawie pretensjonalno\u015bci, kt\u00f3ra m\u00f3wi o jej odleg\u0142ym pochodzeniu.\u00a0<strong>\u015aliwka<\/strong>\u00a0posmak stanowi harmonijn\u0105 ca\u0142o\u015b\u0107 \u2013 lekki, kusz\u0105cy, wci\u0105gaj\u0105cy dla spokojnej degustacji kawy. Kawa Etiopia przypadnie do gustu koneserom kawy, kt\u00f3rzy lubi\u0105 kawy bardziej owocowe.<\/p>\n<p><strong>Cechy:<\/strong><\/p>\n<ul>\n<li>Rodzaj kawy: Arabika 100%<\/li>\n<li>Si\u0142a: 6\/10<\/li>\n<li>Pra\u017cenie:\u00a0<strong>Przeci\u0119tny<\/strong>.<\/li>\n<li>Cia\u0142o:<strong> Soczysty.<\/strong><\/li>\n<li>Aromat i s\u0142odycz:\u00a0<strong>Je\u017cyny i jagody.<\/strong><\/li>\n<li>Gorycz:\u00a0<strong>\u017burawina.<\/strong><\/li>\n<li>P\u0142odno\u015b\u0107:\u00a0<strong>\u015aliwki<\/strong><strong>.<\/strong><\/li>\n<li aria-level=\"1\"><b>Op\u0142aca si\u0119 kupi\u0107:<\/b> 1 kg \u2248 100 fili\u017canek kawy.<\/li>\n<li aria-level=\"1\">Wysoce polecany\u00a0<b>do ekspres\u00f3w do kawy<\/b>.<\/li>\n<\/ul>\n<p>Czy masz jakie\u015b pytania? Skontaktuj si\u0119 z nami\u00a0<a href=\"https:\/\/hookahshop.lt\/pl\/lacznosc\/\">strona z kontaktami<\/a>\u00a0lub napisz do nas na adres\u00a0<a href=\"https:\/\/facebook.com\/HookahShop.lt\/\" target=\"_blank\" rel=\"noopener\">konto na Facebooku<\/a>\u00a0a my odpowiemy na Twoj\u0105 pro\u015bb\u0119 tego samego dnia.<\/p>","protected":false},"excerpt":{"rendered":"<p>Kawa ziarnista KAWOWY REJS Etiopia 1kg Bogata gleba, tak wa\u017cna dla drzew kawowych, nadaje etiopskiej kawie kwasowo\u015b\u0107 przypominaj\u0105c\u0105 smak dzikich jag\u00f3d. Degustuj\u0105c t\u0119 kaw\u0119, mo\u017cna wyczu\u0107 si\u0142\u0119 \u017curawiny, kt\u00f3ra nadaje r\u00f3wnowag\u0119 ca\u0142o\u015bciowemu smakowi. Owocowe nuty uzupe\u0142niaj\u0105 je\u017cyny, w kt\u00f3rych kryje si\u0119 ca\u0142y upa\u0142 lata. S\u0142odkie ciemne jagody, kt\u00f3re nadaj\u0105 kawie pretensjonalno\u015bci, kt\u00f3ra m\u00f3wi o jej odleg\u0142ym pochodzeniu. Posmak \u015bliwek stanowi harmonijn\u0105 ca\u0142o\u015b\u0107 \u2013 lekki, [...]<\/p>","protected":false},"featured_media":38783,"comment_status":"open","ping_status":"closed","template":"","meta":[],"_links":{"self":[{"href":"https:\/\/hookahshop.lt\/pl\/wp-json\/wp\/v2\/product\/38780"}],"collection":[{"href":"https:\/\/hookahshop.lt\/pl\/wp-json\/wp\/v2\/product"}],"about":[{"href":"https:\/\/hookahshop.lt\/pl\/wp-json\/wp\/v2\/types\/product"}],"replies":[{"embeddable":true,"href":"https:\/\/hookahshop.lt\/pl\/wp-json\/wp\/v2\/comments?post=38780"}],"version-history":[{"count":5,"href":"https:\/\/hookahshop.lt\/pl\/wp-json\/wp\/v2\/product\/38780\/revisions"}],"predecessor-version":[{"id":39106,"href":"https:\/\/hookahshop.lt\/pl\/wp-json\/wp\/v2\/product\/38780\/revisions\/39106"}],"wp:featuredmedia":[{"embeddable":true,"href":"https:\/\/hookahshop.lt\/pl\/wp-json\/wp\/v2\/media\/38783"}],"wp:attachment":[{"href":"https:\/\/hookahshop.lt\/pl\/wp-json\/wp\/v2\/media?parent=38780"}],"curies":[{"name":"wp","href":"https:\/\/api.w.org\/{rel}","templated":true}]}}