{"id":38802,"date":"2024-03-24T23:56:27","date_gmt":"2024-03-24T21:56:27","guid":{"rendered":"https:\/\/hookahshop.lt\/?post_type=product&#038;p=38802"},"modified":"2025-11-06T20:59:47","modified_gmt":"2025-11-06T18:59:47","slug":"malta-kava-coffee-cruise-guatemala-250g","status":"publish","type":"product","link":"https:\/\/hookahshop.lt\/pl\/produkt\/kawa-mielona-kawa-rejsowa-gwatemala-250g\/","title":{"rendered":"Kawa mielona COFFEE CRUISE Gwatemala 250g"},"content":{"rendered":"<h2>Kawa mielona COFFEE CRUISE Gwatemala 250g<\/h2>\n<p>T<span lang=\"LT\">charakteryzuj\u0105 si\u0119 ziarna kawy dojrzewaj\u0105ce w p\u00f3\u017anej Gwatemali\u00a0<strong>do gorzkiej czekolady<\/strong>\u00a0przypisywana goryczka, kt\u00f3ra jest subtelnie dope\u0142niona\u00a0<strong>karmel<\/strong>\u00a0s\u0142odycz To w\u0142a\u015bnie ta r\u00f3wnowaga goryczy i s\u0142odyczy jest wyj\u0105tkowo charakterystyczna dla kawy rosn\u0105cej w regionie Gwatemali. Drzewa owocowe s\u0105 dojrza\u0142e\u00a0<strong>Je\u017cyny<\/strong>\u00a0nuty zapewniaj\u0105 lekk\u0105 kwasowo\u015b\u0107, kt\u00f3ra pomaga jeszcze lepiej rozwin\u0105\u0107 ca\u0142o\u015b\u0107 smak\u00f3w. \u015arednio palona wybrana dla tej kawy nadaje jej s\u0142odki smak\u00a0<strong>Mi\u00f3d<\/strong>\u00a0aromat, kt\u00f3ry przyjemnie \u0142askocze w nosie i zaprasza do drugiej pachn\u0105cej fili\u017canki. Gwatemala to idealna poranna kawa, kt\u00f3ra inspiruje do kreatywnego dnia.\u00a0<\/span>\u00a0Nie dajcie si\u0119 zwie\u015b\u0107, COFFEE CRUISE oferuje dwa rodzaje kawy Gwatemali. Ta nasza odmiana GWATEMALA (w kolorze r\u00f3\u017cowym) zawiera kofein\u0119, druga GWATEMALA w kolorze szarym jest bezkofeinowa (bezkofeinowa).<\/p>\n<p><strong>Cechy:<\/strong><\/p>\n<ul>\n<li>Rodzaj kawy: Arabika 100%<\/li>\n<li>Si\u0142a: 6\/10<\/li>\n<li>Pra\u017cenie:\u00a0<strong>Przeci\u0119tny<\/strong>.<\/li>\n<li>Cia\u0142o:<strong>\u00a0Przeci\u0119tny.<\/strong><\/li>\n<li>Aromat i s\u0142odycz:\u00a0<strong>Karmel i mi\u00f3d.<\/strong><\/li>\n<li>Gorycz:\u00a0<strong>Czekolada<\/strong><strong>.<\/strong><\/li>\n<li>P\u0142odno\u015b\u0107:\u00a0<strong>Je\u017cyny<\/strong><strong>.<\/strong><\/li>\n<li><b>Op\u0142aca si\u0119 kupi\u0107:<\/b>\u00a0250g \u2248 20 fili\u017canek kawy.<\/li>\n<li>Wysoce polecany\u00a0<b>do ekspres\u00f3w do kawy<\/b>.<\/li>\n<\/ul>\n<p>Czy masz jakie\u015b pytania? Skontaktuj si\u0119 z nami\u00a0<a href=\"https:\/\/hookahshop.lt\/pl\/lacznosc\/\">strona z kontaktami<\/a>\u00a0lub napisz do nas na adres\u00a0<a href=\"https:\/\/facebook.com\/HookahShop.lt\/\" target=\"_blank\" rel=\"noopener\">konto na Facebooku<\/a>\u00a0a my odpowiemy na Twoj\u0105 pro\u015bb\u0119 tego samego dnia.<\/p>","protected":false},"excerpt":{"rendered":"<p>Kawa mielona COFFEE CRUISE Gwatemala 250g Ziarna kawy dojrzewaj\u0105ce w odleg\u0142ej Gwatemali posiadaj\u0105 goryczk\u0119 nawi\u0105zuj\u0105c\u0105 do ciemnej czekolady, kt\u00f3r\u0105 subtelnie uzupe\u0142nia karmelowa s\u0142odycz. To w\u0142a\u015bnie ta r\u00f3wnowaga goryczy i s\u0142odyczy jest wyj\u0105tkowo charakterystyczna dla kawy rosn\u0105cej w regionie Gwatemali. Owocowe nuty dojrza\u0142ych je\u017cyn zapewniaj\u0105 lekk\u0105 kwasowo\u015b\u0107, kt\u00f3ra sprawia, \u017ce ca\u0142y smak rozwija si\u0119 jeszcze lepiej.  Wybrany dla tej kawy \u015bredni stopie\u0144 palenia pozwala poczu\u0107 aromat s\u0142odkiego miodu, przyjemnie \u0142askocz\u0105cy nos i zapraszaj\u0105cy na drug\u0105 [...]<\/p>","protected":false},"featured_media":38803,"comment_status":"open","ping_status":"closed","template":"","meta":[],"_links":{"self":[{"href":"https:\/\/hookahshop.lt\/pl\/wp-json\/wp\/v2\/product\/38802"}],"collection":[{"href":"https:\/\/hookahshop.lt\/pl\/wp-json\/wp\/v2\/product"}],"about":[{"href":"https:\/\/hookahshop.lt\/pl\/wp-json\/wp\/v2\/types\/product"}],"replies":[{"embeddable":true,"href":"https:\/\/hookahshop.lt\/pl\/wp-json\/wp\/v2\/comments?post=38802"}],"version-history":[{"count":3,"href":"https:\/\/hookahshop.lt\/pl\/wp-json\/wp\/v2\/product\/38802\/revisions"}],"predecessor-version":[{"id":39103,"href":"https:\/\/hookahshop.lt\/pl\/wp-json\/wp\/v2\/product\/38802\/revisions\/39103"}],"wp:featuredmedia":[{"embeddable":true,"href":"https:\/\/hookahshop.lt\/pl\/wp-json\/wp\/v2\/media\/38803"}],"wp:attachment":[{"href":"https:\/\/hookahshop.lt\/pl\/wp-json\/wp\/v2\/media?parent=38802"}],"curies":[{"name":"wp","href":"https:\/\/api.w.org\/{rel}","templated":true}]}}