{"id":38807,"date":"2024-03-25T00:03:00","date_gmt":"2024-03-24T22:03:00","guid":{"rendered":"https:\/\/hookahshop.lt\/?post_type=product&#038;p=38807"},"modified":"2026-04-14T23:29:47","modified_gmt":"2026-04-14T20:29:47","slug":"kavos-pupeles-coffee-cruise-salvador-1kg","status":"publish","type":"product","link":"https:\/\/hookahshop.lt\/pl\/produkt\/kawa-ziarnista-kawa-rejs-salvador-1kg\/","title":{"rendered":"Kawa ziarnista KAWOWA REJS Salvador 1kg"},"content":{"rendered":"<h2>Kawa ziarnista KAWOWA REJS Salvador 1kg<\/h2>\n<p>Po\u0142o\u017cony w regionie Ameryki \u015arodkowej Salwador jest znany na ca\u0142ym \u015bwiecie ze swojej szczeg\u00f3lnej mi\u0142o\u015bci do kawy. Dominuj\u0105 ziarna kawy rosn\u0105ce w tym regionie <strong>na rodzynki<\/strong>\u00a0charakteryzuje si\u0119 ledwo wyczuwaln\u0105 goryczk\u0105, kt\u00f3r\u0105 uzupe\u0142nia\u00a0<strong>syrop klonowy<\/strong>\u00a0nuty Taka kompozycja pozwala cieszy\u0107 si\u0119 kaw\u0105 intensywn\u0105, emocjonaln\u0105 i zbalansowan\u0105 w smaku. Soczysto\u015b\u0107 nadaje kawie owocowo\u015bci\u00a0<strong>wi\u015bnia<\/strong>, a kiedy wdychasz aromat, poczujesz ciep\u0142o p\u00f3l winogronowych. Kawa El Salvador jest idealna dla mi\u0142o\u015bnik\u00f3w kawy \u015brednio palonej, kt\u00f3r\u0105 mo\u017cna delektowa\u0107 si\u0119 w spokojne popo\u0142udnie.<\/p>\n<p><strong>Cechy:<\/strong><\/p>\n<ul>\n<li>Rodzaj kawy: Arabika 100%<\/li>\n<li>Si\u0142a: 3\/10<\/li>\n<li>Pra\u017cenie:\u00a0<strong>Przeci\u0119tny<\/strong>.<\/li>\n<li>Cia\u0142o:<strong>\u00a0Przeci\u0119tny.<\/strong><\/li>\n<li>Aromat i s\u0142odycz:\u00a0<strong>Syrop klonowy i winogrona.<\/strong><\/li>\n<li>Gorycz:\u00a0<strong>rodzynki<\/strong><strong>.<\/strong><\/li>\n<li>P\u0142odno\u015b\u0107:\u00a0<strong>wi\u015bnia<\/strong><strong>.<\/strong><\/li>\n<li aria-level=\"1\"><b>Op\u0142aca si\u0119 kupi\u0107:<\/b> 1 kg \u2248 100 fili\u017canek kawy.<\/li>\n<li aria-level=\"1\">Wysoce polecany\u00a0<b>do ekspres\u00f3w do kawy<\/b>.<\/li>\n<\/ul>\n<p>Czy masz jakie\u015b pytania? Skontaktuj si\u0119 z nami\u00a0<a href=\"https:\/\/hookahshop.lt\/pl\/lacznosc\/\">strona z kontaktami<\/a>\u00a0lub napisz do nas na adres\u00a0<a href=\"https:\/\/facebook.com\/HookahShop.lt\/\" target=\"_blank\" rel=\"noopener\">konto na Facebooku<\/a>\u00a0a my odpowiemy na Twoj\u0105 pro\u015bb\u0119 tego samego dnia.<\/p>","protected":false},"excerpt":{"rendered":"<p>Kawa ziarnista KAWOWA REJS Salvador 1kg El Salvador, po\u0142o\u017cony w regionie Ameryki \u015arodkowej, jest znany na ca\u0142ym \u015bwiecie ze swojej szczeg\u00f3lnej mi\u0142o\u015bci do kawy. W ziarnach kawy uprawianych w tym regionie dominuje subtelna rodzynkowa goryczka uzupe\u0142niona nutami syropu klonowego. Taka kompozycja pozwala cieszy\u0107 si\u0119 kaw\u0105 intensywn\u0105, emocjonaln\u0105 i zbalansowan\u0105 w smaku. Soczysta wi\u015bnia dodaje kawie owocowo\u015bci, a wdychaj\u0105c jej aromat, poczujesz ciep\u0142o p\u00f3l winogronowych. E-mail [\u2026]<\/p>","protected":false},"featured_media":38808,"comment_status":"open","ping_status":"closed","template":"","meta":[],"_links":{"self":[{"href":"https:\/\/hookahshop.lt\/pl\/wp-json\/wp\/v2\/product\/38807"}],"collection":[{"href":"https:\/\/hookahshop.lt\/pl\/wp-json\/wp\/v2\/product"}],"about":[{"href":"https:\/\/hookahshop.lt\/pl\/wp-json\/wp\/v2\/types\/product"}],"replies":[{"embeddable":true,"href":"https:\/\/hookahshop.lt\/pl\/wp-json\/wp\/v2\/comments?post=38807"}],"version-history":[{"count":3,"href":"https:\/\/hookahshop.lt\/pl\/wp-json\/wp\/v2\/product\/38807\/revisions"}],"predecessor-version":[{"id":42220,"href":"https:\/\/hookahshop.lt\/pl\/wp-json\/wp\/v2\/product\/38807\/revisions\/42220"}],"wp:featuredmedia":[{"embeddable":true,"href":"https:\/\/hookahshop.lt\/pl\/wp-json\/wp\/v2\/media\/38808"}],"wp:attachment":[{"href":"https:\/\/hookahshop.lt\/pl\/wp-json\/wp\/v2\/media?parent=38807"}],"curies":[{"name":"wp","href":"https:\/\/api.w.org\/{rel}","templated":true}]}}