{"id":38825,"date":"2024-03-25T00:19:12","date_gmt":"2024-03-24T22:19:12","guid":{"rendered":"https:\/\/hookahshop.lt\/?post_type=product&#038;p=38825"},"modified":"2025-11-06T20:59:46","modified_gmt":"2025-11-06T18:59:46","slug":"malta-kava-coffee-cruise-guatemala-decaf","status":"publish","type":"product","link":"https:\/\/hookahshop.lt\/pl\/produkt\/kawa-mielona-kawa-rejs-gwatemala-bezkofeinowa\/","title":{"rendered":"Kawa mielona COFFEE CRUISE Gwatemala Bezkofeinowa 250g"},"content":{"rendered":"<h2>Kawa mielona COFFEE CRUISE Gwatemala Bezkofeinowa 250g<\/h2>\n<p>Dla tych, kt\u00f3rzy kochaj\u0105 kaw\u0119, ale unikaj\u0105 kofeiny, specjalnie dla Was, moi drodzy, Gwatemala bezkofeinowa. Wyr\u00f3\u017cnia si\u0119 kawa bezkofeinowa <strong>ziarna<\/strong>\u00a0goryczka, z kt\u00f3r\u0105 przyjemnie si\u0119 miesza\u00a0<strong>toffi<\/strong>\u00a0s\u0142odycz. Ta delikatna r\u00f3wnowaga zosta\u0142a zako\u0144czona\u00a0<strong>suszone owoce<\/strong> notatka Kremowa pianka zapewnia przyjemne chwile przy fili\u017cance kawy bezkofeinowej. Nie ma znaczenia, czy upieczesz go, czy mo\u017ce u\u017cyjesz ekspresu do kawy \u2013 Guatemala Decaf rozprowadzi po domu aromat czekolady. Kawa z Afryki \u015arodkowej pozwala cieszy\u0107 si\u0119 jej najlepszymi w\u0142a\u015bciwo\u015bciami.<\/p>\n<p><strong>Cechy:<\/strong><\/p>\n<ul>\n<li><strong>Bez kofeiny<\/strong>.<\/li>\n<li>Rodzaj kawy: Arabika 100%<\/li>\n<li>Si\u0142a: 5\/10<\/li>\n<li>Pra\u017cenie:\u00a0<strong>Przeci\u0119tny<\/strong>.<\/li>\n<li>Cia\u0142o:<strong> Przeci\u0119tny.<\/strong><\/li>\n<li>Aromat i s\u0142odycz:\u00a0<strong>Toffi i czekolada.<\/strong><\/li>\n<li>Pra\u017cenie:\u00a0<strong>Przeci\u0119tny<\/strong>.<\/li>\n<li>Gorycz:\u00a0<strong>Ziarna<\/strong><strong>.<\/strong><\/li>\n<li>P\u0142odno\u015b\u0107:\u00a0<strong>Suszone owoce<\/strong><strong>.<\/strong><\/li>\n<li><b>Op\u0142aca si\u0119 kupi\u0107:<\/b>\u00a0250g \u2248 20 fili\u017canek kawy.<\/li>\n<li aria-level=\"1\">Wysoce polecany\u00a0<b>do ekspres\u00f3w do kawy<\/b>.<\/li>\n<\/ul>\n<p>Czy masz jakie\u015b pytania? Skontaktuj si\u0119 z nami\u00a0<a href=\"https:\/\/hookahshop.lt\/pl\/lacznosc\/\">strona z kontaktami<\/a>\u00a0lub napisz do nas na adres\u00a0<a href=\"https:\/\/facebook.com\/HookahShop.lt\/\" target=\"_blank\" rel=\"noopener\">konto na Facebooku<\/a>\u00a0a my odpowiemy na Twoj\u0105 pro\u015bb\u0119 tego samego dnia.<\/p>\n<p>&nbsp;<\/p>","protected":false},"excerpt":{"rendered":"<p>Kawa mielona COFFEE CRUISE Guatemala Decaf 250g Dla tych, kt\u00f3rzy uwielbiaj\u0105 kaw\u0119, ale unikaj\u0105 kofeiny, specjalnie dla Was, moi drodzy, Gwatemala bezkofeinowa. Kawa bezkofeinowa z goryczk\u0105 ziarna, kt\u00f3ra przyjemnie miesza si\u0119 ze s\u0142odycz\u0105 toffi. T\u0119 delikatn\u0105 harmoni\u0119 zwie\u0144cza nuta suszonych owoc\u00f3w. Kremowa pianka zapewnia przyjemne chwile przy fili\u017cance kawy bezkofeinowej. Niezale\u017cnie od tego, czy pieczesz go, czy u\u017cywasz ekspresu do kawy, Gwatemala [\u2026]<\/p>","protected":false},"featured_media":38827,"comment_status":"open","ping_status":"closed","template":"","meta":[],"_links":{"self":[{"href":"https:\/\/hookahshop.lt\/pl\/wp-json\/wp\/v2\/product\/38825"}],"collection":[{"href":"https:\/\/hookahshop.lt\/pl\/wp-json\/wp\/v2\/product"}],"about":[{"href":"https:\/\/hookahshop.lt\/pl\/wp-json\/wp\/v2\/types\/product"}],"replies":[{"embeddable":true,"href":"https:\/\/hookahshop.lt\/pl\/wp-json\/wp\/v2\/comments?post=38825"}],"version-history":[{"count":5,"href":"https:\/\/hookahshop.lt\/pl\/wp-json\/wp\/v2\/product\/38825\/revisions"}],"predecessor-version":[{"id":39256,"href":"https:\/\/hookahshop.lt\/pl\/wp-json\/wp\/v2\/product\/38825\/revisions\/39256"}],"wp:featuredmedia":[{"embeddable":true,"href":"https:\/\/hookahshop.lt\/pl\/wp-json\/wp\/v2\/media\/38827"}],"wp:attachment":[{"href":"https:\/\/hookahshop.lt\/pl\/wp-json\/wp\/v2\/media?parent=38825"}],"curies":[{"name":"wp","href":"https:\/\/api.w.org\/{rel}","templated":true}]}}