{"id":38831,"date":"2024-03-25T00:24:26","date_gmt":"2024-03-24T22:24:26","guid":{"rendered":"https:\/\/hookahshop.lt\/?post_type=product&#038;p=38831"},"modified":"2025-11-06T20:59:46","modified_gmt":"2025-11-06T18:59:46","slug":"kavos-pupeles-coffee-cruise-kenya-1kg","status":"publish","type":"product","link":"https:\/\/hookahshop.lt\/pl\/produkt\/kawa-ziarnista-kawa-rejs-kenia-1kg\/","title":{"rendered":"Kawa ziarnista KAWOWA REJS Kenia 1kg"},"content":{"rendered":"<h2>Kawa ziarnista KAWOWA REJS Kenia 1kg<\/h2>\n<p>Uprawiana na bogatej glebie wulkanicznej kawa kenijska uwa\u017cana jest za jedn\u0105 z najwy\u017cszej jako\u015bci kaw na \u015bwiecie. Uprawiane powoli na wysokich zboczach g\u00f3r, kenijskie ziarna kawy maj\u0105 wi\u0119cej czasu na rozwini\u0119cie bogatego smaku, kt\u00f3ry zawiera g\u0142\u0119bok\u0105, owocow\u0105 kwasowo\u015b\u0107 przypominaj\u0105c\u0105 wino i wyrafinowan\u0105 <strong><em>czarne porzeczki<\/em><\/strong>\u00a0I\u00a0<em><strong>maliny<\/strong><\/em>\u00a0s\u0142odycz, subtelnie uzupe\u0142niona\u00a0<strong><em>cytryny<\/em><\/strong> notatki.<\/p>\n<p><strong>Cechy:<\/strong><\/p>\n<ul>\n<li>Rodzaj kawy: Arabika 100%<\/li>\n<li>Si\u0142a: 7\/10<\/li>\n<li>Pra\u017cenie:\u00a0<strong>Przeci\u0119tny<\/strong>.<\/li>\n<li>Cia\u0142o:<strong> Przeci\u0119tny.<\/strong><\/li>\n<li>Aromat i s\u0142odycz:\u00a0<strong>Czarna porzeczka i kwiaty.<\/strong><\/li>\n<li>Gorycz:\u00a0<strong>Maliny.<\/strong><\/li>\n<li>P\u0142odno\u015b\u0107:\u00a0<strong>Cytryny<\/strong><strong>.<\/strong><\/li>\n<li aria-level=\"1\"><b>Op\u0142aca si\u0119 kupi\u0107:<\/b> 1 kg \u2248 100 fili\u017canek kawy.<\/li>\n<li aria-level=\"1\">Wysoce polecany\u00a0<b>do ekspres\u00f3w do kawy<\/b>.<\/li>\n<\/ul>\n<p>Czy masz jakie\u015b pytania? Skontaktuj si\u0119 z nami\u00a0<a href=\"https:\/\/hookahshop.lt\/pl\/lacznosc\/\">strona z kontaktami<\/a>\u00a0lub napisz do nas na adres\u00a0<a href=\"https:\/\/facebook.com\/HookahShop.lt\/\" target=\"_blank\" rel=\"noopener\">konto na Facebooku<\/a>\u00a0a my odpowiemy na Twoj\u0105 pro\u015bb\u0119 tego samego dnia.<\/p>","protected":false},"excerpt":{"rendered":"<p>Kawa ziarnista COFFEE CRUISE Kenia 1kg Kawa kenijska, uprawiana na bogatej glebie wulkanicznej, uwa\u017cana jest za jedn\u0105 z najwy\u017cszej jako\u015bci kaw na \u015bwiecie. Uprawiana powoli na wysokich zboczach g\u00f3r kenijskie ziarna kawy maj\u0105 wi\u0119cej czasu na rozwini\u0119cie bogatego smaku, kt\u00f3ry zawiera g\u0142\u0119bok\u0105, owocow\u0105 kwasowo\u015b\u0107 przypominaj\u0105c\u0105 wino oraz wyrafinowan\u0105 s\u0142odycz czarnej porzeczki i malin, subtelnie uzupe\u0142nion\u0105 nutami cytryny. W\u0142a\u015bciwo\u015bci: Rodzaj kawy: Arabica 100% Moc: 7\/10 [\u2026]<\/p>","protected":false},"featured_media":38832,"comment_status":"open","ping_status":"closed","template":"","meta":[],"_links":{"self":[{"href":"https:\/\/hookahshop.lt\/pl\/wp-json\/wp\/v2\/product\/38831"}],"collection":[{"href":"https:\/\/hookahshop.lt\/pl\/wp-json\/wp\/v2\/product"}],"about":[{"href":"https:\/\/hookahshop.lt\/pl\/wp-json\/wp\/v2\/types\/product"}],"replies":[{"embeddable":true,"href":"https:\/\/hookahshop.lt\/pl\/wp-json\/wp\/v2\/comments?post=38831"}],"version-history":[{"count":4,"href":"https:\/\/hookahshop.lt\/pl\/wp-json\/wp\/v2\/product\/38831\/revisions"}],"predecessor-version":[{"id":39021,"href":"https:\/\/hookahshop.lt\/pl\/wp-json\/wp\/v2\/product\/38831\/revisions\/39021"}],"wp:featuredmedia":[{"embeddable":true,"href":"https:\/\/hookahshop.lt\/pl\/wp-json\/wp\/v2\/media\/38832"}],"wp:attachment":[{"href":"https:\/\/hookahshop.lt\/pl\/wp-json\/wp\/v2\/media?parent=38831"}],"curies":[{"name":"wp","href":"https:\/\/api.w.org\/{rel}","templated":true}]}}