{"id":38895,"date":"2024-04-05T23:50:18","date_gmt":"2024-04-05T20:50:18","guid":{"rendered":"https:\/\/hookahshop.lt\/?post_type=product&#038;p=38895"},"modified":"2026-04-14T23:29:42","modified_gmt":"2026-04-14T20:29:42","slug":"taurele-kaljanui-alpha-turk-mustard","status":"publish","type":"product","link":"https:\/\/hookahshop.lt\/pl\/produkt\/filizanka-szisza-alfa-turk-musztarda\/","title":{"rendered":"KUBEK DO FAJKI WODNEJ ALPHA Turk Mustard"},"content":{"rendered":"<h2>KUBEK DO FAJKI WODNEJ ALPHA Turk Mustard<\/h2>\n<p>ALPHA HOOKAH, znany producent fajek wodnych i akcesori\u00f3w do fajek wodnych, ma nowe, r\u0119cznie robione kubki o uniwersalnych, artystycznych fakturach. Kubek pokryty jest polew\u0105, kt\u00f3ra nie wch\u0142ania syropu, co pozwala cieszy\u0107 si\u0119 wyra\u017aniejszym smakiem tytoniu.<br \/>\nPojemno\u015b\u0107 tytoniu: 18-25g (w zale\u017cno\u015bci od zastosowanego sposobu pakowania i rodzaju tytoniu).<\/p>\n<p><strong>Specyfikacja:<\/strong><br \/>\nWysoko\u015b\u0107: ~8cm<br \/>\n\u015arednica: ~75mm<br \/>\nIlo\u015b\u0107 otwor\u00f3w: 5 szt<\/p>\n<p><strong>Charakterystyka:<\/strong><br \/>\nTyp: turecki<br \/>\nMateria\u0142: ceramika niemiecka, szkliwo<\/p>\n<p>Czy masz jakie\u015b pytania? Skontaktuj si\u0119 z nami\u00a0<a href=\"https:\/\/hookahshop.lt\/pl\/lacznosc\/\">strona z kontaktami<\/a>\u00a0lub napisz do nas na adres\u00a0<a href=\"https:\/\/facebook.com\/HookahShop.lt\/\" target=\"_blank\" rel=\"noopener\">konto na Facebooku<\/a>\u00a0a my odpowiemy na Twoj\u0105 pro\u015bb\u0119 tego samego dnia.<\/p>","protected":false},"excerpt":{"rendered":"<p>Fili\u017canka do fajki wodnej ALPHA Turk Musztardowa Nowe, r\u0119cznie robione kubki o uniwersalnej fakturze artystycznej od znanego producenta fajek wodnych i akcesori\u00f3w do fajek wodnych ALPHA HOOKAH. Kubek pokryty jest nie wch\u0142aniaj\u0105c\u0105 syropu szkliwem, co pozwala cieszy\u0107 si\u0119 wyrazistym smakiem tytoniu. Pojemno\u015b\u0107 tytoniu: 18-25g (w zale\u017cno\u015bci od zastosowanego sposobu pakowania i rodzaju tytoniu). Specyfikacja: Wysoko\u015b\u0107: ~8cm \u015arednica: ~75mm Ilo\u015b\u0107 otwor\u00f3w: 5szt Charakterystyka: Typ: turecki Materia\u0142: [\u2026]<\/p>","protected":false},"featured_media":38899,"comment_status":"open","ping_status":"closed","template":"","meta":[],"_links":{"self":[{"href":"https:\/\/hookahshop.lt\/pl\/wp-json\/wp\/v2\/product\/38895"}],"collection":[{"href":"https:\/\/hookahshop.lt\/pl\/wp-json\/wp\/v2\/product"}],"about":[{"href":"https:\/\/hookahshop.lt\/pl\/wp-json\/wp\/v2\/types\/product"}],"replies":[{"embeddable":true,"href":"https:\/\/hookahshop.lt\/pl\/wp-json\/wp\/v2\/comments?post=38895"}],"version-history":[{"count":3,"href":"https:\/\/hookahshop.lt\/pl\/wp-json\/wp\/v2\/product\/38895\/revisions"}],"predecessor-version":[{"id":38930,"href":"https:\/\/hookahshop.lt\/pl\/wp-json\/wp\/v2\/product\/38895\/revisions\/38930"}],"wp:featuredmedia":[{"embeddable":true,"href":"https:\/\/hookahshop.lt\/pl\/wp-json\/wp\/v2\/media\/38899"}],"wp:attachment":[{"href":"https:\/\/hookahshop.lt\/pl\/wp-json\/wp\/v2\/media?parent=38895"}],"curies":[{"name":"wp","href":"https:\/\/api.w.org\/{rel}","templated":true}]}}