{"id":38900,"date":"2024-04-06T00:01:42","date_gmt":"2024-04-05T21:01:42","guid":{"rendered":"https:\/\/hookahshop.lt\/?post_type=product&#038;p=38900"},"modified":"2026-04-26T23:30:12","modified_gmt":"2026-04-26T20:30:12","slug":"taurele-kaljanui-alpha-race-phunnel-white-matte","status":"publish","type":"product","link":"https:\/\/hookahshop.lt\/pl\/produkt\/lejek-fajka-alfa-race-bialy-matowy\/","title":{"rendered":"KUBEK DO FAJKI WODNEJ ALPHA Race Phunnel White Matte"},"content":{"rendered":"<h2>KUBEK DO FAJKI WODNEJ ALPHA Race Phunnel White Matte<\/h2>\n<p>ALPHA HOKAH, znany producent fajek wodnych i akcesori\u00f3w do fajek wodnych, nowe r\u0119cznie robione kubki z silikonow\u0105 wk\u0142adk\u0105 firmow\u0105.<br \/>\nPojemno\u015b\u0107 tytoniu: 15-20g. (w zale\u017cno\u015bci od zastosowanego sposobu pakowania i rodzaju tytoniu).<\/p>\n<p><strong>Specyfikacja:<\/strong><br \/>\nWysoko\u015b\u0107: 10 cm<br \/>\n\u015arednica: ~75mm<br \/>\nIlo\u015b\u0107 otwor\u00f3w: 1 szt<\/p>\n<p><strong>Charakterystyka:<\/strong><br \/>\nGatunek: thunnel<br \/>\nMateria\u0142: ceramika niemiecka, szkliwo, silikon<\/p>\n<p>Czy masz jakie\u015b pytania? Skontaktuj si\u0119 z nami\u00a0<a href=\"https:\/\/hookahshop.lt\/pl\/lacznosc\/\">strona z kontaktami<\/a>\u00a0lub napisz do nas na adres\u00a0<a href=\"https:\/\/facebook.com\/HookahShop.lt\/\" target=\"_blank\" rel=\"noopener\">konto na Facebooku<\/a>\u00a0a my odpowiemy na Twoj\u0105 pro\u015bb\u0119 tego samego dnia.<\/p>\n<p>&nbsp;<\/p>","protected":false},"excerpt":{"rendered":"<p>Kubek do fajki wodnej ALPHA Race Phunnel Bia\u0142y Matowy Nowe, r\u0119cznie robione kubki z silikonow\u0105 markow\u0105 wk\u0142adk\u0105 od znanego producenta fajek wodnych i akcesori\u00f3w do fajek wodnych ALPHA HOKAH. Pojemno\u015b\u0107 tytoniu: 15-20g. (w zale\u017cno\u015bci od zastosowanego sposobu pakowania i rodzaju tytoniu). Specyfikacja: Wysoko\u015b\u0107: 10cm \u015arednica: ~75mm Ilo\u015b\u0107 otwor\u00f3w: 1szt Charakterystyka: Typ: phunnel Materia\u0142: niemiecka ceramika, szkliwo, silikon Masz pytania? Skontaktuj si\u0119 z nami poprzez nasz kontakt [\u2026]<\/p>","protected":false},"featured_media":38901,"comment_status":"open","ping_status":"closed","template":"","meta":[],"_links":{"self":[{"href":"https:\/\/hookahshop.lt\/pl\/wp-json\/wp\/v2\/product\/38900"}],"collection":[{"href":"https:\/\/hookahshop.lt\/pl\/wp-json\/wp\/v2\/product"}],"about":[{"href":"https:\/\/hookahshop.lt\/pl\/wp-json\/wp\/v2\/types\/product"}],"replies":[{"embeddable":true,"href":"https:\/\/hookahshop.lt\/pl\/wp-json\/wp\/v2\/comments?post=38900"}],"version-history":[{"count":2,"href":"https:\/\/hookahshop.lt\/pl\/wp-json\/wp\/v2\/product\/38900\/revisions"}],"predecessor-version":[{"id":38929,"href":"https:\/\/hookahshop.lt\/pl\/wp-json\/wp\/v2\/product\/38900\/revisions\/38929"}],"wp:featuredmedia":[{"embeddable":true,"href":"https:\/\/hookahshop.lt\/pl\/wp-json\/wp\/v2\/media\/38901"}],"wp:attachment":[{"href":"https:\/\/hookahshop.lt\/pl\/wp-json\/wp\/v2\/media?parent=38900"}],"curies":[{"name":"wp","href":"https:\/\/api.w.org\/{rel}","templated":true}]}}