{"id":38904,"date":"2024-04-06T00:09:42","date_gmt":"2024-04-05T21:09:42","guid":{"rendered":"https:\/\/hookahshop.lt\/?post_type=product&#038;p=38904"},"modified":"2026-05-14T23:29:58","modified_gmt":"2026-05-14T20:29:58","slug":"sirupo-gaudykle-alpha-hookah-xr-beat-gold","status":"publish","type":"product","link":"https:\/\/hookahshop.lt\/pl\/produkt\/syrop-trap-alfa-szisza-xr-beat-gold\/","title":{"rendered":"Pu\u0142apka na syrop ALPHA HOOKAH XR Beat Gold"},"content":{"rendered":"<h2>Pu\u0142apka na syrop ALPHA HOOKAH XR Beat Gold<\/h2>\n<p>Jest to niezb\u0119dne akcesorium tylko dla modeli ALPHA HOOKAH w fajkach wodnych z serii Beat. Zapobiegaj przedostawaniu si\u0119 li\u015bci tytoniu i syropu do kolby i do\u0142ka fajki wodnej. Zabezpiecza przed \u017c\u00f3\u0142kni\u0119ciem w kolbie, co jest szczeg\u00f3lnie wa\u017cne przy serwowaniu fajki wodnej na stole. Teraz przy zmianie kubka nie trzeba ka\u017cdorazowo my\u0107 fajki wodnej, aby usun\u0105\u0107 syrop i li\u015bcie tytoniu z dna.<\/p>\n<p><strong>Charakterystyka:<\/strong><br \/>\nWysoko\u015b\u0107: 55mm<br \/>\n\u015arednica (zewn\u0119trzna): 38 mm<br \/>\n\u015arednica (wewn\u0119trzna): 16mm<br \/>\nWaga: oko\u0142o 132g<\/p>\n<p>Czy masz jakie\u015b pytania? Skontaktuj si\u0119 z nami\u00a0<a href=\"https:\/\/hookahshop.lt\/pl\/lacznosc\/\">strona z kontaktami<\/a>\u00a0lub napisz do nas na adres\u00a0<a href=\"https:\/\/facebook.com\/HookahShop.lt\/\" target=\"_blank\" rel=\"noopener noreferrer\">konto na Facebooku<\/a>\u00a0a my odpowiemy na Twoj\u0105 pro\u015bb\u0119 tego samego dnia.<\/p>","protected":false},"excerpt":{"rendered":"<p>Pu\u0142apka na syrop ALPHA HOOKAH XR Beat Gold Jest to niezb\u0119dny dodatek, pasuj\u0105cy wy\u0142\u0105cznie do modeli ALPHA HOOKAH do fajek wodnych z serii Beat. Zapobiega przedostawaniu si\u0119 li\u015bci tytoniu i syropu do kolby i trzonka fajki wodnej. Zapobiega \u017c\u00f3\u0142kni\u0119ciu kolby, co jest szczeg\u00f3lnie wa\u017cne podczas serwowania fajki wodnej w fajce wodnej na stole. Teraz przy zmianie fili\u017canki nie ma potrzeby ka\u017cdorazowego mycia fajki wodnej, aby usun\u0105\u0107 syrop i [...]<\/p>","protected":false},"featured_media":38905,"comment_status":"open","ping_status":"closed","template":"","meta":[],"_links":{"self":[{"href":"https:\/\/hookahshop.lt\/pl\/wp-json\/wp\/v2\/product\/38904"}],"collection":[{"href":"https:\/\/hookahshop.lt\/pl\/wp-json\/wp\/v2\/product"}],"about":[{"href":"https:\/\/hookahshop.lt\/pl\/wp-json\/wp\/v2\/types\/product"}],"replies":[{"embeddable":true,"href":"https:\/\/hookahshop.lt\/pl\/wp-json\/wp\/v2\/comments?post=38904"}],"version-history":[{"count":4,"href":"https:\/\/hookahshop.lt\/pl\/wp-json\/wp\/v2\/product\/38904\/revisions"}],"predecessor-version":[{"id":43118,"href":"https:\/\/hookahshop.lt\/pl\/wp-json\/wp\/v2\/product\/38904\/revisions\/43118"}],"wp:featuredmedia":[{"embeddable":true,"href":"https:\/\/hookahshop.lt\/pl\/wp-json\/wp\/v2\/media\/38905"}],"wp:attachment":[{"href":"https:\/\/hookahshop.lt\/pl\/wp-json\/wp\/v2\/media?parent=38904"}],"curies":[{"name":"wp","href":"https:\/\/api.w.org\/{rel}","templated":true}]}}