{"id":39060,"date":"2024-04-13T14:59:08","date_gmt":"2024-04-13T11:59:08","guid":{"rendered":"https:\/\/hookahshop.lt\/?post_type=product&#038;p=39060"},"modified":"2026-04-15T23:29:35","modified_gmt":"2026-04-15T20:29:35","slug":"kilimelis-taureliu-dziovinimui-darkside","status":"publish","type":"product","link":"https:\/\/hookahshop.lt\/pl\/produkt\/kubek-mata-do-suszenia-ciemna-strona\/","title":{"rendered":"Mata do suszenia kubk\u00f3w DARKSIDE"},"content":{"rendered":"<h2>Mata do suszenia kubk\u00f3w DARKSIDE<\/h2>\n<p>\u015awietny dodatek do ka\u017cdego miejsca pracy rzemie\u015blnika fajki wodnej. Mata ma za zadanie u\u0142atwi\u0107 prac\u0119 rzemie\u015blnikom zar\u00f3wno w instytucjach, jak i w domu. Dzi\u0119ki tej macie mo\u017cesz jednocze\u015bnie wysuszy\u0107 do 18 szklanek fajki wodnej. To nie tylko mata, ale prawdziwe dzie\u0142o sztuki do dekoracji i upi\u0119kszenia miejsca na fajk\u0119 wodn\u0105.<\/p>\n<p><strong>Zalety maty:<\/strong><\/p>\n<ul>\n<li>mata zbiera nadmiar wilgoci;<\/li>\n<li>woda nie dociera do powierzchni;<\/li>\n<li>wizualnie wygl\u0105da estetycznie;<\/li>\n<\/ul>\n<p><strong>Charakterystyka:<\/strong><br \/>\nMateria\u0142: silikon (mi\u0119kki w dotyku)<br \/>\nWymiary: 50 x 25 x 1,2 cm<br \/>\nPojemno\u015b\u0107 fili\u017canek: do 18 szt.<\/p>\n<p>Czy masz jakie\u015b pytania? Skontaktuj si\u0119 z nami\u00a0<a href=\"https:\/\/hookahshop.lt\/pl\/lacznosc\/\">strona z kontaktami<\/a>\u00a0lub napisz do nas na adres\u00a0<a href=\"https:\/\/facebook.com\/HookahShop.lt\/\" target=\"_blank\" rel=\"noopener\">konto na Facebooku<\/a>\u00a0a my odpowiemy na Twoj\u0105 pro\u015bb\u0119 tego samego dnia.<\/p>","protected":false},"excerpt":{"rendered":"<p>Mata do suszenia kubk\u00f3w DARKSIDE doskonale uzupe\u0142ni miejsce pracy ka\u017cdego rzemie\u015blnika fajki wodnej. Mata ma za zadanie u\u0142atwi\u0107 prac\u0119 rzemie\u015blnikom zar\u00f3wno w instytucjach, jak i w domu. Dzi\u0119ki tej macie mo\u017cesz jednocze\u015bnie wysuszy\u0107 do 18 szklanek fajki wodnej. To nie tylko mata, ale prawdziwe dzie\u0142o sztuki do dekoracji i upi\u0119kszenia miejsca na fajk\u0119 wodn\u0105. Zalety maty: mata zbiera wilgo\u0107 [...]<\/p>","protected":false},"featured_media":39061,"comment_status":"open","ping_status":"closed","template":"","meta":[],"_links":{"self":[{"href":"https:\/\/hookahshop.lt\/pl\/wp-json\/wp\/v2\/product\/39060"}],"collection":[{"href":"https:\/\/hookahshop.lt\/pl\/wp-json\/wp\/v2\/product"}],"about":[{"href":"https:\/\/hookahshop.lt\/pl\/wp-json\/wp\/v2\/types\/product"}],"replies":[{"embeddable":true,"href":"https:\/\/hookahshop.lt\/pl\/wp-json\/wp\/v2\/comments?post=39060"}],"version-history":[{"count":2,"href":"https:\/\/hookahshop.lt\/pl\/wp-json\/wp\/v2\/product\/39060\/revisions"}],"predecessor-version":[{"id":39065,"href":"https:\/\/hookahshop.lt\/pl\/wp-json\/wp\/v2\/product\/39060\/revisions\/39065"}],"wp:featuredmedia":[{"embeddable":true,"href":"https:\/\/hookahshop.lt\/pl\/wp-json\/wp\/v2\/media\/39061"}],"wp:attachment":[{"href":"https:\/\/hookahshop.lt\/pl\/wp-json\/wp\/v2\/media?parent=39060"}],"curies":[{"name":"wp","href":"https:\/\/api.w.org\/{rel}","templated":true}]}}