{"id":39067,"date":"2024-04-13T15:43:36","date_gmt":"2024-04-13T12:43:36","guid":{"rendered":"https:\/\/hookahshop.lt\/?post_type=product&#038;p=39067"},"modified":"2026-04-15T23:29:35","modified_gmt":"2026-04-15T20:29:35","slug":"individualus-kaljano-kandiklis-darkside-d-stick","status":"publish","type":"product","link":"https:\/\/hookahshop.lt\/pl\/produkt\/niestandardowe-szisza-bite-darkside\/","title":{"rendered":"Indywidualny ustnik do fajki wodnej DARKSIDE D Stick"},"content":{"rendered":"<h2>Indywidualny ustnik do fajki wodnej DARKSIDE D Stick<\/h2>\n<p>Dzi\u0119ki silikonowej wk\u0142adce pasuje do ka\u017cdego ustnika do fajki wodnej, posiada pokrywk\u0119. Osobisty ustnik z etui magnetycznym i smycz\u0105 - ustnik mo\u017cesz zawsze nosi\u0107 przy sobie. Wykonana z trwa\u0142ych i przyjemnych w dotyku materia\u0142\u00f3w, silikonowa uszczelka pasuje do ka\u017cdego innego ustnika.<\/p>\n<p><strong>Specyfikacje:<\/strong><br \/>\nD\u0142ugo\u015b\u0107: 62 mm<br \/>\n\u015arednica: 26 mm<br \/>\nMateria\u0142: poliacetal, silikon.<br \/>\nCzarny kolor<\/p>\n<p><strong>Ekwipunek:<\/strong><br \/>\nIndywidualny ustnik ze sznurkiem<br \/>\nMarkowe pude\u0142ko Darkside<\/p>\n<p>Czy masz jakie\u015b pytania? Skontaktuj si\u0119 z nami\u00a0<a href=\"https:\/\/hookahshop.lt\/pl\/lacznosc\/\">strona z kontaktami<\/a>\u00a0lub napisz do nas na adres\u00a0<a href=\"https:\/\/facebook.com\/HookahShop.lt\/\" target=\"_blank\" rel=\"noopener\">konto na Facebooku<\/a>\u00a0a my odpowiemy na Twoj\u0105 pro\u015bb\u0119 tego samego dnia.<\/p>\n<p>&nbsp;<\/p>","protected":false},"excerpt":{"rendered":"<p>Indywidualny ustnik do fajki wodnej DARKSIDE D Stick Dzi\u0119ki silikonowej wk\u0142adce pasuje do ka\u017cdego ustnika do fajki wodnej, posiada os\u0142on\u0119. Osobisty ustnik z etui magnetycznym i smycz\u0105 - ustnik mo\u017cesz zawsze nosi\u0107 przy sobie. Wykonana z trwa\u0142ych i przyjemnych w dotyku materia\u0142\u00f3w, silikonowa uszczelka pasuje do ka\u017cdego innego ustnika. Dane techniczne: D\u0142ugo\u015b\u0107: 62 mm \u015arednica: 26 mm Materia\u0142: [\u2026]<\/p>","protected":false},"featured_media":39068,"comment_status":"open","ping_status":"closed","template":"","meta":[],"_links":{"self":[{"href":"https:\/\/hookahshop.lt\/pl\/wp-json\/wp\/v2\/product\/39067"}],"collection":[{"href":"https:\/\/hookahshop.lt\/pl\/wp-json\/wp\/v2\/product"}],"about":[{"href":"https:\/\/hookahshop.lt\/pl\/wp-json\/wp\/v2\/types\/product"}],"replies":[{"embeddable":true,"href":"https:\/\/hookahshop.lt\/pl\/wp-json\/wp\/v2\/comments?post=39067"}],"version-history":[{"count":5,"href":"https:\/\/hookahshop.lt\/pl\/wp-json\/wp\/v2\/product\/39067\/revisions"}],"predecessor-version":[{"id":40073,"href":"https:\/\/hookahshop.lt\/pl\/wp-json\/wp\/v2\/product\/39067\/revisions\/40073"}],"wp:featuredmedia":[{"embeddable":true,"href":"https:\/\/hookahshop.lt\/pl\/wp-json\/wp\/v2\/media\/39068"}],"wp:attachment":[{"href":"https:\/\/hookahshop.lt\/pl\/wp-json\/wp\/v2\/media?parent=39067"}],"curies":[{"name":"wp","href":"https:\/\/api.w.org\/{rel}","templated":true}]}}