{"id":39073,"date":"2024-04-13T16:35:15","date_gmt":"2024-04-13T13:35:15","guid":{"rendered":"https:\/\/hookahshop.lt\/?post_type=product&#038;p=39073"},"modified":"2026-04-17T16:33:45","modified_gmt":"2026-04-17T13:33:45","slug":"kaljanas-darkside-orion-stealth-grey","status":"publish","type":"product","link":"https:\/\/hookahshop.lt\/pl\/produkt\/szisza-darkside-orion-stealth-szary\/","title":{"rendered":"Fajka wodna DARKSIDE Orion Stealth Grey"},"content":{"rendered":"<h2>Fajka wodna DARKSIDE Orion Stealth Grey<\/h2>\n<p>Model ten przeznaczony jest dla mi\u0142o\u015bnik\u00f3w klasycznej fajki wodnej, jednak charakteryzuje si\u0119 nowoczesnym designem i niewielk\u0105 wag\u0105, dzi\u0119ki czemu sprawdzi si\u0119 w transporcie.<br \/>\nW przeciwie\u0144stwie do wielu nowoczesnych fajek wodnych, model Orion posiada sztywny trzonek, co czyni go bardziej niezawodnym i trwa\u0142ym w por\u00f3wnaniu do innych fajek wodnych (bez gwint\u00f3w). Ponadto model ten nie posiada dyfuzora, co sprawia, \u017ce fajka wodna nabiera klasycznie (z wi\u0119kszym oporem jest trudniejsza).<br \/>\nOsobno warto zwr\u00f3ci\u0107 uwag\u0119 na po\u0142\u0105czenie magnetyczne mocuj\u0105ce w\u0105\u017c do podstawy fajki wodnej. Bezpiecznie mocuje w\u0105\u017c i zapobiega jego wypadni\u0119ciu w najbardziej nieodpowiednim momencie.<br \/>\nOrion posiada wygodn\u0105, szerok\u0105 p\u0142yt\u0119 z bokami, kt\u00f3ra bezpiecznie utrzymuje popi\u00f3\u0142. P\u0142ytka jest bezgwintowa i wysuwana od g\u00f3ry.<\/p>\n<p><strong>Charakterystyka:<\/strong><br \/>\nWysoko\u015b\u0107 fajki wodnej: 52 cm<br \/>\n\u015arednica wa\u0142u: 1,1 cm<br \/>\nMateria\u0142: stal nierdzewna i poliacetal<br \/>\nPrzy\u0142\u0105cze w\u0119\u017ca: magnetyczne<br \/>\nHookah Pull: Classic Heavy (bez dyfuzora)<\/p>\n<p><strong>Ekwipunek:<\/strong><br \/>\nWa\u0142<br \/>\nUstnik<br \/>\nW\u0105\u017c silikonowy czarny \u201eSoft Touch\u201d<br \/>\nZestaw uszczelek<\/p>\n<p><img decoding=\"async\" loading=\"lazy\" class=\"alignnone size-medium wp-image-38521\" src=\"https:\/\/hookahshop.lt\/wp-content\/uploads\/2020\/09\/stiebas-zarna-kandiklis-1-300x273.jpg\" alt=\"- hookahshop.lt\" width=\"300\" height=\"273\" srcset=\"https:\/\/hookahshop.lt\/wp-content\/uploads\/2020\/09\/stiebas-zarna-kandiklis-1-300x273.jpg 300w, https:\/\/hookahshop.lt\/wp-content\/uploads\/2020\/09\/stiebas-zarna-kandiklis-1-13x12.jpg 13w, https:\/\/hookahshop.lt\/wp-content\/uploads\/2020\/09\/stiebas-zarna-kandiklis-1-64x58.jpg 64w, https:\/\/hookahshop.lt\/wp-content\/uploads\/2020\/09\/stiebas-zarna-kandiklis-1.jpg 420w\" sizes=\"(max-width: 300px) 100vw, 300px\" title=\"\"><br \/>\nCzy masz jakie\u015b pytania? Skontaktuj si\u0119 z nami\u00a0<a href=\"https:\/\/hookahshop.lt\/pl\/lacznosc\/\">strona z kontaktami<\/a>\u00a0lub napisz do nas na adres\u00a0<a href=\"https:\/\/facebook.com\/HookahShop.lt\/\" target=\"_blank\" rel=\"noopener\">konto na Facebooku<\/a>\u00a0a my odpowiemy na Twoj\u0105 pro\u015bb\u0119 tego samego dnia.<\/p>\n<p>&nbsp;<\/p>","protected":false},"excerpt":{"rendered":"<p>Fajka wodna DARKSIDE Orion Stealth Grey Model ten przeznaczony jest dla mi\u0142o\u015bnik\u00f3w klasyki fajki wodnej, jednak charakteryzuje si\u0119 nowoczesnym designem i niewielk\u0105 wag\u0105, dzi\u0119ki czemu nadaje si\u0119 do transportu. W przeciwie\u0144stwie do wielu nowoczesnych fajek wodnych, model Orion posiada sztywny trzonek, co czyni go bardziej niezawodnym i trwa\u0142ym w por\u00f3wnaniu do innych fajek wodnych (bez gwint\u00f3w). Ponadto model ten nie posiada dyfuzora, dzi\u0119ki czemu uci\u0105g podczas u\u017cywania fajki wodnej jest klasyczny (ci\u0119\u017cszy przy [\u2026]<\/p>","protected":false},"featured_media":39074,"comment_status":"open","ping_status":"closed","template":"","meta":[],"_links":{"self":[{"href":"https:\/\/hookahshop.lt\/pl\/wp-json\/wp\/v2\/product\/39073"}],"collection":[{"href":"https:\/\/hookahshop.lt\/pl\/wp-json\/wp\/v2\/product"}],"about":[{"href":"https:\/\/hookahshop.lt\/pl\/wp-json\/wp\/v2\/types\/product"}],"replies":[{"embeddable":true,"href":"https:\/\/hookahshop.lt\/pl\/wp-json\/wp\/v2\/comments?post=39073"}],"version-history":[{"count":5,"href":"https:\/\/hookahshop.lt\/pl\/wp-json\/wp\/v2\/product\/39073\/revisions"}],"predecessor-version":[{"id":39116,"href":"https:\/\/hookahshop.lt\/pl\/wp-json\/wp\/v2\/product\/39073\/revisions\/39116"}],"wp:featuredmedia":[{"embeddable":true,"href":"https:\/\/hookahshop.lt\/pl\/wp-json\/wp\/v2\/media\/39074"}],"wp:attachment":[{"href":"https:\/\/hookahshop.lt\/pl\/wp-json\/wp\/v2\/media?parent=39073"}],"curies":[{"name":"wp","href":"https:\/\/api.w.org\/{rel}","templated":true}]}}