{"id":39086,"date":"2024-04-13T17:16:38","date_gmt":"2024-04-13T14:16:38","guid":{"rendered":"https:\/\/hookahshop.lt\/?post_type=product&#038;p=39086"},"modified":"2026-04-15T23:29:35","modified_gmt":"2026-04-15T20:29:35","slug":"karscio-kamera-blade-hookah-dark-grey","status":"publish","type":"product","link":"https:\/\/hookahshop.lt\/pl\/produkt\/ostrze-kamery-termicznej-szisza-ciemnoszara\/","title":{"rendered":"Kamera termowizyjna BLADE HOOKAH Ciemnoszara"},"content":{"rendered":"<h2>Kamera termowizyjna BLADE HOOKAH Ciemnoszara<\/h2>\n<p>Wykonane w 98% ze stopu aluminium, zakrzywione \u015bcianki zapewniaj\u0105 r\u00f3wnomiern\u0105 dystrybucj\u0119 ciep\u0142a. Posiada r\u00f3wnie\u017c pow\u0142ok\u0119 odporn\u0105 na ciep\u0142o i nie zmienia koloru ani tekstury.<\/p>\n<p><strong>Charakterystyka:<\/strong><br \/>\nMateria\u0142: aluminium;<br \/>\nKolor: ciemnoszary<\/p>\n<p>Czy masz jakie\u015b pytania? Skontaktuj si\u0119 z nami\u00a0<a href=\"https:\/\/hookahshop.lt\/pl\/lacznosc\/\">strona z kontaktami<\/a>\u00a0lub napisz do nas na adres\u00a0<a href=\"https:\/\/facebook.com\/HookahShop.lt\/\" target=\"_blank\" rel=\"noopener\">konto na Facebooku<\/a>\u00a0a my odpowiemy na Twoj\u0105 pro\u015bb\u0119 tego samego dnia.<\/p>","protected":false},"excerpt":{"rendered":"<p>Komora grzewcza OSTRZA HOOKAH Ciemnoszara Wykonana ze stopu aluminium 98%, nachylone \u015bcianki zapewniaj\u0105 r\u00f3wnomiern\u0105 dystrybucj\u0119 ciep\u0142a. Posiada r\u00f3wnie\u017c pow\u0142ok\u0119 odporn\u0105 na ciep\u0142o i nie zmienia koloru ani tekstury. Charakterystyka: Materia\u0142: aluminium Kolor: ciemnoszary Masz pytania? Skontaktuj si\u0119 z nami na stronie kontaktowej lub napisz do nas na naszym koncie na Facebooku, a my odpowiemy na Twoj\u0105 pro\u015bb\u0119 jeszcze tego samego dnia.<\/p>","protected":false},"featured_media":39090,"comment_status":"open","ping_status":"closed","template":"","meta":[],"_links":{"self":[{"href":"https:\/\/hookahshop.lt\/pl\/wp-json\/wp\/v2\/product\/39086"}],"collection":[{"href":"https:\/\/hookahshop.lt\/pl\/wp-json\/wp\/v2\/product"}],"about":[{"href":"https:\/\/hookahshop.lt\/pl\/wp-json\/wp\/v2\/types\/product"}],"replies":[{"embeddable":true,"href":"https:\/\/hookahshop.lt\/pl\/wp-json\/wp\/v2\/comments?post=39086"}],"version-history":[{"count":4,"href":"https:\/\/hookahshop.lt\/pl\/wp-json\/wp\/v2\/product\/39086\/revisions"}],"predecessor-version":[{"id":45637,"href":"https:\/\/hookahshop.lt\/pl\/wp-json\/wp\/v2\/product\/39086\/revisions\/45637"}],"wp:featuredmedia":[{"embeddable":true,"href":"https:\/\/hookahshop.lt\/pl\/wp-json\/wp\/v2\/media\/39090"}],"wp:attachment":[{"href":"https:\/\/hookahshop.lt\/pl\/wp-json\/wp\/v2\/media?parent=39086"}],"curies":[{"name":"wp","href":"https:\/\/api.w.org\/{rel}","templated":true}]}}