{"id":39191,"date":"2024-04-14T19:44:19","date_gmt":"2024-04-14T16:44:19","guid":{"rendered":"https:\/\/hookahshop.lt\/?post_type=product&#038;p=39191"},"modified":"2026-04-15T23:29:37","modified_gmt":"2026-04-15T20:29:37","slug":"sirupas-kavai-monin-surios-karameles-700ml","status":"publish","type":"product","link":"https:\/\/hookahshop.lt\/pl\/produkt\/syrop-monin-slony-karmelki-700ml\/","title":{"rendered":"Syrop do kawy MONIN S\u0142ony Karmel 700ml"},"content":{"rendered":"<h2>Syrop do kawy MONIN S\u0142ony Karmel 700ml<\/h2>\n<p>Solony karmel to tradycyjny wyr\u00f3b cukierniczy wywodz\u0105cy si\u0119 z Bretanii we Francji. Delikatna r\u00f3wnowaga pomi\u0119dzy s\u0142odk\u0105 g\u0142adko\u015bci\u0105 i nut\u0105 soli sprawia, \u017ce jest to jedno z ulubionych po\u0142\u0105cze\u0144 Francji. Unikalne po\u0142\u0105czenie s\u0142onego i s\u0142odkiego zamieni ka\u017cdy gor\u0105cy lub zimny nap\u00f3j w nieoczekiwane odkrycie!<\/p>\n<p><strong>Cechy:<\/strong><\/p>\n<p>Sok owocowy 13% w tym sok jagodowy 5%, sok \u017curawinowy 3%, sok z czarnego bzu 1% i sok malinowy 1%<br \/>\nWysokie st\u0119\u017cenie: 1+8<br \/>\nCzysty cukier buraczany z Francji<br \/>\nBez konserwant\u00f3w<br \/>\nTermin wa\u017cno\u015bci: 3 miesi\u0105ce od otwarcia, 36 miesi\u0119cy od produkcji<br \/>\nJeden produkt do wielu zastosowa\u0144: Espresso Martini, Toddy, Latte, Gor\u0105ca Czekolada, Herbata Mleczna<\/p>\n<p><strong>Sk\u0142adniki:<\/strong><\/p>\n<p>Cukier, woda, naturalny aromat, s\u00f3l, karmel (barwnik).<\/p>\n<p>Czy masz jakie\u015b pytania? Skontaktuj si\u0119 z nami\u00a0<a href=\"https:\/\/hookahshop.lt\/pl\/lacznosc\/\">strona z kontaktami<\/a>\u00a0lub napisz do nas na adres\u00a0<a href=\"https:\/\/facebook.com\/HookahShop.lt\/\" target=\"_blank\" rel=\"noopener\">konto na Facebooku<\/a>\u00a0a my odpowiemy na Twoj\u0105 pro\u015bb\u0119 tego samego dnia.<\/p>","protected":false},"excerpt":{"rendered":"<p>Syrop do kawy MONIN Salted Caramel 700ml Solony karmel to tradycyjny wyr\u00f3b cukierniczy wywodz\u0105cy si\u0119 z Bretanii we Francji. Delikatna r\u00f3wnowaga pomi\u0119dzy s\u0142odk\u0105 g\u0142adko\u015bci\u0105 i nut\u0105 soli sprawia, \u017ce jest to jedno z ulubionych po\u0142\u0105cze\u0144 Francji. Unikalne po\u0142\u0105czenie s\u0142onego i s\u0142odkiego zamieni ka\u017cdy gor\u0105cy lub zimny nap\u00f3j w nieoczekiwane odkrycie! Cechy: Sok owocowy 13%, w tym sok jagodowy 5%, sok \u017curawinowy 3% [\u2026]<\/p>","protected":false},"featured_media":39192,"comment_status":"open","ping_status":"closed","template":"","meta":[],"_links":{"self":[{"href":"https:\/\/hookahshop.lt\/pl\/wp-json\/wp\/v2\/product\/39191"}],"collection":[{"href":"https:\/\/hookahshop.lt\/pl\/wp-json\/wp\/v2\/product"}],"about":[{"href":"https:\/\/hookahshop.lt\/pl\/wp-json\/wp\/v2\/types\/product"}],"replies":[{"embeddable":true,"href":"https:\/\/hookahshop.lt\/pl\/wp-json\/wp\/v2\/comments?post=39191"}],"version-history":[{"count":5,"href":"https:\/\/hookahshop.lt\/pl\/wp-json\/wp\/v2\/product\/39191\/revisions"}],"predecessor-version":[{"id":40469,"href":"https:\/\/hookahshop.lt\/pl\/wp-json\/wp\/v2\/product\/39191\/revisions\/40469"}],"wp:featuredmedia":[{"embeddable":true,"href":"https:\/\/hookahshop.lt\/pl\/wp-json\/wp\/v2\/media\/39192"}],"wp:attachment":[{"href":"https:\/\/hookahshop.lt\/pl\/wp-json\/wp\/v2\/media?parent=39191"}],"curies":[{"name":"wp","href":"https:\/\/api.w.org\/{rel}","templated":true}]}}