{"id":39276,"date":"2024-04-30T14:08:08","date_gmt":"2024-04-30T11:08:08","guid":{"rendered":"https:\/\/hookahshop.lt\/?post_type=product&#038;p=39276"},"modified":"2025-11-06T20:59:42","modified_gmt":"2025-11-06T18:59:42","slug":"kavos-aparatas-nivona-nicr-790","status":"publish","type":"product","link":"https:\/\/hookahshop.lt\/pl\/produkt\/ekspres-do-kawy-nivona-nicr-790\/","title":{"rendered":"Ekspres do kawy NIVONA NICR 790"},"content":{"rendered":"<h2>Ekspres do kawy NIVONA NICR 790<\/h2>\n<p><strong>Cappuccino jest tak pyszne, \u017ce nie spos\u00f3b si\u0119 mu oprze\u0107<\/strong><br \/>\nNajwy\u017csza jako\u015b\u0107 za naci\u015bni\u0119ciem jednego przycisku. Obiecujemy. Bo seria Nivona 7 zapewni Ci ten smak jeszcze wygodniej \u2013 nawet podczas parzenia fili\u017canki cappuccino czy latte macchiato.<\/p>\n<p><strong>W fili\u017cance jest muzyka.<\/strong><br \/>\nOd serii 7 pojawia si\u0119 r\u00f3wnie\u017c mo\u017cliwo\u015b\u0107 programowania. Tw\u00f3rz w\u0142asne przepisy NIVONA, po prostu przygotowuj\u0105c kaw\u0119 zgodnie ze swoimi potrzebami. Automat zapisze Tw\u00f3j unikalny przepis na ulubion\u0105 kaw\u0119.<\/p>\n<p><strong>Dane techniczne:<\/strong><br \/>\nProducent: NIVONA<br \/>\nCzarny kolor<br \/>\nRodzaj kawy: Kawa ziarnista, kawa mielona<br \/>\nEkran kontrolny: Kolorowy TFT, dost\u0119pny w j\u0119zyku litewskim<br \/>\nPrzepisy: Espresso, Cafe Creme, Cafe Lungo, Cafe Americano,<br \/>\ncappuccino, gor\u0105ce mleko, gor\u0105ca woda, 5 os. przepisy<br \/>\nKawa z mlekiem: Dost\u0119pna<br \/>\nTyp systemu mleka: Automatyczny system mleka z w\u0119\u017cem<br \/>\n2 porcje jednocze\u015bnie: Espresso, Cafe Creme, Cafe Lungo, Cafe Americano<br \/>\nPojemno\u015b\u0107 wodna: 2,2 l<br \/>\nPojemno\u015b\u0107 ziaren kawy: 250 g<br \/>\nWymiary (d\u0142. x wys. x szer.): 24 x 34 x 46 cm<\/p>\n<p>&nbsp;<\/p>\n<p>Czy masz jakie\u015b pytania? Skontaktuj si\u0119 z nami\u00a0<a href=\"https:\/\/hookahshop.lt\/pl\/lacznosc\/\">strona z kontaktami<\/a>\u00a0lub napisz do nas na adres\u00a0<a href=\"https:\/\/facebook.com\/HookahShop.lt\/\" target=\"_blank\" rel=\"noopener noreferrer\">konto na Facebooku<\/a>\u00a0a my odpowiemy na Twoj\u0105 pro\u015bb\u0119 tego samego dnia.<\/p>","protected":false},"excerpt":{"rendered":"<p>Ekspres do kawy NIVONA NICR 790 Cappuccino jest tak pyszny, \u017ce nie mo\u017cna si\u0119 mu oprze\u0107. Najwy\u017csza jako\u015b\u0107 za naci\u015bni\u0119ciem jednego przycisku. Obiecujemy. Bo seria Nivona 7 zapewni Ci ten smak jeszcze wygodniej \u2013 nawet podczas parzenia fili\u017canki cappuccino czy latte macchiato. W fili\u017cance jest muzyka. Od serii 7 pojawia si\u0119 tak\u017ce mo\u017cliwo\u015b\u0107 programowania. Tw\u00f3rz w\u0142asne przepisy NIVONA, po prostu przygotowuj\u0105c kaw\u0119 wed\u0142ug w\u0142asnych [\u2026]<\/p>","protected":false},"featured_media":39277,"comment_status":"open","ping_status":"closed","template":"","meta":[],"_links":{"self":[{"href":"https:\/\/hookahshop.lt\/pl\/wp-json\/wp\/v2\/product\/39276"}],"collection":[{"href":"https:\/\/hookahshop.lt\/pl\/wp-json\/wp\/v2\/product"}],"about":[{"href":"https:\/\/hookahshop.lt\/pl\/wp-json\/wp\/v2\/types\/product"}],"replies":[{"embeddable":true,"href":"https:\/\/hookahshop.lt\/pl\/wp-json\/wp\/v2\/comments?post=39276"}],"version-history":[{"count":3,"href":"https:\/\/hookahshop.lt\/pl\/wp-json\/wp\/v2\/product\/39276\/revisions"}],"predecessor-version":[{"id":39285,"href":"https:\/\/hookahshop.lt\/pl\/wp-json\/wp\/v2\/product\/39276\/revisions\/39285"}],"wp:featuredmedia":[{"embeddable":true,"href":"https:\/\/hookahshop.lt\/pl\/wp-json\/wp\/v2\/media\/39277"}],"wp:attachment":[{"href":"https:\/\/hookahshop.lt\/pl\/wp-json\/wp\/v2\/media?parent=39276"}],"curies":[{"name":"wp","href":"https:\/\/api.w.org\/{rel}","templated":true}]}}