{"id":39303,"date":"2024-05-08T14:30:35","date_gmt":"2024-05-08T11:30:35","guid":{"rendered":"https:\/\/hookahshop.lt\/?post_type=product&#038;p=39303"},"modified":"2026-04-13T23:29:43","modified_gmt":"2026-04-13T20:29:43","slug":"apsauginis-ziedas-kaitlentei","status":"publish","type":"product","link":"https:\/\/hookahshop.lt\/pl\/produkt\/pierscien-ochronny-do-plyty-kuchennej\/","title":{"rendered":"Pier\u015bcie\u0144 ochronny do p\u0142yty kuchennej"},"content":{"rendered":"<h2>Pier\u015bcie\u0144 ochronny do p\u0142yty kuchennej<\/h2>\n<p>U\u017cywany do w\u0119gla drzewnego do fajki wodnej Esperanza. Pomo\u017ce Ci wygodnie podgrza\u0107 wi\u0119ksz\u0105 ilo\u015b\u0107 w\u0119gla do fajki wodnej. Zapewni bezpiecze\u0144stwo dzi\u0119ki istniej\u0105cym \u015bcianom.<\/p>\n<p><strong>Specyfikacja:<\/strong><br \/>\nMateria\u0142: Stal nierdzewna<br \/>\n\u015arednica: 20cm<br \/>\nWysoko\u015b\u0107: 6 cm<br \/>\nCzy masz jakie\u015b pytania? Skontaktuj si\u0119 z nami\u00a0<a href=\"https:\/\/hookahshop.lt\/pl\/lacznosc\/\">strona z kontaktami<\/a>\u00a0lub napisz do nas na adres\u00a0<a href=\"https:\/\/facebook.com\/HookahShop.lt\/\" target=\"_blank\" rel=\"noopener noreferrer\">konto na Facebooku<\/a>\u00a0a my odpowiemy na Twoj\u0105 pro\u015bb\u0119 tego samego dnia.<\/p>","protected":false},"excerpt":{"rendered":"<p>Pier\u015bcie\u0144 ochronny do p\u0142yty kuchennej Stosowany do p\u0142yty kuchennej na w\u0119giel drzewny do fajki wodnej Esperanza. Pomo\u017ce Ci wygodnie podgrza\u0107 wi\u0119ksz\u0105 ilo\u015b\u0107 w\u0119gla do fajki wodnej. Zapewni bezpiecze\u0144stwo dzi\u0119ki istniej\u0105cym \u015bcianom. Specyfikacja: Materia\u0142: stal nierdzewna \u015arednica: 20 cm Wysoko\u015b\u0107: 6 cm Masz pytania? Skontaktuj si\u0119 z nami na stronie kontaktowej lub napisz do nas na naszym koncie na Facebooku, a my odpowiemy na Twoj\u0105 pro\u015bb\u0119 jeszcze tego samego dnia.<\/p>","protected":false},"featured_media":39304,"comment_status":"open","ping_status":"closed","template":"","meta":[],"_links":{"self":[{"href":"https:\/\/hookahshop.lt\/pl\/wp-json\/wp\/v2\/product\/39303"}],"collection":[{"href":"https:\/\/hookahshop.lt\/pl\/wp-json\/wp\/v2\/product"}],"about":[{"href":"https:\/\/hookahshop.lt\/pl\/wp-json\/wp\/v2\/types\/product"}],"replies":[{"embeddable":true,"href":"https:\/\/hookahshop.lt\/pl\/wp-json\/wp\/v2\/comments?post=39303"}],"version-history":[{"count":3,"href":"https:\/\/hookahshop.lt\/pl\/wp-json\/wp\/v2\/product\/39303\/revisions"}],"predecessor-version":[{"id":39307,"href":"https:\/\/hookahshop.lt\/pl\/wp-json\/wp\/v2\/product\/39303\/revisions\/39307"}],"wp:featuredmedia":[{"embeddable":true,"href":"https:\/\/hookahshop.lt\/pl\/wp-json\/wp\/v2\/media\/39304"}],"wp:attachment":[{"href":"https:\/\/hookahshop.lt\/pl\/wp-json\/wp\/v2\/media?parent=39303"}],"curies":[{"name":"wp","href":"https:\/\/api.w.org\/{rel}","templated":true}]}}