{"id":39415,"date":"2024-06-12T21:39:27","date_gmt":"2024-06-12T18:39:27","guid":{"rendered":"https:\/\/hookahshop.lt\/?post_type=product&#038;p=39415"},"modified":"2026-05-14T23:29:59","modified_gmt":"2026-05-14T20:29:59","slug":"sirupo-gaudykle-darkside-black","status":"publish","type":"product","link":"https:\/\/hookahshop.lt\/pl\/produkt\/syrop-trap-darkside-black\/","title":{"rendered":"Pu\u0142apka na syrop DARKSIDE Black"},"content":{"rendered":"<h2>Pu\u0142apka na syrop DARKSIDE Black<\/h2>\n<p>Zapobiega przedostawaniu si\u0119 li\u015bci tytoniu i syropu do kolby i trzonu fajki wodnej. Zapobiega \u017c\u00f3\u0142kni\u0119ciu w flakonie, co jest szczeg\u00f3lnie wa\u017cne podczas serwowania fajki wodnej w fajce wodnej na stole. Teraz nie musisz my\u0107 fajki wodnej za ka\u017cdym razem, gdy zmieniasz fili\u017cank\u0119, aby usun\u0105\u0107 z dna syrop i li\u015bcie tytoniu.<br \/>\nDzi\u0119ki szerszemu otworowi konstrukcyjnemu dost\u0119pna przyczepno\u015b\u0107 nie jest tracona. Wykonany z aluminium, nie poch\u0142ania zapach\u00f3w i nie kurczy si\u0119 w przeciwie\u0144stwie do silikonu.<\/p>\n<p><strong>Specyfikacje:<\/strong><br \/>\nWysoko\u015b\u0107: 63,4 mm<br \/>\n\u015arednica: 42,2 mm<br \/>\n\u015arednica dolnego otworu: 17,6 mm<br \/>\nMateria\u0142: aluminium;<br \/>\nWaga: 64,4 g<\/p>\n<p>Czy masz jakie\u015b pytania? Skontaktuj si\u0119 z nami\u00a0<a href=\"https:\/\/hookahshop.lt\/pl\/lacznosc\/\">strona z kontaktami<\/a>\u00a0lub napisz do nas na adres\u00a0<a href=\"https:\/\/facebook.com\/HookahShop.lt\/\" target=\"_blank\" rel=\"noopener noreferrer\">konto na Facebooku<\/a>\u00a0a my odpowiemy na Twoj\u0105 pro\u015bb\u0119 tego samego dnia.<\/p>","protected":false},"excerpt":{"rendered":"<p>Pu\u0142apka na syrop DARKSIDE Black Zapobiega przedostawaniu si\u0119 li\u015bci tytoniu i syropu do kolby i trzonka fajki wodnej. Zapobiega \u017c\u00f3\u0142kni\u0119ciu kolby, co jest szczeg\u00f3lnie wa\u017cne podczas serwowania fajki wodnej w fajce wodnej na stole. Teraz nie musisz my\u0107 fajki wodnej przy ka\u017cdej zmianie kubka, aby usun\u0105\u0107 z dna syrop i li\u015bcie tytoniu. Dzi\u0119ki szerszemu otworowi konstrukcyjnemu dost\u0119pna przyczepno\u015b\u0107 nie jest tracona. Wykonany z aluminium, [\u2026]<\/p>","protected":false},"featured_media":39416,"comment_status":"open","ping_status":"closed","template":"","meta":[],"_links":{"self":[{"href":"https:\/\/hookahshop.lt\/pl\/wp-json\/wp\/v2\/product\/39415"}],"collection":[{"href":"https:\/\/hookahshop.lt\/pl\/wp-json\/wp\/v2\/product"}],"about":[{"href":"https:\/\/hookahshop.lt\/pl\/wp-json\/wp\/v2\/types\/product"}],"replies":[{"embeddable":true,"href":"https:\/\/hookahshop.lt\/pl\/wp-json\/wp\/v2\/comments?post=39415"}],"version-history":[{"count":2,"href":"https:\/\/hookahshop.lt\/pl\/wp-json\/wp\/v2\/product\/39415\/revisions"}],"predecessor-version":[{"id":39594,"href":"https:\/\/hookahshop.lt\/pl\/wp-json\/wp\/v2\/product\/39415\/revisions\/39594"}],"wp:featuredmedia":[{"embeddable":true,"href":"https:\/\/hookahshop.lt\/pl\/wp-json\/wp\/v2\/media\/39416"}],"wp:attachment":[{"href":"https:\/\/hookahshop.lt\/pl\/wp-json\/wp\/v2\/media?parent=39415"}],"curies":[{"name":"wp","href":"https:\/\/api.w.org\/{rel}","templated":true}]}}