{"id":39423,"date":"2024-06-12T22:24:12","date_gmt":"2024-06-12T19:24:12","guid":{"rendered":"https:\/\/hookahshop.lt\/?post_type=product&#038;p=39423"},"modified":"2026-04-14T23:29:43","modified_gmt":"2026-04-14T20:29:43","slug":"vienkartiniai-kandikliai-kaljanui-spalvoti-6cm-100vnt","status":"publish","type":"product","link":"https:\/\/hookahshop.lt\/pl\/produkt\/jednorazowe-ustniki-do-fajki-wodnej-kolorowe-6cm-100-szt\/","title":{"rendered":"Jednorazowe ustniki do fajki wodnej kolorowe 6cm 100 szt"},"content":{"rendered":"<h2>Jednorazowe ustniki do fajki wodnej kolorowe 6cm 100 szt<\/h2>\n<p>Do dodatkowego mocowania do ustnika do fajki wodnej w celu higienicznego u\u017cytkowania.<\/p>\n<p><strong>Charakterystyka:<\/strong><br \/>\nD\u0142ugo\u015b\u0107: 6 cm<br \/>\nKolor: r\u00f3\u017cne kolory<br \/>\nIlo\u015b\u0107 w opakowaniu: 100szt<\/p>\n<p>Czy masz jakie\u015b pytania? Skontaktuj si\u0119 z nami\u00a0<a href=\"https:\/\/hookahshop.lt\/pl\/lacznosc\/\">strona z kontaktami<\/a>\u00a0lub napisz do nas na adres\u00a0<a href=\"https:\/\/facebook.com\/HookahShop.lt\/\" target=\"_blank\" rel=\"noopener noreferrer\">konto na Facebooku<\/a>\u00a0a my odpowiemy na Twoj\u0105 pro\u015bb\u0119 tego samego dnia.<\/p>\n<p>&nbsp;<\/p>","protected":false},"excerpt":{"rendered":"<p>Jednorazowe ustniki do fajki wodnej kolorowe 6cm 100 szt. Przeznaczone do dodatkowego za\u0142o\u017cenia na ustnik do fajki wodnej w celach higienicznych. Charakterystyka: D\u0142ugo\u015b\u0107: 6cm Kolor: r\u00f3\u017cne kolory Ilo\u015b\u0107 w opakowaniu: 100 szt. Masz pytania? Skontaktuj si\u0119 z nami na stronie kontaktowej lub napisz do nas na naszym koncie na Facebooku, a my odpowiemy na Twoj\u0105 pro\u015bb\u0119 jeszcze tego samego dnia. &nbsp;<\/p>","protected":false},"featured_media":39424,"comment_status":"open","ping_status":"closed","template":"","meta":[],"_links":{"self":[{"href":"https:\/\/hookahshop.lt\/pl\/wp-json\/wp\/v2\/product\/39423"}],"collection":[{"href":"https:\/\/hookahshop.lt\/pl\/wp-json\/wp\/v2\/product"}],"about":[{"href":"https:\/\/hookahshop.lt\/pl\/wp-json\/wp\/v2\/types\/product"}],"replies":[{"embeddable":true,"href":"https:\/\/hookahshop.lt\/pl\/wp-json\/wp\/v2\/comments?post=39423"}],"version-history":[{"count":4,"href":"https:\/\/hookahshop.lt\/pl\/wp-json\/wp\/v2\/product\/39423\/revisions"}],"predecessor-version":[{"id":42960,"href":"https:\/\/hookahshop.lt\/pl\/wp-json\/wp\/v2\/product\/39423\/revisions\/42960"}],"wp:featuredmedia":[{"embeddable":true,"href":"https:\/\/hookahshop.lt\/pl\/wp-json\/wp\/v2\/media\/39424"}],"wp:attachment":[{"href":"https:\/\/hookahshop.lt\/pl\/wp-json\/wp\/v2\/media?parent=39423"}],"curies":[{"name":"wp","href":"https:\/\/api.w.org\/{rel}","templated":true}]}}