{"id":39432,"date":"2024-06-15T12:41:41","date_gmt":"2024-06-15T09:41:41","guid":{"rendered":"https:\/\/hookahshop.lt\/?post_type=product&#038;p=39432"},"modified":"2026-04-14T23:29:43","modified_gmt":"2026-04-14T20:29:43","slug":"kaljanas-ykap-killer-classic-grom-capucino","status":"publish","type":"product","link":"https:\/\/hookahshop.lt\/pl\/produkt\/fajka-wodna-ykap-killer-classic-grom-capucino\/","title":{"rendered":"Fajka wodna YKAP Killer Classic Grom Capucino"},"content":{"rendered":"<h2>Fajka wodna YKAP Killer Classic Grom Capucino<\/h2>\n<p>Jest to wysokiej jako\u015bci fajka wodna, kt\u00f3ra zagwarantuje przyjemn\u0105 sesj\u0119, a dzi\u0119ki dyfuzorowi zaci\u0105ganie fajki b\u0119dzie \u0142atwe.<\/p>\n<p><strong>Specyfikacja:<\/strong><br \/>\nMateria\u0142 (zewn\u0119trzny): anodowane aluminium<br \/>\nMateria\u0142 (wewn\u0119trzny): stal nierdzewna (sp\u00f3d s\u0142upa w kontakcie z wod\u0105)<br \/>\nWa\u0142 (maszt) jest w pe\u0142ni wybieralny<br \/>\nZ\u0142\u0105cze z O-ringiem<br \/>\nPionowe oddymianie<br \/>\nP\u0142yta (stal nierdzewna malowana proszkowo)<br \/>\nWysoko\u015b\u0107 trzonu (\u0142odygi) bez kolby: 47 cm<br \/>\n\u015arednica wewn\u0119trzna wa\u0142u (maszt): 13 mm<br \/>\nDyfuzor: tak<\/p>\n<p><strong>Ekwipunek:<\/strong><\/p>\n<p>Wa\u0142 (trzpie\u0144), p\u0142ytka, ustnik, silikonowy czarny w\u0105\u017c, komplet uszczelek.<\/p>\n<p><img decoding=\"async\" loading=\"lazy\" class=\"alignnone size-medium wp-image-38521\" src=\"https:\/\/hookahshop.lt\/wp-content\/uploads\/2020\/09\/stiebas-zarna-kandiklis-1-300x273.jpg\" alt=\"- hookahshop.lt\" width=\"300\" height=\"273\" srcset=\"https:\/\/hookahshop.lt\/wp-content\/uploads\/2020\/09\/stiebas-zarna-kandiklis-1-300x273.jpg 300w, https:\/\/hookahshop.lt\/wp-content\/uploads\/2020\/09\/stiebas-zarna-kandiklis-1-13x12.jpg 13w, https:\/\/hookahshop.lt\/wp-content\/uploads\/2020\/09\/stiebas-zarna-kandiklis-1-64x58.jpg 64w, https:\/\/hookahshop.lt\/wp-content\/uploads\/2020\/09\/stiebas-zarna-kandiklis-1.jpg 420w\" sizes=\"(max-width: 300px) 100vw, 300px\" title=\"\"><\/p>\n<p>Czy masz jakie\u015b pytania? Skontaktuj si\u0119 z nami\u00a0<a href=\"https:\/\/hookahshop.lt\/pl\/lacznosc\/\">strona z kontaktami<\/a>\u00a0lub napisz do nas na adres\u00a0<a href=\"https:\/\/facebook.com\/HookahShop.lt\/\" target=\"_blank\" rel=\"noopener noreferrer\">konto na Facebooku<\/a>\u00a0a my odpowiemy na Twoj\u0105 pro\u015bb\u0119 tego samego dnia.<\/p>","protected":false},"excerpt":{"rendered":"<p>Fajka wodna YKAP Killer Classic Grom Capucino Jest to wysokiej jako\u015bci fajka wodna, kt\u00f3ra zagwarantuje przyjemn\u0105 sesj\u0119, a dzi\u0119ki dyfuzorowi zaci\u0105ganie fajki b\u0119dzie \u0142atwe. Specyfikacja: Materia\u0142 (zewn\u0119trzny): aluminium anodowane Materia\u0142 (wewn\u0119trzny): stal nierdzewna (Dolna cz\u0119\u015b\u0107 trzonka stykaj\u0105ca si\u0119 z wod\u0105) Trzpie\u0144 (trzpie\u0144) w pe\u0142ni wybieralny Z\u0142\u0105cze z pier\u015bcieniem typu O-ring Pionowy wylot dymu P\u0142yta (opalana stal\u0105 nierdzewn\u0105) farb\u0105 proszkow\u0105) Wa\u0142y (trzpie\u0144) [\u2026]<\/p>","protected":false},"featured_media":39436,"comment_status":"open","ping_status":"closed","template":"","meta":[],"_links":{"self":[{"href":"https:\/\/hookahshop.lt\/pl\/wp-json\/wp\/v2\/product\/39432"}],"collection":[{"href":"https:\/\/hookahshop.lt\/pl\/wp-json\/wp\/v2\/product"}],"about":[{"href":"https:\/\/hookahshop.lt\/pl\/wp-json\/wp\/v2\/types\/product"}],"replies":[{"embeddable":true,"href":"https:\/\/hookahshop.lt\/pl\/wp-json\/wp\/v2\/comments?post=39432"}],"version-history":[{"count":7,"href":"https:\/\/hookahshop.lt\/pl\/wp-json\/wp\/v2\/product\/39432\/revisions"}],"predecessor-version":[{"id":45159,"href":"https:\/\/hookahshop.lt\/pl\/wp-json\/wp\/v2\/product\/39432\/revisions\/45159"}],"wp:featuredmedia":[{"embeddable":true,"href":"https:\/\/hookahshop.lt\/pl\/wp-json\/wp\/v2\/media\/39436"}],"wp:attachment":[{"href":"https:\/\/hookahshop.lt\/pl\/wp-json\/wp\/v2\/media?parent=39432"}],"curies":[{"name":"wp","href":"https:\/\/api.w.org\/{rel}","templated":true}]}}