{"id":39441,"date":"2024-06-16T21:56:15","date_gmt":"2024-06-16T18:56:15","guid":{"rendered":"https:\/\/hookahshop.lt\/?post_type=product&#038;p=39441"},"modified":"2026-04-17T16:33:46","modified_gmt":"2026-04-17T13:33:46","slug":"sepetys-kaljano-kolbai-violet-40cm","status":"publish","type":"product","link":"https:\/\/hookahshop.lt\/pl\/produkt\/sepetis-butelki-szisza-fioletowa-40cm\/","title":{"rendered":"P\u0119dzel do kolby na fajk\u0119 wodn\u0105 Fioletowy 40cm"},"content":{"rendered":"<h2>P\u0119dzel do kolby na fajk\u0119 wodn\u0105 Fioletowy 40cm<\/h2>\n<p>Zaleca si\u0119 stosowa\u0107 razem ze \u015brodkami czyszcz\u0105cymi. Dociera i pomaga oczy\u015bci\u0107 wszelkie zanieczyszczenia. Aby palenie by\u0142o wygodniejsze i aby fajka trwa\u0142a d\u0142u\u017cej, nale\u017cy j\u0105 dobrze umy\u0107.<br \/>\nSzczotka do kolby usuwa ma\u0142e cz\u0105steczki i osad, kt\u00f3re mog\u0105 pozosta\u0107 w kolbie, jednocze\u015bnie pozwalaj\u0105c na \u015bwiecenie \u015bwiat\u0142a.<\/p>\n<p><strong>Charakterystyka:<\/strong><br \/>\nD\u0142ugo\u015b\u0107 p\u0119dzla: 40cm<br \/>\nD\u0142ugo\u015b\u0107 w\u0142osia: 18cm<br \/>\nSzeroko\u015b\u0107 w\u0142osia: 11cm<br \/>\nD\u0142ugo\u015b\u0107 r\u0105czki: 12 cm<br \/>\nR\u0119koje\u015b\u0107: plastik<br \/>\nWaga: oko\u0142o 70g.<\/p>\n<p>Czy masz jakie\u015b pytania? Skontaktuj si\u0119 z nami\u00a0<a href=\"https:\/\/hookahshop.lt\/pl\/lacznosc\/\">strona z kontaktami<\/a>\u00a0lub napisz do nas na adres\u00a0<a href=\"https:\/\/facebook.com\/HookahShop.lt\/\" target=\"_blank\" rel=\"noopener noreferrer\">konto na Facebooku<\/a>\u00a0a my odpowiemy na Twoj\u0105 pro\u015bb\u0119 tego samego dnia.<\/p>","protected":false},"excerpt":{"rendered":"<p>P\u0119dzel do kolby na fajk\u0119 wodn\u0105 Fioletowy 40cm Zalecany do stosowania razem ze \u015brodkami czysto\u015bci. Dociera i pomaga oczy\u015bci\u0107 wszelkie zanieczyszczenia. Aby palenie by\u0142o wygodniejsze i aby fajka trwa\u0142a d\u0142u\u017cej, nale\u017cy j\u0105 dobrze umy\u0107. Szczotka do kolby usuwa ma\u0142e cz\u0105steczki i osad, kt\u00f3re mog\u0105 pozosta\u0107 w kolbie, jednocze\u015bnie pozwalaj\u0105c na \u015bwiecenie \u015bwiat\u0142a. Charakterystyka: D\u0142ugo\u015b\u0107 p\u0119dzla: 40cm D\u0142ugo\u015b\u0107 w\u0142osia: 18cm Szeroko\u015b\u0107 w\u0142osia: 11cm [\u2026]<\/p>","protected":false},"featured_media":39442,"comment_status":"open","ping_status":"closed","template":"","meta":[],"_links":{"self":[{"href":"https:\/\/hookahshop.lt\/pl\/wp-json\/wp\/v2\/product\/39441"}],"collection":[{"href":"https:\/\/hookahshop.lt\/pl\/wp-json\/wp\/v2\/product"}],"about":[{"href":"https:\/\/hookahshop.lt\/pl\/wp-json\/wp\/v2\/types\/product"}],"replies":[{"embeddable":true,"href":"https:\/\/hookahshop.lt\/pl\/wp-json\/wp\/v2\/comments?post=39441"}],"version-history":[{"count":4,"href":"https:\/\/hookahshop.lt\/pl\/wp-json\/wp\/v2\/product\/39441\/revisions"}],"predecessor-version":[{"id":45693,"href":"https:\/\/hookahshop.lt\/pl\/wp-json\/wp\/v2\/product\/39441\/revisions\/45693"}],"wp:featuredmedia":[{"embeddable":true,"href":"https:\/\/hookahshop.lt\/pl\/wp-json\/wp\/v2\/media\/39442"}],"wp:attachment":[{"href":"https:\/\/hookahshop.lt\/pl\/wp-json\/wp\/v2\/media?parent=39441"}],"curies":[{"name":"wp","href":"https:\/\/api.w.org\/{rel}","templated":true}]}}