{"id":39497,"date":"2024-06-29T15:38:43","date_gmt":"2024-06-29T12:38:43","guid":{"rendered":"https:\/\/hookahshop.lt\/?post_type=product&#038;p=39497"},"modified":"2026-04-16T10:21:40","modified_gmt":"2026-04-16T07:21:40","slug":"znyples-kaljano-anglims-alpha-hookah-x-houston","status":"publish","type":"product","link":"https:\/\/hookahshop.lt\/pl\/produkt\/znyples-szisza-wegiel-alfa-szisza-x-houston\/","title":{"rendered":"Szczypce do fajki wodnej ALPHA HOOKAH X Houston"},"content":{"rendered":"<h2>Szczypce do fajki wodnej ALPHA HOOKAH X Houston<\/h2>\n<p>Stylowe, kompaktowe rozmiary i ekskluzywne szczypce stworzone przez znanego producenta fajki wodnej Alpha Hookah. Szczypce s\u0105 r\u00f3wnie\u017c wykonane z wysokiej jako\u015bci stali nierdzewnej i pokryte farb\u0105 proszkow\u0105. Szczypce wyr\u00f3\u017cnia autorski grawer.<\/p>\n<p><strong>Charakterystyka:<\/strong><br \/>\nCzarny kolor<br \/>\nMateria\u0142: Stal nierdzewna<br \/>\nD\u0142ugo\u015b\u0107: 18 cm<\/p>\n<p>Czy masz jakie\u015b pytania? Skontaktuj si\u0119 z nami\u00a0<a href=\"https:\/\/hookahshop.lt\/pl\/lacznosc\/\">strona z kontaktami<\/a>\u00a0lub napisz do nas na adres\u00a0<a href=\"https:\/\/facebook.com\/HookahShop.lt\/\" target=\"_blank\" rel=\"noopener noreferrer\">konto na Facebooku<\/a>\u00a0a my odpowiemy na Twoj\u0105 pro\u015bb\u0119 tego samego dnia.<\/p>","protected":false},"excerpt":{"rendered":"<p>Szczypce do w\u0119gla do fajki wodnej ALPHA HOOKAH X Houston Stylowe, kompaktowe i ekskluzywne szczypce stworzone przez Alpha Hookah, znanego producenta fajek wodnych. Szczypce wykonane s\u0105 r\u00f3wnie\u017c z wysokiej jako\u015bci stali nierdzewnej i malowanej proszkowo. Szczypce wyr\u00f3\u017cniaj\u0105 si\u0119 oryginalnym grawerem. Charakterystyka: Kolor: Czarny Materia\u0142: Stal nierdzewna D\u0142ugo\u015b\u0107: 18 cm Masz pytania? Skontaktuj si\u0119 z nami na stronie kontaktowej lub napisz do nas na naszym koncie na Facebooku, a my odpowiemy [\u2026]<\/p>","protected":false},"featured_media":39498,"comment_status":"open","ping_status":"closed","template":"","meta":[],"_links":{"self":[{"href":"https:\/\/hookahshop.lt\/pl\/wp-json\/wp\/v2\/product\/39497"}],"collection":[{"href":"https:\/\/hookahshop.lt\/pl\/wp-json\/wp\/v2\/product"}],"about":[{"href":"https:\/\/hookahshop.lt\/pl\/wp-json\/wp\/v2\/types\/product"}],"replies":[{"embeddable":true,"href":"https:\/\/hookahshop.lt\/pl\/wp-json\/wp\/v2\/comments?post=39497"}],"version-history":[{"count":2,"href":"https:\/\/hookahshop.lt\/pl\/wp-json\/wp\/v2\/product\/39497\/revisions"}],"predecessor-version":[{"id":39600,"href":"https:\/\/hookahshop.lt\/pl\/wp-json\/wp\/v2\/product\/39497\/revisions\/39600"}],"wp:featuredmedia":[{"embeddable":true,"href":"https:\/\/hookahshop.lt\/pl\/wp-json\/wp\/v2\/media\/39498"}],"wp:attachment":[{"href":"https:\/\/hookahshop.lt\/pl\/wp-json\/wp\/v2\/media?parent=39497"}],"curies":[{"name":"wp","href":"https:\/\/api.w.org\/{rel}","templated":true}]}}