{"id":39506,"date":"2024-06-29T18:27:24","date_gmt":"2024-06-29T15:27:24","guid":{"rendered":"https:\/\/hookahshop.lt\/?post_type=product&#038;p=39506"},"modified":"2026-04-15T12:29:41","modified_gmt":"2026-04-15T09:29:41","slug":"kaljanas-noname-palka","status":"publish","type":"product","link":"https:\/\/hookahshop.lt\/pl\/produkt\/fajka-wodna-noname-palka\/","title":{"rendered":"FAJKA WODNA NONAME Wynagrodzenie"},"content":{"rendered":"<h2>FAJKA WODNA NONAME Wynagrodzenie<\/h2>\n<p>Dla tych, kt\u00f3rzy ceni\u0105 praktyczno\u015b\u0107 i dost\u0119pno\u015b\u0107. Uchwyt do fajki wodnej jest klasyczny (bez dyfuzora). Szeroki trzonek PALKI zapewnia lekki i wygodny chwyt, a metalowe elementy wykonane ze stali nierdzewnej gwarantuj\u0105 d\u0142ug\u0105 \u017cywotno\u015b\u0107 fajki wodnej. Ponadto fajka wodna jest ca\u0142kowicie sk\u0142adana, co u\u0142atwia jej transport i przechowywanie. Z \u0142atwo\u015bci\u0105 mo\u017cesz zabra\u0107 go ze sob\u0105 w podr\u00f3\u017c lub przechowywa\u0107 w ma\u0142ych przestrzeniach, nie trac\u0105c przy tym funkcjonalno\u015bci i jako\u015bci sesji z fajk\u0105 wodn\u0105.<br \/>\nNONAME PALKA to prostota i niezawodno\u015b\u0107 w jednym, idealny wyb\u00f3r dla os\u00f3b poszukuj\u0105cych niedrogiej, ale wysokiej jako\u015bci fajki wodnej do codziennego u\u017cytku.<\/p>\n<p><strong>Specyfikacje:<\/strong><br \/>\nWysoko\u015b\u0107 - 40 cm (bez kolby)<br \/>\n\u015arednica - 12 mm<br \/>\nSzeroko\u015b\u0107 talerza wynosi 15 cm<br \/>\nMateria\u0142: stal nierdzewna, poliacetal.<br \/>\nZ\u0142\u0105cze w\u0119\u017ca: O-ring<\/p>\n<p><strong>Ekwipunek:<\/strong><br \/>\nWa\u0142<br \/>\nTalerz<br \/>\nW\u0105\u017c silikonowy<br \/>\nUstnik<\/p>\n<picture><source srcset=\"https:\/\/hookahshop.lt\/wp-content\/webp-express\/webp-images\/uploads\/2020\/09\/stiebas-zarna-kandiklis-1-300x273.jpg.webp 300w, https:\/\/hookahshop.lt\/wp-content\/webp-express\/webp-images\/uploads\/2020\/09\/stiebas-zarna-kandiklis-1-13x12.jpg.webp 13w, https:\/\/hookahshop.lt\/wp-content\/webp-express\/webp-images\/uploads\/2020\/09\/stiebas-zarna-kandiklis-1-64x58.jpg.webp 64w, https:\/\/hookahshop.lt\/wp-content\/webp-express\/webp-images\/uploads\/2020\/09\/stiebas-zarna-kandiklis-1.jpg.webp 420w\" type=\"image\/webp\" sizes=\"(max-width: 300px) 100vw, 300px\" \/><img decoding=\"async\" loading=\"lazy\" class=\"alignnone size-medium wp-image-38521 webpexpress-processed\" title=\"Szisza ALPHA SZISZ Misha Revolt Starlight 1\" src=\"https:\/\/hookahshop.lt\/wp-content\/uploads\/2020\/09\/stiebas-zarna-kandiklis-1-300x273.jpg\" sizes=\"(max-width: 300px) 100vw, 300px\" srcset=\"https:\/\/hookahshop.lt\/wp-content\/uploads\/2020\/09\/stiebas-zarna-kandiklis-1-300x273.jpg 300w, https:\/\/hookahshop.lt\/wp-content\/uploads\/2020\/09\/stiebas-zarna-kandiklis-1-13x12.jpg 13w, https:\/\/hookahshop.lt\/wp-content\/uploads\/2020\/09\/stiebas-zarna-kandiklis-1-64x58.jpg 64w, https:\/\/hookahshop.lt\/wp-content\/uploads\/2020\/09\/stiebas-zarna-kandiklis-1.jpg 420w\" alt=\"Ustnik w\u0119\u017ca macierzystego 1 - hookahshop.lt\" width=\"300\" height=\"273\" \/><\/picture>\n<p>Czy masz jakie\u015b pytania? Skontaktuj si\u0119 z nami\u00a0<a href=\"https:\/\/hookahshop.lt\/pl\/lacznosc\/\">strona z kontaktami<\/a>\u00a0lub napisz do nas na adres\u00a0<a href=\"https:\/\/facebook.com\/HookahShop.lt\/\" target=\"_blank\" rel=\"noopener noreferrer\">konto na Facebooku<\/a>\u00a0a my odpowiemy na Twoj\u0105 pro\u015bb\u0119 tego samego dnia.<\/p>","protected":false},"excerpt":{"rendered":"<p>Hookah NONAME Wynagrodzenie Dla tych, kt\u00f3rzy ceni\u0105 praktyczno\u015b\u0107 i dost\u0119pno\u015b\u0107. Uchwyt do fajki wodnej jest klasyczny (bez dyfuzora). Szeroki trzonek PALKI zapewnia lekki i wygodny chwyt, a metalowe elementy wykonane ze stali nierdzewnej gwarantuj\u0105 d\u0142ug\u0105 \u017cywotno\u015b\u0107 fajki wodnej. Ponadto fajka wodna jest ca\u0142kowicie sk\u0142adana, co u\u0142atwia jej transport i przechowywanie. Z \u0142atwo\u015bci\u0105 mo\u017cesz zabra\u0107 go ze sob\u0105 w podr\u00f3\u017c lub przechowywa\u0107 w niewielkich pomieszczeniach, nie trac\u0105c przy tym [\u2026]<\/p>","protected":false},"featured_media":39510,"comment_status":"open","ping_status":"closed","template":"","meta":[],"_links":{"self":[{"href":"https:\/\/hookahshop.lt\/pl\/wp-json\/wp\/v2\/product\/39506"}],"collection":[{"href":"https:\/\/hookahshop.lt\/pl\/wp-json\/wp\/v2\/product"}],"about":[{"href":"https:\/\/hookahshop.lt\/pl\/wp-json\/wp\/v2\/types\/product"}],"replies":[{"embeddable":true,"href":"https:\/\/hookahshop.lt\/pl\/wp-json\/wp\/v2\/comments?post=39506"}],"version-history":[{"count":4,"href":"https:\/\/hookahshop.lt\/pl\/wp-json\/wp\/v2\/product\/39506\/revisions"}],"predecessor-version":[{"id":39516,"href":"https:\/\/hookahshop.lt\/pl\/wp-json\/wp\/v2\/product\/39506\/revisions\/39516"}],"wp:featuredmedia":[{"embeddable":true,"href":"https:\/\/hookahshop.lt\/pl\/wp-json\/wp\/v2\/media\/39510"}],"wp:attachment":[{"href":"https:\/\/hookahshop.lt\/pl\/wp-json\/wp\/v2\/media?parent=39506"}],"curies":[{"name":"wp","href":"https:\/\/api.w.org\/{rel}","templated":true}]}}