{"id":39575,"date":"2024-07-14T23:38:02","date_gmt":"2024-07-14T20:38:02","guid":{"rendered":"https:\/\/hookahshop.lt\/?post_type=product&#038;p=39575"},"modified":"2026-04-15T23:29:36","modified_gmt":"2026-04-15T20:29:36","slug":"karscio-kamera-aladin","status":"publish","type":"product","link":"https:\/\/hookahshop.lt\/pl\/produkt\/aladyn-z-kamera-cieplna\/","title":{"rendered":"Komora cieplna ALADIN"},"content":{"rendered":"<h2>Komora cieplna ALADIN<\/h2>\n<p>Idealny towarzysz dla wszystkich u\u017cytkownik\u00f3w fajki wodnej, kt\u00f3rzy chc\u0105 poprawi\u0107 swoje wra\u017cenia z palenia. Komora grzewcza wykonana jest z wysokiej jako\u015bci stali nierdzewnej i zosta\u0142a zaprojektowana tak, aby konstrukcja fajki wodnej by\u0142a jak naj\u0142atwiejsza.<\/p>\n<p><strong>Specyfikacje:<\/strong><\/p>\n<ul>\n<li>Wysoko\u015b\u0107: 2 cm<\/li>\n<li>\u015arednica (zewn\u0119trzna): 7,5 cm<\/li>\n<li>\u015arednica (wewn\u0119trzna): 6 cm<\/li>\n<li>Materia\u0142: Stal nierdzewna<\/li>\n<\/ul>\n<p><strong>Zalety:<\/strong><br \/>\nStylowy i wysokiej jako\u015bci;<br \/>\nTrwa\u0142e i niezawodne;<br \/>\nZapewnia komfortowe palenie fajki wodnej.<\/p>\n<p>Czy masz jakie\u015b pytania? Skontaktuj si\u0119 z nami\u00a0<a href=\"https:\/\/hookahshop.lt\/pl\/lacznosc\/\">strona z kontaktami<\/a>\u00a0lub napisz do nas na adres\u00a0<a href=\"https:\/\/facebook.com\/HookahShop.lt\/\" target=\"_blank\" rel=\"noopener noreferrer\">konto na Facebooku<\/a>\u00a0a my odpowiemy na Twoj\u0105 pro\u015bb\u0119 tego samego dnia.<\/p>","protected":false},"excerpt":{"rendered":"<p>Komora grzewcza ALADIN Idealny towarzysz dla wszystkich u\u017cytkownik\u00f3w fajki wodnej, kt\u00f3rzy chc\u0105 poprawi\u0107 swoje wra\u017cenia z palenia. Komora grzewcza wykonana jest z wysokiej jako\u015bci stali nierdzewnej i zosta\u0142a zaprojektowana tak, aby konstrukcja fajki wodnej by\u0142a jak naj\u0142atwiejsza. Dane techniczne: Wysoko\u015b\u0107: 2 cm \u015arednica (zewn\u0119trzna): 7,5 cm \u015arednica (wewn\u0119trzna): 6 cm Materia\u0142: stal nierdzewna Zalety: Stylowy i wysokiej jako\u015bci; Trwa\u0142e i niezawodne; [\u2026]<\/p>","protected":false},"featured_media":39576,"comment_status":"open","ping_status":"closed","template":"","meta":[],"_links":{"self":[{"href":"https:\/\/hookahshop.lt\/pl\/wp-json\/wp\/v2\/product\/39575"}],"collection":[{"href":"https:\/\/hookahshop.lt\/pl\/wp-json\/wp\/v2\/product"}],"about":[{"href":"https:\/\/hookahshop.lt\/pl\/wp-json\/wp\/v2\/types\/product"}],"replies":[{"embeddable":true,"href":"https:\/\/hookahshop.lt\/pl\/wp-json\/wp\/v2\/comments?post=39575"}],"version-history":[{"count":5,"href":"https:\/\/hookahshop.lt\/pl\/wp-json\/wp\/v2\/product\/39575\/revisions"}],"predecessor-version":[{"id":45184,"href":"https:\/\/hookahshop.lt\/pl\/wp-json\/wp\/v2\/product\/39575\/revisions\/45184"}],"wp:featuredmedia":[{"embeddable":true,"href":"https:\/\/hookahshop.lt\/pl\/wp-json\/wp\/v2\/media\/39576"}],"wp:attachment":[{"href":"https:\/\/hookahshop.lt\/pl\/wp-json\/wp\/v2\/media?parent=39575"}],"curies":[{"name":"wp","href":"https:\/\/api.w.org\/{rel}","templated":true}]}}