{"id":39581,"date":"2024-07-14T23:47:19","date_gmt":"2024-07-14T20:47:19","guid":{"rendered":"https:\/\/hookahshop.lt\/?post_type=product&#038;p=39581"},"modified":"2026-04-15T23:29:36","modified_gmt":"2026-04-15T20:29:36","slug":"valymo-priemone-kaljanui-shisha-cleaner-loyal-300ml","status":"publish","type":"product","link":"https:\/\/hookahshop.lt\/pl\/produkt\/srodek-czyszczacy-do-sziszy-szisza-czyszczacy-loyal-300ml\/","title":{"rendered":"\u015arodek do czyszczenia fajki wodnej SHISHA CLEANER Loyal 300ml"},"content":{"rendered":"<h2>\u015arodek do czyszczenia fajki wodnej SHISHA CLEANER Loyal 300ml<\/h2>\n<p>Do czyszczenia fajki wodnej i jej cz\u0119\u015bci. Usuwa nieprzyjemne zapachy. Butelka z dozownikiem u\u0142atwia u\u017cycie. Ilo\u015b\u0107 u\u017cytego \u015brodka zale\u017cy od zabrudzenia. Jednorazowo wystarczy ~5-15 rozpyle\u0144. Po spryskaniu \u015brodkiem czyszcz\u0105cym nape\u0142nij kolb\u0119 ciep\u0142\u0105 wod\u0105 (niedopuszczalna jest gor\u0105ca woda). Przed wlaniem \u015brodka czyszcz\u0105cego nale\u017cy za pomoc\u0105 szczotki oczy\u015bci\u0107 kolb\u0119 lub wa\u0142. Przep\u0142ucz ciep\u0142\u0105 wod\u0105, a\u017c w kolbie nie b\u0119dzie ju\u017c obcego zapachu.<br \/>\nPojemno\u015b\u0107: 300ml<br \/>\nKraj pochodzenia: Niemcy<\/p>\n<p>Powoduje powa\u017cne podra\u017cnienie oczu. Trzyma\u0107 poza zasi\u0119giem dzieci. W PRZYPADKU DOSTANIA SI\u0118 DO OCZU: Ostro\u017cnie p\u0142uka\u0107 wod\u0105 przez kilka minut. Je\u015bli to mo\u017cliwe, usu\u0144 soczewki kontaktowe. Kontynuuj mycie. Je\u017celi podra\u017cnienie oczu utrzymuje si\u0119: zwr\u00f3ci\u0107 si\u0119 o pomoc lekarsk\u0105. Przygotuj to opakowanie lub etykiet\u0119.<br \/>\nW\u0142a\u015bciwo\u015bci: Usuwa brud z powierzchni wodoodpornych. Z dobrym efektem odt\u0142uszczaj\u0105cym i higienicznym. Eliminuje nieprzyjemne zapachy. Spos\u00f3b u\u017cycia: W przypadku wi\u0119kszej ilo\u015bci zabrudze\u0144 wstrzykn\u0105\u0107 10-20 dawek do pojemnika i zala\u0107 ciep\u0142\u0105 wod\u0105. Pozostaw produkt na chwil\u0119, a nast\u0119pnie kilkakrotnie sp\u0142ucz zimn\u0105 wod\u0105. Je\u015bli na szybie jest wi\u0119cej brudu, u\u017cyj szczoteczki do czyszczenia.<\/p>\n<p>Sk\u0142ad: &lt;5% anionowe \u015brodki powierzchniowo czynne, EDTA (s\u00f3l kwasowa etylenodiaminotetraoctanu).<br \/>\nInne sk\u0142adniki: barwniki i substancje zapachowe.<\/p>\n<p>Czy masz jakie\u015b pytania? Skontaktuj si\u0119 z nami na stronie kontaktowej lub napisz do nas na adres\u00a0<a href=\"https:\/\/facebook.com\/HookahShop.lt\/\" target=\"_blank\" rel=\"noopener noreferrer\">konto na Facebooku<\/a>\u00a0a my odpowiemy na Twoj\u0105 pro\u015bb\u0119 tego samego dnia.<\/p>","protected":false},"excerpt":{"rendered":"<p>\u015arodek czyszcz\u0105cy do fajki wodnej SHISHA CLEANER Loyal 300ml Przeznaczony do czyszczenia fajki wodnej i jej cz\u0119\u015bci. Usuwa nieprzyjemne zapachy. Butelka z dozownikiem u\u0142atwia u\u017cycie. Ilo\u015b\u0107 u\u017cytego \u015brodka zale\u017cy od zabrudzenia. Jednorazowo wystarczy ~5-15 rozpyle\u0144. Po spryskaniu \u015brodkiem czyszcz\u0105cym nape\u0142nij kolb\u0119 ciep\u0142\u0105 wod\u0105 (niedopuszczalna jest gor\u0105ca woda). Przed wlaniem \u015brodka czyszcz\u0105cego nale\u017cy za pomoc\u0105 szczotki oczy\u015bci\u0107 kolb\u0119 lub wa\u0142. Sp\u0142ucz ciep\u0142\u0105 wod\u0105 [...]<\/p>","protected":false},"featured_media":39582,"comment_status":"open","ping_status":"closed","template":"","meta":[],"_links":{"self":[{"href":"https:\/\/hookahshop.lt\/pl\/wp-json\/wp\/v2\/product\/39581"}],"collection":[{"href":"https:\/\/hookahshop.lt\/pl\/wp-json\/wp\/v2\/product"}],"about":[{"href":"https:\/\/hookahshop.lt\/pl\/wp-json\/wp\/v2\/types\/product"}],"replies":[{"embeddable":true,"href":"https:\/\/hookahshop.lt\/pl\/wp-json\/wp\/v2\/comments?post=39581"}],"version-history":[{"count":2,"href":"https:\/\/hookahshop.lt\/pl\/wp-json\/wp\/v2\/product\/39581\/revisions"}],"predecessor-version":[{"id":39603,"href":"https:\/\/hookahshop.lt\/pl\/wp-json\/wp\/v2\/product\/39581\/revisions\/39603"}],"wp:featuredmedia":[{"embeddable":true,"href":"https:\/\/hookahshop.lt\/pl\/wp-json\/wp\/v2\/media\/39582"}],"wp:attachment":[{"href":"https:\/\/hookahshop.lt\/pl\/wp-json\/wp\/v2\/media?parent=39581"}],"curies":[{"name":"wp","href":"https:\/\/api.w.org\/{rel}","templated":true}]}}