{"id":39699,"date":"2024-08-13T13:03:11","date_gmt":"2024-08-13T10:03:11","guid":{"rendered":"https:\/\/hookahshop.lt\/?post_type=product&#038;p=39699"},"modified":"2026-04-19T23:30:20","modified_gmt":"2026-04-19T20:30:20","slug":"karscio-kamera-alpha-hookah-roller","status":"publish","type":"product","link":"https:\/\/hookahshop.lt\/pl\/produkt\/rolka-do-fajki-wodnej-z-kamera-termiczna\/","title":{"rendered":"Komora grzewcza ALPHA HOOKAH Roller"},"content":{"rendered":"<h2>Komora grzewcza ALPHA HOOKAH Roller<\/h2>\n<p>Wykonane z wysokiej jako\u015bci aluminium. Wygodny kszta\u0142t umo\u017cliwia p\u0142ynne i r\u00f3wnomierne rozprowadzanie ciep\u0142a oraz wygodne umieszczenie 3 szt. ka\u017cdy w\u0119giel o \u015brednicy 25 mm. Wysokie \u015bcianki zwi\u0119kszaj\u0105 bezpiecze\u0144stwo eliminuj\u0105c mo\u017cliwo\u015b\u0107 wypadania w\u0119gla z urz\u0105dzenia. Du\u017ca liczba otwor\u00f3w zapewnia dobr\u0105 cyrkulacj\u0119 powietrza i r\u00f3wnomierny rozk\u0142ad ciep\u0142a w ca\u0142ej mieszance.<br \/>\nAkcesorium idealnie komponuje si\u0119 z fajkami wodnymi Alpha Hookah i pasuje do wszystkich popularnych fili\u017canek dost\u0119pnych na rynku.<\/p>\n<p><strong>Specyfikacja<\/strong><br \/>\nMateria\u0142: aluminium<br \/>\nKolor: srebrny<br \/>\n\u015arednica: 74mm<br \/>\nWysoko\u015b\u0107: 24 mm<br \/>\nWaga: 147g.<\/p>\n<p>Czy masz jakie\u015b pytania? Skontaktuj si\u0119 z nami\u00a0<a href=\"https:\/\/hookahshop.lt\/pl\/lacznosc\/\">strona z kontaktami<\/a>\u00a0lub napisz do nas na adres\u00a0<a href=\"https:\/\/facebook.com\/HookahShop.lt\/\" target=\"_blank\" rel=\"noopener noreferrer\">konto na Facebooku<\/a>\u00a0a my odpowiemy na Twoj\u0105 pro\u015bb\u0119 tego samego dnia.<\/p>\n<p>&nbsp;<\/p>","protected":false},"excerpt":{"rendered":"<p>Komora grzewcza ALPHA HOOKAH Roller Wykonana z wysokiej jako\u015bci aluminium. Wygodny kszta\u0142t umo\u017cliwia p\u0142ynne i r\u00f3wnomierne rozprowadzanie ciep\u0142a oraz wygodne umieszczenie 3 szt. ka\u017cdy w\u0119giel o \u015brednicy 25 mm. Wysokie \u015bcianki zwi\u0119kszaj\u0105 bezpiecze\u0144stwo eliminuj\u0105c mo\u017cliwo\u015b\u0107 wypadania w\u0119gla z urz\u0105dzenia. Du\u017ca liczba otwor\u00f3w zapewnia dobr\u0105 cyrkulacj\u0119 powietrza i r\u00f3wnomierny rozk\u0142ad ciep\u0142a w ca\u0142ej mieszance. Dodatek stanowi idealne po\u0142\u0105czenie z [\u2026]<\/p>","protected":false},"featured_media":39700,"comment_status":"open","ping_status":"closed","template":"","meta":[],"_links":{"self":[{"href":"https:\/\/hookahshop.lt\/pl\/wp-json\/wp\/v2\/product\/39699"}],"collection":[{"href":"https:\/\/hookahshop.lt\/pl\/wp-json\/wp\/v2\/product"}],"about":[{"href":"https:\/\/hookahshop.lt\/pl\/wp-json\/wp\/v2\/types\/product"}],"replies":[{"embeddable":true,"href":"https:\/\/hookahshop.lt\/pl\/wp-json\/wp\/v2\/comments?post=39699"}],"version-history":[{"count":6,"href":"https:\/\/hookahshop.lt\/pl\/wp-json\/wp\/v2\/product\/39699\/revisions"}],"predecessor-version":[{"id":43756,"href":"https:\/\/hookahshop.lt\/pl\/wp-json\/wp\/v2\/product\/39699\/revisions\/43756"}],"wp:featuredmedia":[{"embeddable":true,"href":"https:\/\/hookahshop.lt\/pl\/wp-json\/wp\/v2\/media\/39700"}],"wp:attachment":[{"href":"https:\/\/hookahshop.lt\/pl\/wp-json\/wp\/v2\/media?parent=39699"}],"curies":[{"name":"wp","href":"https:\/\/api.w.org\/{rel}","templated":true}]}}