{"id":39711,"date":"2024-08-13T14:18:41","date_gmt":"2024-08-13T11:18:41","guid":{"rendered":"https:\/\/hookahshop.lt\/?post_type=product&#038;p=39711"},"modified":"2026-04-17T23:29:58","modified_gmt":"2026-04-17T20:29:58","slug":"taurele-kaljanui-thor-phunnel-gray","status":"publish","type":"product","link":"https:\/\/hookahshop.lt\/pl\/produkt\/kubek-na-fajke-wodna-thor-punnel-szary\/","title":{"rendered":"Fili\u017canka do fajki wodnej THOR Phunnel Grey"},"content":{"rendered":"<h2>Fili\u017canka do fajki wodnej THOR Phunnel Grey<\/h2>\n<p>Niezwykle trwa\u0142y i bardzo odporny na wilgo\u0107, dzi\u0119ki czemu melasa tytoniowa nie sp\u0142ywa do trzonka fajki wodnej. Kubek wykonany jest z glazury, kt\u00f3ra wytrzymuje ekstremalne temperatury i nie p\u0119ka nawet po umyciu zimn\u0105 wod\u0105 bezpo\u015brednio po u\u017cyciu. Dobrze si\u0119 nagrzewa, zatrzymuje ciep\u0142o, ma doskona\u0142e w\u0142a\u015bciwo\u015bci dymne i zwi\u0119ksza g\u0119sto\u015b\u0107.<\/p>\n<p><strong>Specyfikacja:<\/strong><\/p>\n<ul>\n<li>Materia\u0142: glina i szkliwo<\/li>\n<li>Pojemno\u015b\u0107: do 18 - 24 g (w zale\u017cno\u015bci od rodzaju tytoniu)<\/li>\n<li>\u015arednica: 75 mm<\/li>\n<li>Kolor: szary<\/li>\n<li>Waga: ~250g.<\/li>\n<\/ul>\n<p>Czy masz jakie\u015b pytania? Skontaktuj si\u0119 z nami\u00a0<a href=\"https:\/\/hookahshop.lt\/pl\/lacznosc\/\">strona z kontaktami<\/a>\u00a0lub napisz do nas na adres\u00a0<a href=\"https:\/\/facebook.com\/HookahShop.lt\/\" target=\"_blank\" rel=\"noopener\">konto na Facebooku<\/a>\u00a0a my odpowiemy na Twoj\u0105 pro\u015bb\u0119 tego samego dnia.<\/p>","protected":false},"excerpt":{"rendered":"<p>Kubek do fajki wodnej THOR Phunnel Grey Niezwykle trwa\u0142y i bardzo odporny na wilgo\u0107, dzi\u0119ki czemu melasa tytoniowa nie sp\u0142ywa do trzonka fajki wodnej. Kubek wykonany jest z glazury, kt\u00f3ra wytrzymuje ekstremalne temperatury i nie p\u0119ka nawet po umyciu zimn\u0105 wod\u0105 bezpo\u015brednio po u\u017cyciu. Dobrze si\u0119 nagrzewa, zatrzymuje ciep\u0142o, ma doskona\u0142e w\u0142a\u015bciwo\u015bci dymne i zwi\u0119ksza g\u0119sto\u015b\u0107. Specyfikacja: Materia\u0142: glina i [\u2026]<\/p>","protected":false},"featured_media":39712,"comment_status":"open","ping_status":"closed","template":"","meta":[],"_links":{"self":[{"href":"https:\/\/hookahshop.lt\/pl\/wp-json\/wp\/v2\/product\/39711"}],"collection":[{"href":"https:\/\/hookahshop.lt\/pl\/wp-json\/wp\/v2\/product"}],"about":[{"href":"https:\/\/hookahshop.lt\/pl\/wp-json\/wp\/v2\/types\/product"}],"replies":[{"embeddable":true,"href":"https:\/\/hookahshop.lt\/pl\/wp-json\/wp\/v2\/comments?post=39711"}],"version-history":[{"count":2,"href":"https:\/\/hookahshop.lt\/pl\/wp-json\/wp\/v2\/product\/39711\/revisions"}],"predecessor-version":[{"id":45617,"href":"https:\/\/hookahshop.lt\/pl\/wp-json\/wp\/v2\/product\/39711\/revisions\/45617"}],"wp:featuredmedia":[{"embeddable":true,"href":"https:\/\/hookahshop.lt\/pl\/wp-json\/wp\/v2\/media\/39712"}],"wp:attachment":[{"href":"https:\/\/hookahshop.lt\/pl\/wp-json\/wp\/v2\/media?parent=39711"}],"curies":[{"name":"wp","href":"https:\/\/api.w.org\/{rel}","templated":true}]}}