{"id":39720,"date":"2024-08-13T15:56:19","date_gmt":"2024-08-13T12:56:19","guid":{"rendered":"https:\/\/hookahshop.lt\/?post_type=product&#038;p=39720"},"modified":"2026-04-14T23:29:43","modified_gmt":"2026-04-14T20:29:43","slug":"kaljanas-union-hookah-sleek-volt-dark","status":"publish","type":"product","link":"https:\/\/hookahshop.lt\/pl\/produkt\/szisza-union-szisza-elegancka-volt-dark\/","title":{"rendered":"Fajka wodna UNION HOOKAH Elegancki Volt Dark"},"content":{"rendered":"<h2>Fajka wodna UNION HOOKAH Elegancki Volt Dark<\/h2>\n<p>Model jest obecny na rynku rosyjskim od jakiego\u015b czasu i fascynuje wyj\u0105tkowym designem i \u015bwietnymi opcjami kolorystycznymi! Niezale\u017cnie od tego, czy jest to prosty projekt drewna, niezwyk\u0142e wzory czy bardzo popularne projekty hybrydowe wykonane z drewna, Union Hookah z pewno\u015bci\u0105 ma co\u015b dla ka\u017cdego mi\u0142o\u015bnika fajki wodnej!<\/p>\n<p><strong>Specyfikacje:<\/strong><br \/>\nWysoko\u015b\u0107: 45 cm<br \/>\nMateria\u0142: stal nierdzewna, drewno<br \/>\nZ\u0142\u0105cze w\u0119\u017ca: O-ring<\/p>\n<picture><source srcset=\"https:\/\/hookahshop.lt\/wp-content\/webp-express\/webp-images\/uploads\/2020\/09\/stiebas-zarna-kandiklis-1-300x273.jpg.webp 300w, https:\/\/hookahshop.lt\/wp-content\/webp-express\/webp-images\/uploads\/2020\/09\/stiebas-zarna-kandiklis-1-13x12.jpg.webp 13w, https:\/\/hookahshop.lt\/wp-content\/webp-express\/webp-images\/uploads\/2020\/09\/stiebas-zarna-kandiklis-1-64x58.jpg.webp 64w, https:\/\/hookahshop.lt\/wp-content\/webp-express\/webp-images\/uploads\/2020\/09\/stiebas-zarna-kandiklis-1.jpg.webp 420w\" type=\"image\/webp\" sizes=\"(max-width: 300px) 100vw, 300px\" \/><img decoding=\"async\" loading=\"lazy\" class=\"alignnone size-medium wp-image-38521 webpexpress-processed\" title=\"Szisza UNION HOOKAH Elegancki standard 1\" src=\"https:\/\/hookahshop.lt\/wp-content\/uploads\/2020\/09\/stiebas-zarna-kandiklis-1-300x273.jpg\" sizes=\"(max-width: 300px) 100vw, 300px\" srcset=\"https:\/\/hookahshop.lt\/wp-content\/uploads\/2020\/09\/stiebas-zarna-kandiklis-1-300x273.jpg 300w, https:\/\/hookahshop.lt\/wp-content\/uploads\/2020\/09\/stiebas-zarna-kandiklis-1-13x12.jpg 13w, https:\/\/hookahshop.lt\/wp-content\/uploads\/2020\/09\/stiebas-zarna-kandiklis-1-64x58.jpg 64w, https:\/\/hookahshop.lt\/wp-content\/uploads\/2020\/09\/stiebas-zarna-kandiklis-1.jpg 420w\" alt=\"Ustnik w\u0119\u017ca macierzystego 1 - hookahshop.lt\" width=\"300\" height=\"273\" \/><\/picture>\n<p>Czy masz jakie\u015b pytania? Skontaktuj si\u0119 z nami\u00a0<a href=\"https:\/\/hookahshop.lt\/pl\/lacznosc\/\">strona z kontaktami<\/a>\u00a0lub napisz do nas na adres\u00a0<a href=\"https:\/\/facebook.com\/HookahShop.lt\/\" target=\"_blank\" rel=\"noopener noreferrer\">konto na Facebooku<\/a>\u00a0a my odpowiemy na Twoj\u0105 pro\u015bb\u0119 tego samego dnia.<\/p>","protected":false},"excerpt":{"rendered":"<p>Hookah UNION HOOKAH Sleek Volt Dark Model jest obecny na rynku rosyjskim od jakiego\u015b czasu i fascynuje wyj\u0105tkowym designem i \u015bwietnymi opcjami kolorystycznymi! Niezale\u017cnie od tego, czy jest to prosty projekt drewna, niezwyk\u0142e wzory czy bardzo popularne projekty hybrydowe wykonane z drewna, Union Hookah z pewno\u015bci\u0105 ma co\u015b dla ka\u017cdego mi\u0142o\u015bnika fajki wodnej! Dane techniczne: Wysoko\u015b\u0107: 45cm Materia\u0142: stal nierdzewna, drewno Przy\u0142\u0105cze w\u0119\u017ca: [\u2026]<\/p>","protected":false},"featured_media":39722,"comment_status":"open","ping_status":"closed","template":"","meta":[],"_links":{"self":[{"href":"https:\/\/hookahshop.lt\/pl\/wp-json\/wp\/v2\/product\/39720"}],"collection":[{"href":"https:\/\/hookahshop.lt\/pl\/wp-json\/wp\/v2\/product"}],"about":[{"href":"https:\/\/hookahshop.lt\/pl\/wp-json\/wp\/v2\/types\/product"}],"replies":[{"embeddable":true,"href":"https:\/\/hookahshop.lt\/pl\/wp-json\/wp\/v2\/comments?post=39720"}],"version-history":[{"count":2,"href":"https:\/\/hookahshop.lt\/pl\/wp-json\/wp\/v2\/product\/39720\/revisions"}],"predecessor-version":[{"id":39758,"href":"https:\/\/hookahshop.lt\/pl\/wp-json\/wp\/v2\/product\/39720\/revisions\/39758"}],"wp:featuredmedia":[{"embeddable":true,"href":"https:\/\/hookahshop.lt\/pl\/wp-json\/wp\/v2\/media\/39722"}],"wp:attachment":[{"href":"https:\/\/hookahshop.lt\/pl\/wp-json\/wp\/v2\/media?parent=39720"}],"curies":[{"name":"wp","href":"https:\/\/api.w.org\/{rel}","templated":true}]}}