{"id":39725,"date":"2024-08-13T16:31:31","date_gmt":"2024-08-13T13:31:31","guid":{"rendered":"https:\/\/hookahshop.lt\/?post_type=product&#038;p=39725"},"modified":"2026-04-19T23:30:20","modified_gmt":"2026-04-19T20:30:20","slug":"kaljanas-alpha-hookah-oro-prime","status":"publish","type":"product","link":"https:\/\/hookahshop.lt\/pl\/produkt\/szisza-alfa-szisza-powietrzna-prime\/","title":{"rendered":"Fajka wodna ALPHA HOOKAH Oro Prime"},"content":{"rendered":"<h2>Fajka wodna ALPHA HOOKAH Oro Prime<\/h2>\n<p>Jest uciele\u015bnieniem ca\u0142ego do\u015bwiadczenia, technologii i naj\u015bmielszych pomys\u0142\u00f3w, jakie nasza firma zgromadzi\u0142a na przestrzeni czasu. Elegancki, swobodnie wyjmowany talerz, kt\u00f3ry pozwala szybko go zdj\u0105\u0107 i za\u0142o\u017cy\u0107. To wyj\u0105tkowe urz\u0105dzenie, kt\u00f3re pozwala na zmian\u0119 poziomu przyczepno\u015bci z wygodnego dyfuzora, lekkiego, na klasyczny ci\u0119\u017cki. STORM posiada r\u00f3wnie\u017c system zawor\u00f3w umo\u017cliwiaj\u0105cy wentylacj\u0119 miseczki. Urz\u0105dzenie wykonane jest ze stali nierdzewnej i pokryte azotkiem tytanu. ORO jest r\u00f3wnie\u017c wyposa\u017cony w opatentowan\u0105 pu\u0142apk\u0119 na melas\u0119 zaprojektowan\u0105 specjalnie dla tego modelu.<\/p>\n<p><strong>Specyfikacje:<\/strong><\/p>\n<p>Materia\u0142: stal nierdzewna (zewn\u0119trznie anodowane aluminium)<br \/>\nWysoko\u015b\u0107 fajki wodnej: 55 cm<br \/>\n\u015arednica trzonka 1,4 cm<br \/>\nPod\u0142\u0105czenie w\u0119\u017ca: magnetyczne<br \/>\nMateria\u0142 z\u0142\u0105cza: poliacetal<br \/>\nKlosz: zdejmowany<br \/>\nW\u0105\u017c: silikonowy czarny (mi\u0119kki w dotyku)<br \/>\nUchwyt do fajki wodnej: regulowany (lekki\/\u015bredni\/ci\u0119\u017cki, klasyczny)<br \/>\nPu\u0142apka na melas\u0119: Tak<\/p>\n<p>&nbsp;<\/p>\n<p><strong>Ekwipunek:<\/strong><\/p>\n<p>Trzpie\u0144, p\u0142ytka, w\u0105\u017c z ustnikiem, uszczelki, dyfuzor, pu\u0142apka na melas\u0119 (syrop).<\/p>\n<picture><source srcset=\"https:\/\/hookahshop.lt\/wp-content\/webp-express\/webp-images\/uploads\/2020\/09\/stiebas-zarna-kandiklis-1-300x273.jpg.webp 300w, https:\/\/hookahshop.lt\/wp-content\/webp-express\/webp-images\/uploads\/2020\/09\/stiebas-zarna-kandiklis-1-13x12.jpg.webp 13w, https:\/\/hookahshop.lt\/wp-content\/webp-express\/webp-images\/uploads\/2020\/09\/stiebas-zarna-kandiklis-1-64x58.jpg.webp 64w, https:\/\/hookahshop.lt\/wp-content\/webp-express\/webp-images\/uploads\/2020\/09\/stiebas-zarna-kandiklis-1.jpg.webp 420w\" type=\"image\/webp\" sizes=\"(max-width: 300px) 100vw, 300px\" \/><img decoding=\"async\" loading=\"lazy\" class=\"alignnone size-medium wp-image-38521 webpexpress-processed\" title=\"Szisza ALPHA SZISZ X Houston Polar Night 1\" src=\"https:\/\/hookahshop.lt\/wp-content\/uploads\/2020\/09\/stiebas-zarna-kandiklis-1-300x273.jpg\" sizes=\"(max-width: 300px) 100vw, 300px\" srcset=\"https:\/\/hookahshop.lt\/wp-content\/uploads\/2020\/09\/stiebas-zarna-kandiklis-1-300x273.jpg 300w, https:\/\/hookahshop.lt\/wp-content\/uploads\/2020\/09\/stiebas-zarna-kandiklis-1-13x12.jpg 13w, https:\/\/hookahshop.lt\/wp-content\/uploads\/2020\/09\/stiebas-zarna-kandiklis-1-64x58.jpg 64w, https:\/\/hookahshop.lt\/wp-content\/uploads\/2020\/09\/stiebas-zarna-kandiklis-1.jpg 420w\" alt=\"Ustnik w\u0119\u017ca macierzystego 1 - hookahshop.lt\" width=\"300\" height=\"273\" \/><\/picture>\n<p>Czy masz jakie\u015b pytania? Skontaktuj si\u0119 z nami\u00a0<a href=\"https:\/\/hookahshop.lt\/pl\/lacznosc\/\">strona z kontaktami<\/a>\u00a0lub napisz do nas na adres\u00a0<a href=\"https:\/\/facebook.com\/HookahShop.lt\/\" target=\"_blank\" rel=\"noopener noreferrer\">konto na Facebooku<\/a>\u00a0a my odpowiemy na Twoj\u0105 pro\u015bb\u0119 tego samego dnia.<\/p>","protected":false},"excerpt":{"rendered":"<p>Hookah ALPHA HOOKAH Oro Prime Jest uciele\u015bnieniem ca\u0142ego do\u015bwiadczenia, technologii i naj\u015bmielszych pomys\u0142\u00f3w, kt\u00f3re nasza firma zgromadzi\u0142a na przestrzeni czasu. Elegancki, swobodnie wyjmowany talerz, kt\u00f3ry pozwala szybko go zdj\u0105\u0107 i za\u0142o\u017cy\u0107. To wyj\u0105tkowe urz\u0105dzenie, kt\u00f3re pozwala na zmian\u0119 poziomu przyczepno\u015bci z wygodnego lekkiego dyfuzora, na klasyczny ci\u0119\u017cki. STORM posiada r\u00f3wnie\u017c system zawor\u00f3w, kt\u00f3ry pozwala na wentylacj\u0119 kubka. Urz\u0105dzenie zosta\u0142o wykonane [...]<\/p>","protected":false},"featured_media":39728,"comment_status":"open","ping_status":"closed","template":"","meta":[],"_links":{"self":[{"href":"https:\/\/hookahshop.lt\/pl\/wp-json\/wp\/v2\/product\/39725"}],"collection":[{"href":"https:\/\/hookahshop.lt\/pl\/wp-json\/wp\/v2\/product"}],"about":[{"href":"https:\/\/hookahshop.lt\/pl\/wp-json\/wp\/v2\/types\/product"}],"replies":[{"embeddable":true,"href":"https:\/\/hookahshop.lt\/pl\/wp-json\/wp\/v2\/comments?post=39725"}],"version-history":[{"count":3,"href":"https:\/\/hookahshop.lt\/pl\/wp-json\/wp\/v2\/product\/39725\/revisions"}],"predecessor-version":[{"id":39735,"href":"https:\/\/hookahshop.lt\/pl\/wp-json\/wp\/v2\/product\/39725\/revisions\/39735"}],"wp:featuredmedia":[{"embeddable":true,"href":"https:\/\/hookahshop.lt\/pl\/wp-json\/wp\/v2\/media\/39728"}],"wp:attachment":[{"href":"https:\/\/hookahshop.lt\/pl\/wp-json\/wp\/v2\/media?parent=39725"}],"curies":[{"name":"wp","href":"https:\/\/api.w.org\/{rel}","templated":true}]}}