{"id":39829,"date":"2024-08-22T22:04:27","date_gmt":"2024-08-22T19:04:27","guid":{"rendered":"https:\/\/hookahshop.lt\/?post_type=product&#038;p=39829"},"modified":"2026-04-16T23:30:16","modified_gmt":"2026-04-16T20:30:16","slug":"taurele-kaljanui-forma-hookah-killer-pink","status":"publish","type":"product","link":"https:\/\/hookahshop.lt\/pl\/produkt\/kubek-szisza-ksztalt-szisza-zabojczy-rozowy\/","title":{"rendered":"Kubek na fajk\u0119 wodn\u0105 FORMA HOOKAH Killer Pink"},"content":{"rendered":"<h2>Kubek na fajk\u0119 wodn\u0105 FORMA HOOKAH Killer Pink<\/h2>\n<p>Kubek na fajk\u0119 wodn\u0105 wykonany jest z ceramiki. Grube \u015bcianki kubka zapewniaj\u0105 maksymalny smak i komfort podczas pracy z ciep\u0142em.<br \/>\nPojemno\u015b\u0107 tytoniu w fili\u017cance to 20-25 gram\u00f3w.<\/p>\n<p><strong>Specyfikacje:<\/strong><br \/>\nWysoko\u015b\u0107: 98mm<br \/>\n\u015arednica (zewn\u0119trzna): 75mm<br \/>\n\u015arednica (wewn\u0119trzna): 62 mm<br \/>\nG\u0142\u0119boko\u015b\u0107: 18 mm<br \/>\n\u015arednica otworu: 7mm<br \/>\nLiczba otwor\u00f3w: 5<br \/>\nWaga: ~ 305g<\/p>\n<p><strong>Kompletny zestaw: kubek, pude\u0142ko i przek\u0142adka do kubka.<\/strong><\/p>\n<p>Czy masz jakie\u015b pytania? Skontaktuj si\u0119 z nami\u00a0<a href=\"https:\/\/hookahshop.lt\/pl\/lacznosc\/\">strona z kontaktami<\/a>\u00a0lub napisz do nas na adres\u00a0<a href=\"https:\/\/facebook.com\/HookahShop.lt\/\" target=\"_blank\" rel=\"noopener noreferrer\">konto na Facebooku<\/a>\u00a0a my odpowiemy na Twoj\u0105 pro\u015bb\u0119 tego samego dnia.<\/p>","protected":false},"excerpt":{"rendered":"<p>Kubek na fajk\u0119 wodn\u0105 FORMA HOOKAH Killer Pink Kubek na fajk\u0119 wodn\u0105 wykonany jest z ceramiki. Grube \u015bcianki kubka zapewniaj\u0105 maksymalny smak i komfort podczas pracy z ciep\u0142em. Pojemno\u015b\u0107 tytoniu w fili\u017cance to 20-25 gram\u00f3w. Dane techniczne: Wysoko\u015b\u0107: 98mm \u015arednica (zewn\u0119trzna): 75mm \u015arednica (wewn\u0119trzna): 62mm G\u0142\u0119boko\u015b\u0107: 18mm \u015arednica otworu: 7mm Ilo\u015b\u0107 otwor\u00f3w: 5 Waga: ~305g Opakowanie: kubek, pude\u0142ko i przek\u0142adka [\u2026]<\/p>","protected":false},"featured_media":39830,"comment_status":"open","ping_status":"closed","template":"","meta":[],"_links":{"self":[{"href":"https:\/\/hookahshop.lt\/pl\/wp-json\/wp\/v2\/product\/39829"}],"collection":[{"href":"https:\/\/hookahshop.lt\/pl\/wp-json\/wp\/v2\/product"}],"about":[{"href":"https:\/\/hookahshop.lt\/pl\/wp-json\/wp\/v2\/types\/product"}],"replies":[{"embeddable":true,"href":"https:\/\/hookahshop.lt\/pl\/wp-json\/wp\/v2\/comments?post=39829"}],"version-history":[{"count":3,"href":"https:\/\/hookahshop.lt\/pl\/wp-json\/wp\/v2\/product\/39829\/revisions"}],"predecessor-version":[{"id":43013,"href":"https:\/\/hookahshop.lt\/pl\/wp-json\/wp\/v2\/product\/39829\/revisions\/43013"}],"wp:featuredmedia":[{"embeddable":true,"href":"https:\/\/hookahshop.lt\/pl\/wp-json\/wp\/v2\/media\/39830"}],"wp:attachment":[{"href":"https:\/\/hookahshop.lt\/pl\/wp-json\/wp\/v2\/media?parent=39829"}],"curies":[{"name":"wp","href":"https:\/\/api.w.org\/{rel}","templated":true}]}}