{"id":39844,"date":"2024-08-22T23:03:08","date_gmt":"2024-08-22T20:03:08","guid":{"rendered":"https:\/\/hookahshop.lt\/?post_type=product&#038;p=39844"},"modified":"2026-04-14T23:29:43","modified_gmt":"2026-04-14T20:29:43","slug":"anglys-kaljanui-izzy-coco-26mm-1kg","status":"publish","type":"product","link":"https:\/\/hookahshop.lt\/pl\/produkt\/wegiel-do-fajki-wodnej-izzy-coco-26mm-1kg\/","title":{"rendered":"W\u0119giel do fajki wodnej IZZY COCO 26mm 1kg"},"content":{"rendered":"<h2>W\u0119giel do fajki wodnej IZZY COCO 26mm 1kg<\/h2>\n<p>Wykonane z naturalnej kory kokosowej.<br \/>\nWymiary jednego w\u0119gla: 26x26x26mm.<br \/>\nPude\u0142ko zawiera 64 w\u0119gle.<br \/>\nW\u0119gle d\u0142ugo utrzymuj\u0105 ciep\u0142o.<br \/>\nMniej popio\u0142u.<br \/>\nBezwonny.<br \/>\nAby spali\u0107 w\u0119giel, potrzebujesz elektrycznej p\u0142yty grzejnej do fajki wodnej, turystycznej kuchenki gazowej lub podobnej.<br \/>\nKraj pochodzenia: Indonezja<\/p>\n<p>Czy masz jakie\u015b pytania? Skontaktuj si\u0119 z nami\u00a0<a href=\"https:\/\/hookahshop.lt\/pl\/lacznosc\/\">strona z kontaktami<\/a>\u00a0lub napisz do nas na adres\u00a0<a href=\"https:\/\/facebook.com\/HookahShop.lt\/\" target=\"_blank\" rel=\"noopener noreferrer\">konto na Facebooku<\/a>\u00a0a my odpowiemy na Twoj\u0105 pro\u015bb\u0119 tego samego dnia.<\/p>","protected":false},"excerpt":{"rendered":"<p>W\u0119giel do fajki wodnej IZZY COCO 26mm 1kg Wykonany z naturalnej kory kokosowej. Wymiary jednego w\u0119gla: 26x26x26mm. W pude\u0142ku znajduj\u0105 si\u0119 64 w\u0119gle. W\u0119giel drzewny d\u0142ugo utrzymuje ciep\u0142o. Mniej popio\u0142u. Bezwonny. Do rozpalenia w\u0119gli potrzebna jest elektryczna p\u0142yta grzewcza do fajki wodnej, turystyczna kuchenka gazowa itp. Kraj pochodzenia: Indonezja Masz pytania? Skontaktuj si\u0119 z nami na stronie kontaktowej lub napisz do nas na naszym koncie na Facebooku, a my odpowiemy na Twoje zapytanie w [\u2026]<\/p>","protected":false},"featured_media":39864,"comment_status":"open","ping_status":"closed","template":"","meta":[],"_links":{"self":[{"href":"https:\/\/hookahshop.lt\/pl\/wp-json\/wp\/v2\/product\/39844"}],"collection":[{"href":"https:\/\/hookahshop.lt\/pl\/wp-json\/wp\/v2\/product"}],"about":[{"href":"https:\/\/hookahshop.lt\/pl\/wp-json\/wp\/v2\/types\/product"}],"replies":[{"embeddable":true,"href":"https:\/\/hookahshop.lt\/pl\/wp-json\/wp\/v2\/comments?post=39844"}],"version-history":[{"count":4,"href":"https:\/\/hookahshop.lt\/pl\/wp-json\/wp\/v2\/product\/39844\/revisions"}],"predecessor-version":[{"id":45177,"href":"https:\/\/hookahshop.lt\/pl\/wp-json\/wp\/v2\/product\/39844\/revisions\/45177"}],"wp:featuredmedia":[{"embeddable":true,"href":"https:\/\/hookahshop.lt\/pl\/wp-json\/wp\/v2\/media\/39864"}],"wp:attachment":[{"href":"https:\/\/hookahshop.lt\/pl\/wp-json\/wp\/v2\/media?parent=39844"}],"curies":[{"name":"wp","href":"https:\/\/api.w.org\/{rel}","templated":true}]}}