{"id":39849,"date":"2024-08-22T23:37:40","date_gmt":"2024-08-22T20:37:40","guid":{"rendered":"https:\/\/hookahshop.lt\/?post_type=product&#038;p=39849"},"modified":"2026-04-19T23:30:20","modified_gmt":"2026-04-19T20:30:20","slug":"kaitlente-kaljano-anglims-jookah-small","status":"publish","type":"product","link":"https:\/\/hookahshop.lt\/pl\/produkt\/plyta-grzewcza-szisza-wegiel-jookah-mala\/","title":{"rendered":"P\u0142yta do fajki wodnej JOOKAH Small"},"content":{"rendered":"<h2>P\u0142yta do fajki wodnej JOOKAH Small<\/h2>\n<div class=\"product_inf_options_box_odd_row_val\">Jest to ma\u0142y kocio\u0142ek z siatk\u0105 ochronn\u0105 do podgrzewania naturalnego w\u0119gla kokosowego. W\u0119giel drzewny b\u0119dzie bezpiecznie spoczywa\u0142 na ruszcie i chroni\u0142 element grzejny. Zapewnia to \u017cywotno\u015b\u0107 zapalniczki w\u0119glowej.<\/div>\n<div><\/div>\n<div class=\"product_inf_options_box_odd_row_val\"><strong>Specyfikacja:<\/strong><br \/>\nPojemno\u015b\u0107: do 4 w\u0119gielk\u00f3w do fajki wodnej (26x26x26mm)<br \/>\nMoc: 500 W<br \/>\nPrzew\u00f3d zasilaj\u0105cy: 1 m.<br \/>\nNapi\u0119cie: 230 V ~ 50 Hz<\/div>\n<div class=\"product_inf_options_box_odd_row_val\">Temperatura: regulowana<br \/>\nBezpiecze\u0144stwo: Ochrona przed przegrzaniem, sprawdzona CE<\/p>\n<div>Czas nagrzewania w\u0119gla: ~10min.<\/div>\n<div><\/div>\n<div>Czy masz jakie\u015b pytania? Skontaktuj si\u0119 z nami\u00a0<a href=\"https:\/\/hookahshop.lt\/pl\/lacznosc\/\">strona z kontaktami<\/a>\u00a0lub napisz do nas na adres\u00a0<a href=\"https:\/\/facebook.com\/HookahShop.lt\/\" target=\"_blank\" rel=\"noopener noreferrer\">konto na Facebooku<\/a>\u00a0a my odpowiemy na Twoj\u0105 pro\u015bb\u0119 tego samego dnia.<\/div>\n<\/div>","protected":false},"excerpt":{"rendered":"<p>P\u0142yta grzewcza na w\u0119giel do fajki wodnej JOOKAH Small Jest to niewielka p\u0142yta grzewcza z siatk\u0105 ochronn\u0105 do podgrzewania naturalnego w\u0119gla kokosowego. W\u0119giel drzewny b\u0119dzie bezpiecznie spoczywa\u0142 na ruszcie w\u0119glowym i chroni\u0142 element grzejny. Zapewnia to \u017cywotno\u015b\u0107 zapalniczki w\u0119glowej. Specyfikacja: Pojemno\u015b\u0107: do 4 w\u0119gielk\u00f3w do fajki wodnej (26x26x26mm) Moc: 500W Kabel zasilaj\u0105cy: 1 m. Napi\u0119cie: 230V ~ 50 Hz Temperatura: regulowana Bezpiecze\u0144stwo: Ochrona przed przegrzaniem, [...]<\/p>","protected":false},"featured_media":39850,"comment_status":"open","ping_status":"closed","template":"","meta":[],"_links":{"self":[{"href":"https:\/\/hookahshop.lt\/pl\/wp-json\/wp\/v2\/product\/39849"}],"collection":[{"href":"https:\/\/hookahshop.lt\/pl\/wp-json\/wp\/v2\/product"}],"about":[{"href":"https:\/\/hookahshop.lt\/pl\/wp-json\/wp\/v2\/types\/product"}],"replies":[{"embeddable":true,"href":"https:\/\/hookahshop.lt\/pl\/wp-json\/wp\/v2\/comments?post=39849"}],"version-history":[{"count":4,"href":"https:\/\/hookahshop.lt\/pl\/wp-json\/wp\/v2\/product\/39849\/revisions"}],"predecessor-version":[{"id":39854,"href":"https:\/\/hookahshop.lt\/pl\/wp-json\/wp\/v2\/product\/39849\/revisions\/39854"}],"wp:featuredmedia":[{"embeddable":true,"href":"https:\/\/hookahshop.lt\/pl\/wp-json\/wp\/v2\/media\/39850"}],"wp:attachment":[{"href":"https:\/\/hookahshop.lt\/pl\/wp-json\/wp\/v2\/media?parent=39849"}],"curies":[{"name":"wp","href":"https:\/\/api.w.org\/{rel}","templated":true}]}}