{"id":39855,"date":"2024-08-23T00:12:13","date_gmt":"2024-08-22T21:12:13","guid":{"rendered":"https:\/\/hookahshop.lt\/?post_type=product&#038;p=39855"},"modified":"2026-04-14T23:29:43","modified_gmt":"2026-04-14T20:29:43","slug":"uzkuriklis-anglims-jookah-toaster","status":"publish","type":"product","link":"https:\/\/hookahshop.lt\/pl\/produkt\/toster-zapalniczka-jookah\/","title":{"rendered":"Zapalniczka z naturalnymi w\u0119glowodanami Toster JOOKAH"},"content":{"rendered":"<h2>Zapalniczka z naturalnymi w\u0119glowodanami Toster JOOKAH<\/h2>\n<p>Pomo\u017ce Ci wygodnie podgrza\u0107 w\u0119giel do fajki wodnej, bezpieczniejszy ni\u017c inne urz\u0105dzenia grzewcze i ekonomiczny dzi\u0119ki mocy 800 W. Kompaktowy i \u0142atwy w transporcie.<br \/>\nMie\u015bci do 5-6 w\u0119gli o wielko\u015bci do 26 mm. W\u0119gle rozgrzewaj\u0105 si\u0119 \u015brednio w ci\u0105gu 10-12 minut.<\/p>\n<p><strong>Specyfikacja:<\/strong><br \/>\nTermostat: Tak<br \/>\nMoc: 800 W<br \/>\nNapi\u0119cie: 230 V<br \/>\nCz\u0119stotliwo\u015b\u0107: 50 Hz<\/p>\n<p>Czy masz jakie\u015b pytania? Skontaktuj si\u0119 z nami\u00a0<a href=\"https:\/\/hookahshop.lt\/pl\/lacznosc\/\">strona z kontaktami<\/a>\u00a0lub napisz do nas na adres\u00a0<a href=\"https:\/\/facebook.com\/HookahShop.lt\/\" target=\"_blank\" rel=\"noopener noreferrer\">konto na Facebooku<\/a>\u00a0a my odpowiemy na Twoj\u0105 pro\u015bb\u0119 tego samego dnia.<\/p>","protected":false},"excerpt":{"rendered":"<p>Zapalniczka na w\u0119giel naturalny Toster JOOKAH Pomo\u017ce Ci wygodnie podgrza\u0107 w\u0119giel do fajki wodnej, bezpieczniej ni\u017c inne urz\u0105dzenia grzewcze i oszcz\u0119dnie dzi\u0119ki mocy 800W. Kompaktowy i \u0142atwy w transporcie. Mie\u015bci do 5-6 w\u0119gli o \u015brednicy do 26 mm. W\u0119gle nagrzewaj\u0105 si\u0119 \u015brednio w ci\u0105gu 10-12 minut. Specyfikacja: Termostat: Tak Moc: 800 W Napi\u0119cie: 230V Cz\u0119stotliwo\u015b\u0107: 50 Hz Masz pytania? Skontaktuj si\u0119 [\u2026]<\/p>","protected":false},"featured_media":39857,"comment_status":"open","ping_status":"closed","template":"","meta":[],"_links":{"self":[{"href":"https:\/\/hookahshop.lt\/pl\/wp-json\/wp\/v2\/product\/39855"}],"collection":[{"href":"https:\/\/hookahshop.lt\/pl\/wp-json\/wp\/v2\/product"}],"about":[{"href":"https:\/\/hookahshop.lt\/pl\/wp-json\/wp\/v2\/types\/product"}],"replies":[{"embeddable":true,"href":"https:\/\/hookahshop.lt\/pl\/wp-json\/wp\/v2\/comments?post=39855"}],"version-history":[{"count":4,"href":"https:\/\/hookahshop.lt\/pl\/wp-json\/wp\/v2\/product\/39855\/revisions"}],"predecessor-version":[{"id":45187,"href":"https:\/\/hookahshop.lt\/pl\/wp-json\/wp\/v2\/product\/39855\/revisions\/45187"}],"wp:featuredmedia":[{"embeddable":true,"href":"https:\/\/hookahshop.lt\/pl\/wp-json\/wp\/v2\/media\/39857"}],"wp:attachment":[{"href":"https:\/\/hookahshop.lt\/pl\/wp-json\/wp\/v2\/media?parent=39855"}],"curies":[{"name":"wp","href":"https:\/\/api.w.org\/{rel}","templated":true}]}}