{"id":39865,"date":"2024-08-23T17:23:50","date_gmt":"2024-08-23T14:23:50","guid":{"rendered":"https:\/\/hookahshop.lt\/?post_type=product&#038;p=39865"},"modified":"2026-04-14T23:29:43","modified_gmt":"2026-04-14T20:29:43","slug":"naturaliu-angliuku-uzkuriklis-jookah-jackpot","status":"publish","type":"product","link":"https:\/\/hookahshop.lt\/pl\/produkt\/natural-wegiel-starter-jookah-jackpot\/","title":{"rendered":"Zapalniczka z naturalnymi w\u0119glowodanami JOOKAH Jackpot"},"content":{"rendered":"<h2>Zapalniczka z naturalnymi w\u0119glowodanami JOOKAH Jackpot<\/h2>\n<p>Pomo\u017ce Ci wygodnie podgrza\u0107 w\u0119giel do fajki wodnej. Kompaktowy i \u0142atwy w transporcie. W\u0119giel naturalny nagrzewa si\u0119 \u015brednio 5-10 minut. Wyjmowana karbonowa tacka z uchwytem do przenoszenia karbonowej tacki mo\u017ce by\u0107 u\u017cywana jako szczypce. Regulacja temperatury do 6 poziom\u00f3w z termostatem.<\/p>\n<p><strong>Dane techniczne:<\/strong><br \/>\nTermostat: tak<br \/>\nMagazynek w\u0119glowy: stal nierdzewna<br \/>\nMoc: 800 W<br \/>\nNapi\u0119cie: 230 V, ~50 Hz<br \/>\nPojemno\u015b\u0107: 8 w\u0119gla (26mm)<br \/>\nD\u0142ugo\u015b\u0107 kabla: 1,2 m<br \/>\nKraj pochodzenia: Niemcy<\/p>\n<p>Czy masz jakie\u015b pytania? Skontaktuj si\u0119 z nami\u00a0<a href=\"https:\/\/hookahshop.lt\/pl\/lacznosc\/\">strona z kontaktami<\/a>\u00a0lub napisz do nas na adres\u00a0<a href=\"https:\/\/facebook.com\/HookahShop.lt\/\" target=\"_blank\" rel=\"noopener noreferrer\">konto na Facebooku<\/a>\u00a0a my odpowiemy na Twoj\u0105 pro\u015bb\u0119 tego samego dnia.<\/p>","protected":false},"excerpt":{"rendered":"<p>Zapalniczka z naturalnym w\u0119glem JOOKAH Jackpot pomo\u017ce Ci wygodnie podgrza\u0107 w\u0119giel do fajki wodnej. Kompaktowy i \u0142atwy w transporcie. Naturalny w\u0119giel nagrzewa si\u0119 \u015brednio w ci\u0105gu 5-10 minut. Od\u0142\u0105czany zbiornik na w\u0119giel z uchwytem do przesuwania zbiornika na w\u0119giel i mo\u017ce by\u0107 u\u017cywany jako szczypce. Regulacja temperatury do 6 poziom\u00f3w za pomoc\u0105 termostatu. Dane techniczne: Termostat: dost\u0119pny Zbiornik w\u0119gla: stal nierdzewna Moc: 800 W [\u2026]<\/p>","protected":false},"featured_media":39866,"comment_status":"open","ping_status":"closed","template":"","meta":[],"_links":{"self":[{"href":"https:\/\/hookahshop.lt\/pl\/wp-json\/wp\/v2\/product\/39865"}],"collection":[{"href":"https:\/\/hookahshop.lt\/pl\/wp-json\/wp\/v2\/product"}],"about":[{"href":"https:\/\/hookahshop.lt\/pl\/wp-json\/wp\/v2\/types\/product"}],"replies":[{"embeddable":true,"href":"https:\/\/hookahshop.lt\/pl\/wp-json\/wp\/v2\/comments?post=39865"}],"version-history":[{"count":5,"href":"https:\/\/hookahshop.lt\/pl\/wp-json\/wp\/v2\/product\/39865\/revisions"}],"predecessor-version":[{"id":45705,"href":"https:\/\/hookahshop.lt\/pl\/wp-json\/wp\/v2\/product\/39865\/revisions\/45705"}],"wp:featuredmedia":[{"embeddable":true,"href":"https:\/\/hookahshop.lt\/pl\/wp-json\/wp\/v2\/media\/39866"}],"wp:attachment":[{"href":"https:\/\/hookahshop.lt\/pl\/wp-json\/wp\/v2\/media?parent=39865"}],"curies":[{"name":"wp","href":"https:\/\/api.w.org\/{rel}","templated":true}]}}