{"id":39873,"date":"2024-08-23T18:07:49","date_gmt":"2024-08-23T15:07:49","guid":{"rendered":"https:\/\/hookahshop.lt\/?post_type=product&#038;p=39873"},"modified":"2026-04-14T23:29:43","modified_gmt":"2026-04-14T20:29:43","slug":"individualus-kaljano-kandiklis-blue","status":"publish","type":"product","link":"https:\/\/hookahshop.lt\/pl\/produkt\/indywidualny-ustnik-szisza-niebieski\/","title":{"rendered":"Indywidualny ustnik do fajki wodnej Niebieski"},"content":{"rendered":"<h2>Indywidualny ustnik do fajki wodnej Niebieski<\/h2>\n<p>Gwarantuje higieniczne korzystanie z fajki wodnej. U\u017cywaj\u0105c tego ustnika, zrobisz co\u015b dobrego nie tylko dla siebie i swojej higieny, ale tak\u017ce dla \u015brodowiska, poniewa\u017c ustniki po paleniu nie s\u0105 wyrzucane jak pojedyncze ustniki jednorazowe.<\/p>\n<p><strong>Specyfikacja:<\/strong><br \/>\nWymiary: 7,5x2cm<br \/>\nD\u0142ugo\u015b\u0107 ta\u015bmy: 47cm<br \/>\nMateria\u0142: akryl;<br \/>\nKompletny zestaw: torba, ta\u015bma, indywidualny ustnik.<\/p>\n<p>&nbsp;<\/p>\n<p>Czy masz jakie\u015b pytania? Skontaktuj si\u0119 z nami\u00a0<a href=\"https:\/\/hookahshop.lt\/pl\/lacznosc\/\">strona z kontaktami<\/a>\u00a0lub napisz do nas na adres\u00a0<a href=\"https:\/\/facebook.com\/HookahShop.lt\/\" target=\"_blank\" rel=\"noopener noreferrer\">konto na Facebooku<\/a>\u00a0a my odpowiemy na Twoj\u0105 pro\u015bb\u0119 tego samego dnia.<\/p>","protected":false},"excerpt":{"rendered":"<p>Indywidualny ustnik do fajki wodnej Niebieski Gwarantuje higieniczne palenie fajki wodnej. U\u017cywaj\u0105c tego ustnika, zrobisz co\u015b dobrego nie tylko dla siebie i swojej higieny, ale tak\u017ce dla \u015brodowiska, poniewa\u017c ustniki po paleniu nie s\u0105 wyrzucane jak pojedyncze ustniki jednorazowe. Specyfikacja: Wymiary: 7,5x2cm D\u0142ugo\u015b\u0107 ta\u015bmy: 47cm Materia\u0142: akryl Kompletny zestaw: woreczek, ta\u015bma, indywidualny ustnik.  Czy masz jakie\u015b pytania? Skontaktuj si\u0119 z nami poprzez nasz kontakt [\u2026]<\/p>","protected":false},"featured_media":39875,"comment_status":"open","ping_status":"closed","template":"","meta":[],"_links":{"self":[{"href":"https:\/\/hookahshop.lt\/pl\/wp-json\/wp\/v2\/product\/39873"}],"collection":[{"href":"https:\/\/hookahshop.lt\/pl\/wp-json\/wp\/v2\/product"}],"about":[{"href":"https:\/\/hookahshop.lt\/pl\/wp-json\/wp\/v2\/types\/product"}],"replies":[{"embeddable":true,"href":"https:\/\/hookahshop.lt\/pl\/wp-json\/wp\/v2\/comments?post=39873"}],"version-history":[{"count":5,"href":"https:\/\/hookahshop.lt\/pl\/wp-json\/wp\/v2\/product\/39873\/revisions"}],"predecessor-version":[{"id":39880,"href":"https:\/\/hookahshop.lt\/pl\/wp-json\/wp\/v2\/product\/39873\/revisions\/39880"}],"wp:featuredmedia":[{"embeddable":true,"href":"https:\/\/hookahshop.lt\/pl\/wp-json\/wp\/v2\/media\/39875"}],"wp:attachment":[{"href":"https:\/\/hookahshop.lt\/pl\/wp-json\/wp\/v2\/media?parent=39873"}],"curies":[{"name":"wp","href":"https:\/\/api.w.org\/{rel}","templated":true}]}}