{"id":39879,"date":"2024-08-23T18:11:54","date_gmt":"2024-08-23T15:11:54","guid":{"rendered":"https:\/\/hookahshop.lt\/?post_type=product&#038;p=39879"},"modified":"2026-04-18T23:29:30","modified_gmt":"2026-04-18T20:29:30","slug":"individualus-kaljano-kandiklis-brown","status":"publish","type":"product","link":"https:\/\/hookahshop.lt\/pl\/produkt\/indywidualny-szisza-ustnik-brazowy\/","title":{"rendered":"Indywidualny ustnik do fajki wodnej Br\u0105zowy"},"content":{"rendered":"<h2>Indywidualny ustnik do fajki wodnej Br\u0105zowy<\/h2>\n<p>Gwarantuje higieniczne korzystanie z fajki wodnej. U\u017cywaj\u0105c tego ustnika, zrobisz co\u015b dobrego nie tylko dla siebie i swojej higieny, ale tak\u017ce dla \u015brodowiska, poniewa\u017c ustniki po paleniu nie s\u0105 wyrzucane jak pojedyncze ustniki jednorazowe.<\/p>\n<p><strong>Specyfikacja:<\/strong><br \/>\nWymiary: 7,5x2cm<br \/>\nD\u0142ugo\u015b\u0107 ta\u015bmy: 47cm<br \/>\nMateria\u0142: akryl;<br \/>\nKompletny zestaw: torba, ta\u015bma, indywidualny ustnik.<\/p>\n<p>&nbsp;<\/p>\n<p>Czy masz jakie\u015b pytania? Skontaktuj si\u0119 z nami\u00a0<a href=\"https:\/\/hookahshop.lt\/pl\/lacznosc\/\">strona z kontaktami<\/a>\u00a0lub napisz do nas na adres\u00a0<a href=\"https:\/\/facebook.com\/HookahShop.lt\/\" target=\"_blank\" rel=\"noopener noreferrer\">konto na Facebooku<\/a>\u00a0a my odpowiemy na Twoj\u0105 pro\u015bb\u0119 tego samego dnia.<\/p>","protected":false},"excerpt":{"rendered":"<p>Indywidualny ustnik do fajki wodnej Brown Gwarantuje higieniczne doznania zwi\u0105zane z fajk\u0105 wodn\u0105. U\u017cywaj\u0105c tego ustnika, nie tylko zrobisz co\u015b dobrego dla siebie i swojej higieny, ale tak\u017ce dla \u015brodowiska, poniewa\u017c ustniki nie s\u0105 wyrzucane po paleniu jak pojedyncze ustniki jednorazowe. Specyfikacja: Wymiary: 7,5 x 2 cm D\u0142ugo\u015b\u0107 paska: 47 cm Materia\u0142: akryl Opakowanie: torba, pasek, indywidualny ustnik. Masz jakie\u015b pytania? Skontaktuj si\u0119 z nami pod adresem contact [\u2026]<\/p>","protected":false},"featured_media":39874,"comment_status":"open","ping_status":"closed","template":"","meta":[],"_links":{"self":[{"href":"https:\/\/hookahshop.lt\/pl\/wp-json\/wp\/v2\/product\/39879"}],"collection":[{"href":"https:\/\/hookahshop.lt\/pl\/wp-json\/wp\/v2\/product"}],"about":[{"href":"https:\/\/hookahshop.lt\/pl\/wp-json\/wp\/v2\/types\/product"}],"replies":[{"embeddable":true,"href":"https:\/\/hookahshop.lt\/pl\/wp-json\/wp\/v2\/comments?post=39879"}],"version-history":[{"count":3,"href":"https:\/\/hookahshop.lt\/pl\/wp-json\/wp\/v2\/product\/39879\/revisions"}],"predecessor-version":[{"id":39885,"href":"https:\/\/hookahshop.lt\/pl\/wp-json\/wp\/v2\/product\/39879\/revisions\/39885"}],"wp:featuredmedia":[{"embeddable":true,"href":"https:\/\/hookahshop.lt\/pl\/wp-json\/wp\/v2\/media\/39874"}],"wp:attachment":[{"href":"https:\/\/hookahshop.lt\/pl\/wp-json\/wp\/v2\/media?parent=39879"}],"curies":[{"name":"wp","href":"https:\/\/api.w.org\/{rel}","templated":true}]}}