{"id":39886,"date":"2024-08-23T18:51:43","date_gmt":"2024-08-23T15:51:43","guid":{"rendered":"https:\/\/hookahshop.lt\/?post_type=product&#038;p=39886"},"modified":"2026-04-18T23:29:30","modified_gmt":"2026-04-18T20:29:30","slug":"kaljanas-hoob-pro-space-grey-x-ss","status":"publish","type":"product","link":"https:\/\/hookahshop.lt\/pl\/produkt\/szisza-hoob-pro-space-grey-x-ss\/","title":{"rendered":"Fajka wodna HOOB Pro Space Grey x SS"},"content":{"rendered":"<h2>Fajka wodna HOOB Pro Space Grey x SS<\/h2>\n<p>Popularny ju\u017c srebrny design Hoob i niestandardowe kszta\u0142ty tej fajki wodnej sprawiaj\u0105, \u017ce jest ona naprawd\u0119 wyj\u0105tkowa, mo\u017cna jej u\u017cywa\u0107 gdziekolwiek chcesz, na \u0142onie natury, w domu, w biurze. Wysokiej jako\u015bci materia\u0142y s\u0105 idealnie dobrane, aby zapewni\u0107 najd\u0142u\u017csz\u0105 \u017cywotno\u015b\u0107 fajki wodnej i dopasowa\u0107 j\u0105 do nowoczesnego wygl\u0105du.<\/p>\n<p><strong>Charakterystyka:<\/strong><br \/>\nWysoko\u015b\u0107: 72 cm<br \/>\nMateria\u0142:: stal nierdzewna<br \/>\nZ\u0142\u0105cze w\u0119\u017ca: magnetyczne<br \/>\nDyfuzor: tak<\/p>\n<p><strong>Ekwipunek:<\/strong><br \/>\nWa\u0142<br \/>\nUstnik z gwintem HOOB<br \/>\nW\u0105\u017c szary HOOB<br \/>\nGwintowana kolba<\/p>\n<p><img decoding=\"async\" loading=\"lazy\" class=\"alignnone size-medium wp-image-38520\" src=\"https:\/\/hookahshop.lt\/wp-content\/uploads\/2020\/09\/stiebas-kolba-zarna-kandiklis-1-300x273.jpg\" alt=\"- hookahshop.lt\" width=\"300\" height=\"273\" srcset=\"https:\/\/hookahshop.lt\/wp-content\/uploads\/2020\/09\/stiebas-kolba-zarna-kandiklis-1-300x273.jpg 300w, https:\/\/hookahshop.lt\/wp-content\/uploads\/2020\/09\/stiebas-kolba-zarna-kandiklis-1-13x12.jpg 13w, https:\/\/hookahshop.lt\/wp-content\/uploads\/2020\/09\/stiebas-kolba-zarna-kandiklis-1-64x58.jpg 64w, https:\/\/hookahshop.lt\/wp-content\/uploads\/2020\/09\/stiebas-kolba-zarna-kandiklis-1.jpg 420w\" sizes=\"(max-width: 300px) 100vw, 300px\" title=\"\"><\/p>\n<p>Czy masz jakie\u015b pytania? Skontaktuj si\u0119 z nami\u00a0<a href=\"https:\/\/hookahshop.lt\/pl\/lacznosc\/\">strona z kontaktami<\/a>\u00a0lub napisz do nas na adres\u00a0<a href=\"https:\/\/facebook.com\/HookahShop.lt\/\" target=\"_blank\" rel=\"noopener noreferrer\">konto na Facebooku<\/a>\u00a0a my odpowiemy na Twoj\u0105 pro\u015bb\u0119 tego samego dnia.<\/p>","protected":false},"excerpt":{"rendered":"<p>Fajka wodna HOOB Pro Space Grey x SS Popularny ju\u017c srebrny design \u201eHoob\u201d i niestandardowe kszta\u0142ty tej fajki wodnej sprawiaj\u0105, \u017ce jest ona naprawd\u0119 wyj\u0105tkowa, mo\u017cna jej u\u017cywa\u0107 wsz\u0119dzie tam, gdzie chcesz, na \u0142onie natury, w domu, w biurze. Wysokiej jako\u015bci materia\u0142y s\u0105 idealnie dobrane, aby zapewni\u0107 najd\u0142u\u017csz\u0105 \u017cywotno\u015b\u0107 fajki wodnej i dopasowa\u0107 si\u0119 do nowoczesnego wygl\u0105du. Charakterystyka: Wysoko\u015b\u0107: 72cm Materia\u0142:: stal nierdzewna W\u0119\u017ce [\u2026]<\/p>","protected":false},"featured_media":39887,"comment_status":"open","ping_status":"closed","template":"","meta":[],"_links":{"self":[{"href":"https:\/\/hookahshop.lt\/pl\/wp-json\/wp\/v2\/product\/39886"}],"collection":[{"href":"https:\/\/hookahshop.lt\/pl\/wp-json\/wp\/v2\/product"}],"about":[{"href":"https:\/\/hookahshop.lt\/pl\/wp-json\/wp\/v2\/types\/product"}],"replies":[{"embeddable":true,"href":"https:\/\/hookahshop.lt\/pl\/wp-json\/wp\/v2\/comments?post=39886"}],"version-history":[{"count":3,"href":"https:\/\/hookahshop.lt\/pl\/wp-json\/wp\/v2\/product\/39886\/revisions"}],"predecessor-version":[{"id":39894,"href":"https:\/\/hookahshop.lt\/pl\/wp-json\/wp\/v2\/product\/39886\/revisions\/39894"}],"wp:featuredmedia":[{"embeddable":true,"href":"https:\/\/hookahshop.lt\/pl\/wp-json\/wp\/v2\/media\/39887"}],"wp:attachment":[{"href":"https:\/\/hookahshop.lt\/pl\/wp-json\/wp\/v2\/media?parent=39886"}],"curies":[{"name":"wp","href":"https:\/\/api.w.org\/{rel}","templated":true}]}}