{"id":39912,"date":"2024-08-23T22:22:49","date_gmt":"2024-08-23T19:22:49","guid":{"rendered":"https:\/\/hookahshop.lt\/?post_type=product&#038;p=39912"},"modified":"2026-04-15T12:29:42","modified_gmt":"2026-04-15T09:29:42","slug":"taurele-kaljanui-oblako-trio-phunnel-black-matte","status":"publish","type":"product","link":"https:\/\/hookahshop.lt\/pl\/produkt\/filizanka-szisza-oblako-trio-lejek-czarno-matowa\/","title":{"rendered":"Kubek do fajki wodnej OBLAKO Trio Phunnel Czarny Matowy"},"content":{"rendered":"<h2>Kubek do fajki wodnej OBLAKO Trio Phunnel Czarny Matowy<\/h2>\n<p>To kubek typu phunnel, tyle \u017ce nie z jednym otworem, ale z trzema! Do codziennego palenia, idealna do lekkich i ci\u0119\u017ckich tytoni! Fili\u017canka pokryta jest szkliwem, dzi\u0119ki czemu mo\u017ce przez d\u0142ugi czas zachowa\u0107 swoje oryginalne w\u0142a\u015bciwo\u015bci i wygl\u0105d. OBLAKO stosuje wy\u0142\u0105cznie bezpieczn\u0105 dla cz\u0142owieka jadaln\u0105 glazur\u0119, opracowan\u0105 przez partner\u00f3w w wyspecjalizowanych laboratoriach.<\/p>\n<p>Kubek tytoniu mie\u015bci 17\u201322 g.<\/p>\n<p><strong>Specyfikacje:<\/strong><sub><br \/>\n<\/sub>Wysoko\u015b\u0107: 10,5 mm<sub><br \/>\n<\/sub>\u015arednica (zewn\u0119trzna): 7,5 mm<sub><br \/>\n<\/sub>Liczba otwor\u00f3w: 3<sub><br \/>\n<\/sub><\/p>\n<p>Czy masz jakie\u015b pytania? Skontaktuj si\u0119 z nami\u00a0<a href=\"https:\/\/hookahshop.lt\/pl\/lacznosc\/\">strona z kontaktami<\/a>\u00a0lub napisz do nas na adres\u00a0<a href=\"https:\/\/facebook.com\/HookahShop.lt\/\" target=\"_blank\" rel=\"noopener\">konto na Facebooku<\/a>\u00a0a my odpowiemy na Twoj\u0105 pro\u015bb\u0119 tego samego dnia.<\/p>","protected":false},"excerpt":{"rendered":"<p>Kubek na fajk\u0119 wodn\u0105 OBLAKO Trio Phunnel Black Matte To kubek typu phunnel, tyle \u017ce nie z jednym otworem, a nawet trzema! Do codziennego palenia, idealny do lekkich i ci\u0119\u017ckich tytoni! Fili\u017canka pokryta jest szkliwem, dzi\u0119ki czemu przez d\u0142ugi czas zachowuje swoje pierwotne w\u0142a\u015bciwo\u015bci i wygl\u0105d. OBLAKO wykorzystuje wy\u0142\u0105cznie jadalne szkliwo bezpieczne dla cz\u0142owieka, opracowane przez partner\u00f3w w wyspecjalizowanych laboratoriach. [\u2026]<\/p>","protected":false},"featured_media":39913,"comment_status":"open","ping_status":"closed","template":"","meta":[],"_links":{"self":[{"href":"https:\/\/hookahshop.lt\/pl\/wp-json\/wp\/v2\/product\/39912"}],"collection":[{"href":"https:\/\/hookahshop.lt\/pl\/wp-json\/wp\/v2\/product"}],"about":[{"href":"https:\/\/hookahshop.lt\/pl\/wp-json\/wp\/v2\/types\/product"}],"replies":[{"embeddable":true,"href":"https:\/\/hookahshop.lt\/pl\/wp-json\/wp\/v2\/comments?post=39912"}],"version-history":[{"count":2,"href":"https:\/\/hookahshop.lt\/pl\/wp-json\/wp\/v2\/product\/39912\/revisions"}],"predecessor-version":[{"id":39915,"href":"https:\/\/hookahshop.lt\/pl\/wp-json\/wp\/v2\/product\/39912\/revisions\/39915"}],"wp:featuredmedia":[{"embeddable":true,"href":"https:\/\/hookahshop.lt\/pl\/wp-json\/wp\/v2\/media\/39913"}],"wp:attachment":[{"href":"https:\/\/hookahshop.lt\/pl\/wp-json\/wp\/v2\/media?parent=39912"}],"curies":[{"name":"wp","href":"https:\/\/api.w.org\/{rel}","templated":true}]}}