{"id":39920,"date":"2024-08-23T22:38:35","date_gmt":"2024-08-23T19:38:35","guid":{"rendered":"https:\/\/hookahshop.lt\/?post_type=product&#038;p=39920"},"modified":"2026-04-19T23:30:21","modified_gmt":"2026-04-19T20:30:21","slug":"taurele-kaljanui-oblako-trio-killer-black-matte","status":"publish","type":"product","link":"https:\/\/hookahshop.lt\/pl\/produkt\/filizanka-szisza-chmura-trio-killer-czarno-matowa\/","title":{"rendered":"Miska na fajk\u0119 wodn\u0105 OBLAKO Trio Killer Black Matte"},"content":{"rendered":"<h2>Miska na fajk\u0119 wodn\u0105 OBLAKO Trio Killer Black Matte<\/h2>\n<p>To zab\u00f3jczy kubek, tyle \u017ce nie z 5 dziurkami jak zwyk\u0142e kubki Oblaka, ale z 4, wi\u0119c sesja na fajce b\u0119dzie bardziej intensywna! Do codziennego palenia, idealny do lekkich i ci\u0119\u017ckich tytoni! Fili\u017canka pokryta jest szkliwem, dzi\u0119ki czemu przez d\u0142ugi czas zachowuje swoje pierwotne w\u0142a\u015bciwo\u015bci i wygl\u0105d. OBLAKO wykorzystuje wy\u0142\u0105cznie jadalne szkliwo bezpieczne dla cz\u0142owieka, opracowane przez partner\u00f3w w wyspecjalizowanych laboratoriach.<\/p>\n<p>Kubek tytoniu mie\u015bci 17\u201322 g.<\/p>\n<p><strong>Specyfikacje:<\/strong><sub><br \/>\n<\/sub>Wysoko\u015b\u0107: 10,5 mm<sub><br \/>\n<\/sub>\u015arednica (zewn\u0119trzna): 7,5 mm<sub><br \/>\n<\/sub>Liczba otwor\u00f3w: 4<sub><br \/>\n<\/sub><\/p>\n<p>Czy masz jakie\u015b pytania? Skontaktuj si\u0119 z nami\u00a0<a href=\"https:\/\/hookahshop.lt\/pl\/lacznosc\/\">strona z kontaktami<\/a>\u00a0lub napisz do nas na adres\u00a0<a href=\"https:\/\/facebook.com\/HookahShop.lt\/\" target=\"_blank\" rel=\"noopener\">konto na Facebooku<\/a>\u00a0a my odpowiemy na Twoj\u0105 pro\u015bb\u0119 tego samego dnia.<\/p>","protected":false},"excerpt":{"rendered":"<p>Kubek do fajki wodnej OBLAKO Trio Killer Black Matte To kubek typu zab\u00f3jca, tylko nie z 5 otworami jak zwyk\u0142e kubki Oblak, ale z 4, dzi\u0119ki czemu sesja na fajce wodnej b\u0119dzie bardziej intensywna! Do codziennego palenia, idealny do tytoni lekkich i ci\u0119\u017ckich! Fili\u017canka pokryta jest szkliwem, dzi\u0119ki czemu przez d\u0142ugi czas zachowuje swoje pierwotne w\u0142a\u015bciwo\u015bci i wygl\u0105d. OBLAKO u\u017cywa wy\u0142\u0105cznie [\u2026]<\/p>","protected":false},"featured_media":39921,"comment_status":"open","ping_status":"closed","template":"","meta":[],"_links":{"self":[{"href":"https:\/\/hookahshop.lt\/pl\/wp-json\/wp\/v2\/product\/39920"}],"collection":[{"href":"https:\/\/hookahshop.lt\/pl\/wp-json\/wp\/v2\/product"}],"about":[{"href":"https:\/\/hookahshop.lt\/pl\/wp-json\/wp\/v2\/types\/product"}],"replies":[{"embeddable":true,"href":"https:\/\/hookahshop.lt\/pl\/wp-json\/wp\/v2\/comments?post=39920"}],"version-history":[{"count":3,"href":"https:\/\/hookahshop.lt\/pl\/wp-json\/wp\/v2\/product\/39920\/revisions"}],"predecessor-version":[{"id":40045,"href":"https:\/\/hookahshop.lt\/pl\/wp-json\/wp\/v2\/product\/39920\/revisions\/40045"}],"wp:featuredmedia":[{"embeddable":true,"href":"https:\/\/hookahshop.lt\/pl\/wp-json\/wp\/v2\/media\/39921"}],"wp:attachment":[{"href":"https:\/\/hookahshop.lt\/pl\/wp-json\/wp\/v2\/media?parent=39920"}],"curies":[{"name":"wp","href":"https:\/\/api.w.org\/{rel}","templated":true}]}}