{"id":40048,"date":"2024-09-23T20:32:23","date_gmt":"2024-09-23T17:32:23","guid":{"rendered":"https:\/\/hookahshop.lt\/?post_type=product&#038;p=40048"},"modified":"2026-04-14T23:29:44","modified_gmt":"2026-04-14T20:29:44","slug":"kaljanas-honey-sigh-mini-force-elegant","status":"publish","type":"product","link":"https:\/\/hookahshop.lt\/pl\/produkt\/szisza-miodowa-westchnienie-mini-force-elegancka\/","title":{"rendered":"Fajka wodna HONEY SIGH Mini Force Elegant"},"content":{"rendered":"<h2>Fajka wodna HONEY SIGH Mini Force Elegant<\/h2>\n<p>Posiada doskona\u0142e w\u0142a\u015bciwo\u015bci u\u017cytkowe i dymne. Wszystkie cz\u0119\u015bci fajki wodnej wykonane s\u0105 ze stali nierdzewnej - trwa\u0142ej i stylowej. Rozmiar fajki wodnej jest wygodny zar\u00f3wno w transporcie, jak i do u\u017cytku domowego.<\/p>\n<p><strong>Charakterystyka:<\/strong><br \/>\nWysoko\u015b\u0107 fajki wodnej: 41 mm<br \/>\nMateria\u0142: Stal nierdzewna<br \/>\nFajka wodna: ci\u0119\u017cka (klasyczna)<br \/>\nWydmuch dymu: od do\u0142u do g\u00f3ry.<\/p>\n<p><strong>Ekwipunek:<\/strong><br \/>\nFajka wodna (trzon), ustnik, w\u0105\u017c silikonowy, przezroczysta kolba.<\/p>\n<p><img decoding=\"async\" loading=\"lazy\" class=\"alignnone size-medium wp-image-38520\" src=\"https:\/\/hookahshop.lt\/wp-content\/uploads\/2020\/09\/stiebas-kolba-zarna-kandiklis-1-300x273.jpg\" alt=\"- hookahshop.lt\" width=\"300\" height=\"273\" srcset=\"https:\/\/hookahshop.lt\/wp-content\/uploads\/2020\/09\/stiebas-kolba-zarna-kandiklis-1-300x273.jpg 300w, https:\/\/hookahshop.lt\/wp-content\/uploads\/2020\/09\/stiebas-kolba-zarna-kandiklis-1-13x12.jpg 13w, https:\/\/hookahshop.lt\/wp-content\/uploads\/2020\/09\/stiebas-kolba-zarna-kandiklis-1-64x58.jpg 64w, https:\/\/hookahshop.lt\/wp-content\/uploads\/2020\/09\/stiebas-kolba-zarna-kandiklis-1.jpg 420w\" sizes=\"(max-width: 300px) 100vw, 300px\" title=\"\"><\/p>\n<p>Czy masz jakie\u015b pytania? Skontaktuj si\u0119 z nami\u00a0<a href=\"https:\/\/hookahshop.lt\/pl\/lacznosc\/\">strona z kontaktami<\/a>\u00a0lub napisz do nas na adres\u00a0<a href=\"https:\/\/facebook.com\/HookahShop.lt\/\" target=\"_blank\" rel=\"noopener noreferrer\">konto na Facebooku<\/a>\u00a0a my odpowiemy na Twoj\u0105 pro\u015bb\u0119 tego samego dnia.<\/p>\n<p>&nbsp;<\/p>","protected":false},"excerpt":{"rendered":"<p>Fajka wodna HONEY SIGH Mini Force Elegant Posiada doskona\u0142e w\u0142a\u015bciwo\u015bci u\u017cytkowe i dymne. Wszystkie cz\u0119\u015bci fajki wodnej wykonane s\u0105 ze stali nierdzewnej - trwa\u0142ej i stylowej. Rozmiar fajki wodnej jest wygodny zar\u00f3wno w transporcie, jak i do u\u017cytku domowego. Charakterystyka: Szisza Wysoko\u015b\u0107: 41 mm Materia\u0142: Stal nierdzewna Si\u0142a fajki wodnej: Ci\u0119\u017cka (klasyczna) Wydmuch dymu: od do\u0142u do g\u00f3ry. Kompletny zestaw: szisza (trzon), ustnik, w\u0105\u017c silikonowy, [\u2026]<\/p>","protected":false},"featured_media":40050,"comment_status":"open","ping_status":"closed","template":"","meta":[],"_links":{"self":[{"href":"https:\/\/hookahshop.lt\/pl\/wp-json\/wp\/v2\/product\/40048"}],"collection":[{"href":"https:\/\/hookahshop.lt\/pl\/wp-json\/wp\/v2\/product"}],"about":[{"href":"https:\/\/hookahshop.lt\/pl\/wp-json\/wp\/v2\/types\/product"}],"replies":[{"embeddable":true,"href":"https:\/\/hookahshop.lt\/pl\/wp-json\/wp\/v2\/comments?post=40048"}],"version-history":[{"count":4,"href":"https:\/\/hookahshop.lt\/pl\/wp-json\/wp\/v2\/product\/40048\/revisions"}],"predecessor-version":[{"id":40054,"href":"https:\/\/hookahshop.lt\/pl\/wp-json\/wp\/v2\/product\/40048\/revisions\/40054"}],"wp:featuredmedia":[{"embeddable":true,"href":"https:\/\/hookahshop.lt\/pl\/wp-json\/wp\/v2\/media\/40050"}],"wp:attachment":[{"href":"https:\/\/hookahshop.lt\/pl\/wp-json\/wp\/v2\/media?parent=40048"}],"curies":[{"name":"wp","href":"https:\/\/api.w.org\/{rel}","templated":true}]}}