{"id":40105,"date":"2024-10-08T19:22:00","date_gmt":"2024-10-08T16:22:00","guid":{"rendered":"https:\/\/hookahshop.lt\/?post_type=product&#038;p=40105"},"modified":"2026-04-14T23:29:44","modified_gmt":"2026-04-14T20:29:44","slug":"znyples-kaljano-anglims-bronze","status":"publish","type":"product","link":"https:\/\/hookahshop.lt\/pl\/produkt\/fajka-szisza-wegiel-braz\/","title":{"rendered":"Szczypce do fajki wodnej Br\u0105z"},"content":{"rendered":"<h2>Szczypce do fajki wodnej Br\u0105z<\/h2>\n<p>Wykonany ze stali nierdzewnej, bardzo wygodny rozmiar.<\/p>\n<p><strong>Charakterystyka:<\/strong><br \/>\nKolor: br\u0105zowy<br \/>\nD\u0142ugo\u015b\u0107: 23cm<br \/>\nSzeroko\u015b\u0107: 2,8 cm<\/p>\n<p>Czy masz jakie\u015b pytania? Skontaktuj si\u0119 z nami\u00a0<a href=\"https:\/\/hookahshop.lt\/pl\/lacznosc\/\">strona z kontaktami<\/a>\u00a0lub napisz do nas na adres\u00a0<a href=\"https:\/\/facebook.com\/HookahShop.lt\/\" target=\"_blank\" rel=\"noopener noreferrer\">konto na Facebooku<\/a>\u00a0a my odpowiemy na Twoj\u0105 pro\u015bb\u0119 tego samego dnia.<\/p>\n<p>&nbsp;<\/p>\n<p>&nbsp;<\/p>","protected":false},"excerpt":{"rendered":"<p>Szczypce do w\u0119gla drzewnego do fajki wodnej z br\u0105zu. Wykonane ze stali nierdzewnej, bardzo por\u0119czne. Charakterystyka: Kolor: br\u0105zowy. D\u0142ugo\u015b\u0107: 23 cm. Szeroko\u015b\u0107: 2,8 cm. Masz pytania? Skontaktuj si\u0119 z nami za po\u015brednictwem strony kontaktowej lub napisz do nas na Facebooku, a odpowiemy tego samego dnia. &nbsp; &nbsp;<\/p>","protected":false},"featured_media":40106,"comment_status":"open","ping_status":"closed","template":"","meta":[],"_links":{"self":[{"href":"https:\/\/hookahshop.lt\/pl\/wp-json\/wp\/v2\/product\/40105"}],"collection":[{"href":"https:\/\/hookahshop.lt\/pl\/wp-json\/wp\/v2\/product"}],"about":[{"href":"https:\/\/hookahshop.lt\/pl\/wp-json\/wp\/v2\/types\/product"}],"replies":[{"embeddable":true,"href":"https:\/\/hookahshop.lt\/pl\/wp-json\/wp\/v2\/comments?post=40105"}],"version-history":[{"count":4,"href":"https:\/\/hookahshop.lt\/pl\/wp-json\/wp\/v2\/product\/40105\/revisions"}],"predecessor-version":[{"id":45251,"href":"https:\/\/hookahshop.lt\/pl\/wp-json\/wp\/v2\/product\/40105\/revisions\/45251"}],"wp:featuredmedia":[{"embeddable":true,"href":"https:\/\/hookahshop.lt\/pl\/wp-json\/wp\/v2\/media\/40106"}],"wp:attachment":[{"href":"https:\/\/hookahshop.lt\/pl\/wp-json\/wp\/v2\/media?parent=40105"}],"curies":[{"name":"wp","href":"https:\/\/api.w.org\/{rel}","templated":true}]}}