{"id":40111,"date":"2024-10-09T17:52:56","date_gmt":"2024-10-09T14:52:56","guid":{"rendered":"https:\/\/hookahshop.lt\/?post_type=product&#038;p=40111"},"modified":"2026-05-13T23:30:15","modified_gmt":"2026-05-13T20:30:15","slug":"taurele-kaljanui-kong-killzilla","status":"publish","type":"product","link":"https:\/\/hookahshop.lt\/pl\/produkt\/kubek-do-fajki-wodnej-kong-killzilla\/","title":{"rendered":"Miska na fajk\u0119 wodn\u0105 KONG Killzilla"},"content":{"rendered":"<h2>Miska na fajk\u0119 wodn\u0105 KONG Killzilla<\/h2>\n<p>Jasny, doskona\u0142y wz\u00f3r ze \u015bwietlistymi r\u00f3\u017cowymi elementami. Nienaganny styl i jako\u015b\u0107. Killzilla narodzi\u0142a si\u0119 i nadesz\u0142a nowa era: pierwsza na \u015bwiecie misa na fajki wodne z wbudowanym zaworem, kt\u00f3ry zamyka otw\u00f3r po wdychaniu dymu z fajki wodnej. Podczas palenia z nosa i ust kubka wydobywa si\u0119 dym, sprawiaj\u0105c wra\u017cenie, \u017ce KONG Killzilla uwolni jasny p\u0142omie\u0144! Kong Killzilla to kubek z limitowanej edycji 1000 egzemplarzy i jedyny na Litwie!<br \/>\nPojemno\u015b\u0107 tytoniu: 16-20g. (w zale\u017cno\u015bci od sposobu pakowania).<\/p>\n<p><strong>Specyfikacje:<\/strong><br \/>\nWysoko\u015b\u0107: 11,30 cm<br \/>\n\u015arednica (zewn\u0119trzna): 7,70 cm<br \/>\n\u015arednica (wewn\u0119trzna): 6,50cm<br \/>\nG\u0142\u0119boko\u015b\u0107: 1,50 cm<br \/>\n\u015arednica otworu: 3 i 8 mm<br \/>\nIlo\u015b\u0107 otwor\u00f3w: 9 szt.<br \/>\nWaga: ~630g.<\/p>\n<p>Czy masz jakie\u015b pytania? Skontaktuj si\u0119 z nami\u00a0<a href=\"https:\/\/hookahshop.lt\/pl\/lacznosc\/\">strona z kontaktami<\/a>\u00a0lub napisz do nas na adres\u00a0<a href=\"https:\/\/facebook.com\/HookahShop.lt\/\" target=\"_blank\" rel=\"noopener noreferrer\">konto na Facebooku<\/a>\u00a0a my odpowiemy na Twoj\u0105 pro\u015bb\u0119 tego samego dnia.<\/p>","protected":false},"excerpt":{"rendered":"<p>Kubek do fajki wodnej KONG Killzilla Jasny, idealny model ze \u015bwiec\u0105cymi r\u00f3\u017cowymi elementami. Nienaganny styl i jako\u015b\u0107. Killzilla powsta\u0142a i nadesz\u0142a nowa era: pierwszy na \u015bwiecie kubek do fajki wodnej z wbudowanym zaworem, kt\u00f3ry zamyka otw\u00f3r podczas zaci\u0105gania si\u0119 dymem. Podczas palenia dym wydobywa si\u0119 z noska i ustnika kubka, daj\u0105c wra\u017cenie, \u017ce KONG Killzilla zaraz uwolni jasny p\u0142omie\u0144! Kong Killzilla to limitowana edycja [\u2026]<\/p>","protected":false},"featured_media":40112,"comment_status":"open","ping_status":"closed","template":"","meta":[],"_links":{"self":[{"href":"https:\/\/hookahshop.lt\/pl\/wp-json\/wp\/v2\/product\/40111"}],"collection":[{"href":"https:\/\/hookahshop.lt\/pl\/wp-json\/wp\/v2\/product"}],"about":[{"href":"https:\/\/hookahshop.lt\/pl\/wp-json\/wp\/v2\/types\/product"}],"replies":[{"embeddable":true,"href":"https:\/\/hookahshop.lt\/pl\/wp-json\/wp\/v2\/comments?post=40111"}],"version-history":[{"count":4,"href":"https:\/\/hookahshop.lt\/pl\/wp-json\/wp\/v2\/product\/40111\/revisions"}],"predecessor-version":[{"id":40188,"href":"https:\/\/hookahshop.lt\/pl\/wp-json\/wp\/v2\/product\/40111\/revisions\/40188"}],"wp:featuredmedia":[{"embeddable":true,"href":"https:\/\/hookahshop.lt\/pl\/wp-json\/wp\/v2\/media\/40112"}],"wp:attachment":[{"href":"https:\/\/hookahshop.lt\/pl\/wp-json\/wp\/v2\/media?parent=40111"}],"curies":[{"name":"wp","href":"https:\/\/api.w.org\/{rel}","templated":true}]}}