{"id":40121,"date":"2024-10-09T18:54:35","date_gmt":"2024-10-09T15:54:35","guid":{"rendered":"https:\/\/hookahshop.lt\/?post_type=product&#038;p=40121"},"modified":"2026-04-19T23:30:21","modified_gmt":"2026-04-19T20:30:21","slug":"taurele-kaljanui-oblako-trio-fake","status":"publish","type":"product","link":"https:\/\/hookahshop.lt\/pl\/produkt\/kubek-szisza-chmura-trio-falszywe\/","title":{"rendered":"Fili\u017canka do fajki wodnej OBLAKO Trio Fake"},"content":{"rendered":"<h2>Fili\u017canka do fajki wodnej OBLAKO Trio Fake<\/h2>\n<p>Jedn\u0105 z najciekawszych rzeczy jest wska\u017anik nagrzania w postaci logo FAKE na szkliwie. Za jego pomoc\u0105 mo\u017cesz zrozumie\u0107, jak gor\u0105ca jest fili\u017canka. Tekst FAKE zmienia si\u0119 z ca\u0142kowicie czarnego (fili\u017canka zimna) na bia\u0142y (fili\u017canka ciep\u0142a). Jest to kubek nowego formatu w kszta\u0142cie kratki, jednak posiada cechy kubka typu phunnel! Do codziennego palenia, idealny do lekkich i ci\u0119\u017ckich tytoni! Fili\u017canka pokryta jest szkliwem, dzi\u0119ki czemu przez d\u0142ugi czas zachowuje swoje pierwotne w\u0142a\u015bciwo\u015bci i wygl\u0105d. OBLAKO wykorzystuje wy\u0142\u0105cznie jadalne szkliwo bezpieczne dla cz\u0142owieka, opracowane przez partner\u00f3w w wyspecjalizowanych laboratoriach.<\/p>\n<p>Fili\u017canka tytoniu zawiera 20-25 g.<\/p>\n<p><strong>Specyfikacje:<\/strong><sub><br \/>\n<\/sub>Wysoko\u015b\u0107: 10,5 mm<sub><br \/>\n<\/sub>\u015arednica (zewn\u0119trzna): 7,5 mm<sub><br \/>\n<\/sub>Liczba otwor\u00f3w: 1<sub><br \/>\n<\/sub><\/p>\n<p>Czy masz jakie\u015b pytania? Skontaktuj si\u0119 z nami\u00a0<a href=\"https:\/\/hookahshop.lt\/pl\/lacznosc\/\">strona z kontaktami<\/a>\u00a0lub napisz do nas na adres\u00a0<a href=\"https:\/\/facebook.com\/HookahShop.lt\/\" target=\"_blank\" rel=\"noopener\">konto na Facebooku<\/a>\u00a0a my odpowiemy na Twoj\u0105 pro\u015bb\u0119 tego samego dnia.<\/p>\n<p>&nbsp;<\/p>\n<p>&nbsp;<\/p>","protected":false},"excerpt":{"rendered":"<p>Cybuch do fajki wodnej OBLAKO Trio Fake Jedn\u0105 z najciekawszych rzeczy jest wska\u017anik nagrzewania w postaci logo FAKE na szkliwie. Za jego pomoc\u0105 mo\u017cna zorientowa\u0107 si\u0119, jak gor\u0105ca jest cybuch. Napis FAKE zmienia si\u0119 z ca\u0142kowicie czarnego (zimna cybuch) na bia\u0142y (ciep\u0142a cybuch). Jest to nowy format cybucha w kszta\u0142cie kratki, ale jego w\u0142a\u015bciwo\u015bci s\u0105 jak cybuch\u00f3w typu lejek! Zaprojektowany do codziennego palenia, idealnie nadaje si\u0119 \u2013 [\u2026]<\/p>","protected":false},"featured_media":40122,"comment_status":"open","ping_status":"closed","template":"","meta":[],"_links":{"self":[{"href":"https:\/\/hookahshop.lt\/pl\/wp-json\/wp\/v2\/product\/40121"}],"collection":[{"href":"https:\/\/hookahshop.lt\/pl\/wp-json\/wp\/v2\/product"}],"about":[{"href":"https:\/\/hookahshop.lt\/pl\/wp-json\/wp\/v2\/types\/product"}],"replies":[{"embeddable":true,"href":"https:\/\/hookahshop.lt\/pl\/wp-json\/wp\/v2\/comments?post=40121"}],"version-history":[{"count":2,"href":"https:\/\/hookahshop.lt\/pl\/wp-json\/wp\/v2\/product\/40121\/revisions"}],"predecessor-version":[{"id":40135,"href":"https:\/\/hookahshop.lt\/pl\/wp-json\/wp\/v2\/product\/40121\/revisions\/40135"}],"wp:featuredmedia":[{"embeddable":true,"href":"https:\/\/hookahshop.lt\/pl\/wp-json\/wp\/v2\/media\/40122"}],"wp:attachment":[{"href":"https:\/\/hookahshop.lt\/pl\/wp-json\/wp\/v2\/media?parent=40121"}],"curies":[{"name":"wp","href":"https:\/\/api.w.org\/{rel}","templated":true}]}}