{"id":40125,"date":"2024-10-09T19:19:28","date_gmt":"2024-10-09T16:19:28","guid":{"rendered":"https:\/\/hookahshop.lt\/?post_type=product&#038;p=40125"},"modified":"2026-04-17T16:33:47","modified_gmt":"2026-04-17T13:33:47","slug":"taurele-kaljanui-oblako-phunnel-m-white-black","status":"publish","type":"product","link":"https:\/\/hookahshop.lt\/pl\/produkt\/kubek-szisza-chmura-lejek-m-bialo-czarny\/","title":{"rendered":"Kubek do fajki wodnej OBLAKO Phunnel M Bia\u0142y Czarny"},"content":{"rendered":"<h2>Kubek do fajki wodnej OBLAKO Phunnel M Bia\u0142y Czarny<\/h2>\n<p>Jest szkliwiony do codziennego palenia, idealny zar\u00f3wno do lekkich, jak i ci\u0119\u017ckich tytoni! Fili\u017canka pokryta jest szkliwem, dzi\u0119ki czemu przez d\u0142ugi czas zachowuje swoje pierwotne w\u0142a\u015bciwo\u015bci i wygl\u0105d. OBLAKO wykorzystuje wy\u0142\u0105cznie jadalne szkliwo bezpieczne dla cz\u0142owieka, opracowane przez partner\u00f3w w wyspecjalizowanych laboratoriach zlokalizowanych w G\u017celskoje, jednym z o\u015brodk\u00f3w produkcji ceramiki.<br \/>\nKubek tytoniu mie\u015bci od 20 do 23 gram\u00f3w.<\/p>\n<p><strong>Specyfikacje:<\/strong><br \/>\nWysoko\u015b\u0107: 118mm<br \/>\n\u015arednica (zewn\u0119trzna): 74 mm<br \/>\n\u015arednica (wewn\u0119trzna): 68 mm<br \/>\nG\u0142\u0119boko\u015b\u0107: 12 mm<br \/>\n\u015arednica otworu: 12 mm<br \/>\nLiczba otwor\u00f3w: 1<br \/>\nWaga: oko\u0142o 182g.<\/p>\n<p>Czy masz jakie\u015b pytania? Skontaktuj si\u0119 z nami\u00a0<a href=\"https:\/\/hookahshop.lt\/pl\/lacznosc\/\">strona z kontaktami<\/a>\u00a0lub napisz do nas na adres\u00a0<a href=\"https:\/\/facebook.com\/HookahShop.lt\/\" target=\"_blank\" rel=\"noopener noreferrer\">konto na Facebooku<\/a>\u00a0a my odpowiemy na Twoj\u0105 pro\u015bb\u0119 tego samego dnia.<\/p>","protected":false},"excerpt":{"rendered":"<p>Cybuch do fajki wodnej OBLAKO Phunnel M White Black Jest to cybuch szkliwiony, przeznaczony do codziennego palenia, idealny do lekkich i ci\u0119\u017ckich tytoni! Cybuch pokryty jest szkliwem, dzi\u0119ki czemu mo\u017ce zachowa\u0107 swoje oryginalne w\u0142a\u015bciwo\u015bci i wygl\u0105d przez d\u0142ugi czas. OBLAKO u\u017cywa wy\u0142\u0105cznie szkliwa spo\u017cywczego, nieszkodliwego dla ludzi, kt\u00f3re zosta\u0142o opracowane przez partner\u00f3w w specjalistycznych laboratoriach zlokalizowanych w jednym z centr\u00f3w produkcji ceramiki w G\u017celskoje. Cybuch do tytoniu [\u2026]<\/p>","protected":false},"featured_media":40132,"comment_status":"open","ping_status":"closed","template":"","meta":[],"_links":{"self":[{"href":"https:\/\/hookahshop.lt\/pl\/wp-json\/wp\/v2\/product\/40125"}],"collection":[{"href":"https:\/\/hookahshop.lt\/pl\/wp-json\/wp\/v2\/product"}],"about":[{"href":"https:\/\/hookahshop.lt\/pl\/wp-json\/wp\/v2\/types\/product"}],"replies":[{"embeddable":true,"href":"https:\/\/hookahshop.lt\/pl\/wp-json\/wp\/v2\/comments?post=40125"}],"version-history":[{"count":4,"href":"https:\/\/hookahshop.lt\/pl\/wp-json\/wp\/v2\/product\/40125\/revisions"}],"predecessor-version":[{"id":43328,"href":"https:\/\/hookahshop.lt\/pl\/wp-json\/wp\/v2\/product\/40125\/revisions\/43328"}],"wp:featuredmedia":[{"embeddable":true,"href":"https:\/\/hookahshop.lt\/pl\/wp-json\/wp\/v2\/media\/40132"}],"wp:attachment":[{"href":"https:\/\/hookahshop.lt\/pl\/wp-json\/wp\/v2\/media?parent=40125"}],"curies":[{"name":"wp","href":"https:\/\/api.w.org\/{rel}","templated":true}]}}