{"id":40142,"date":"2024-10-09T22:55:04","date_gmt":"2024-10-09T19:55:04","guid":{"rendered":"https:\/\/hookahshop.lt\/?post_type=product&#038;p=40142"},"modified":"2026-04-15T12:29:42","modified_gmt":"2026-04-15T09:29:42","slug":"taurele-kaljanui-oblako-solo-classic-blue","status":"publish","type":"product","link":"https:\/\/hookahshop.lt\/pl\/produkt\/kubek-szisza-chmura-solo-klasyczny-niebieski\/","title":{"rendered":"Miska na fajk\u0119 wodn\u0105 OBLAKO Solo Classic Blue"},"content":{"rendered":"<h2>Miska na fajk\u0119 wodn\u0105 OBLAKO Solo Classic Blue<\/h2>\n<p>Ma\u0142a forma jest zoptymalizowana pod k\u0105tem kr\u00f3tkich sesji, dzi\u0119ki czemu jest idealnym wyborem do indywidualnych rytua\u0142\u00f3w. Jednak pomimo niewielkiego kszta\u0142tu, w kubku Oblak Solo mie\u015bci si\u0119 zaledwie 5-8 gram\u00f3w tytoniu. Jest to nie tylko ekonomiczne, ale tak\u017ce zapewnia 35-45-minutow\u0105 sesj\u0119.<\/p>\n<p><strong>Specyfikacje:<\/strong><br \/>\nWysoko\u015b\u0107: 5 cm<br \/>\n\u015arednica: 6,5 cm<br \/>\nIlo\u015b\u0107 otwor\u00f3w: 5 szt.<br \/>\nMateria\u0142: glina<\/p>\n<p>Czy masz jakie\u015b pytania? Skontaktuj si\u0119 z nami\u00a0<a href=\"https:\/\/hookahshop.lt\/pl\/lacznosc\/\">strona z kontaktami<\/a>\u00a0lub napisz do nas na adres\u00a0<a href=\"https:\/\/facebook.com\/HookahShop.lt\/\" target=\"_blank\" rel=\"noopener noreferrer\">konto na Facebooku<\/a>\u00a0a my odpowiemy na Twoj\u0105 pro\u015bb\u0119 tego samego dnia.<\/p>","protected":false},"excerpt":{"rendered":"<p>Cybuch do fajki wodnej OBLAKO Solo Classic Blue Ma\u0142y kszta\u0142t jest zoptymalizowany pod k\u0105tem kr\u00f3tkich sesji, dzi\u0119ki czemu jest idealnym wyborem do indywidualnych rytua\u0142\u00f3w. Jednak pomimo ma\u0142ego kszta\u0142tu, cybuch Oblak Solo mie\u015bci tylko 5-8 gram\u00f3w tytoniu. Jest to nie tylko ekonomiczne, ale tak\u017ce zapewnia 35-45 minutow\u0105 sesj\u0119. Specyfikacja: Wysoko\u015b\u0107: 5 cm \u015arednica: 6,5 cm Liczba otwor\u00f3w: 5 szt. Materia\u0142: glina Masz jakie\u015b pytania? [\u2026]<\/p>","protected":false},"featured_media":40148,"comment_status":"open","ping_status":"closed","template":"","meta":[],"_links":{"self":[{"href":"https:\/\/hookahshop.lt\/pl\/wp-json\/wp\/v2\/product\/40142"}],"collection":[{"href":"https:\/\/hookahshop.lt\/pl\/wp-json\/wp\/v2\/product"}],"about":[{"href":"https:\/\/hookahshop.lt\/pl\/wp-json\/wp\/v2\/types\/product"}],"replies":[{"embeddable":true,"href":"https:\/\/hookahshop.lt\/pl\/wp-json\/wp\/v2\/comments?post=40142"}],"version-history":[{"count":3,"href":"https:\/\/hookahshop.lt\/pl\/wp-json\/wp\/v2\/product\/40142\/revisions"}],"predecessor-version":[{"id":40185,"href":"https:\/\/hookahshop.lt\/pl\/wp-json\/wp\/v2\/product\/40142\/revisions\/40185"}],"wp:featuredmedia":[{"embeddable":true,"href":"https:\/\/hookahshop.lt\/pl\/wp-json\/wp\/v2\/media\/40148"}],"wp:attachment":[{"href":"https:\/\/hookahshop.lt\/pl\/wp-json\/wp\/v2\/media?parent=40142"}],"curies":[{"name":"wp","href":"https:\/\/api.w.org\/{rel}","templated":true}]}}