{"id":40165,"date":"2024-10-09T23:14:43","date_gmt":"2024-10-09T20:14:43","guid":{"rendered":"https:\/\/hookahshop.lt\/?post_type=product&#038;p=40165"},"modified":"2026-04-17T23:29:59","modified_gmt":"2026-04-17T20:29:59","slug":"taurele-kaljanui-cosmo-turkish-asia","status":"publish","type":"product","link":"https:\/\/hookahshop.lt\/pl\/produkt\/kubek-do-fajki-cosmo-tureckiej-azji\/","title":{"rendered":"Fili\u017canka do fajki wodnej COSMO turecka Azja"},"content":{"rendered":"<h2>Fili\u017canka do fajki wodnej COSMO turecka Azja<\/h2>\n<p>Dobrze rozprasza ciep\u0142o, doskonale oddaje smak tytoniu. Kubek nadaje si\u0119 do lekkich, \u015brednich i mocnych sesji. Uniwersalna opcja dla wszystkich rodzaj\u00f3w tytoniu do fajki wodnej. Dno kubka nie nagrzewa si\u0119 ze wzgl\u0119du na g\u0119st\u0105 glin\u0119, dlatego mo\u017cna go bezpiecznie i wygodnie wyj\u0105\u0107 po sesji fajki wodnej.<br \/>\nW kubku mie\u015bci si\u0119 ~18-25 g tytoniu (w zale\u017cno\u015bci od zastosowanego sposobu pakowania).<\/p>\n<p><strong>Specyfikacje:<\/strong><br \/>\nTyp: turecki<br \/>\nMateria\u0142: glina<br \/>\nWysoko\u015b\u0107: ~8,5 cm<br \/>\n\u015arednica (zewn\u0119trzna): ~6,8 cm<\/p>\n<p>&nbsp;<\/p>\n<p>Czy masz jakie\u015b pytania? Skontaktuj si\u0119 z nami\u00a0<a href=\"https:\/\/hookahshop.lt\/pl\/lacznosc\/\">strona z kontaktami<\/a>\u00a0lub napisz do nas na adres\u00a0<a href=\"https:\/\/facebook.com\/HookahShop.lt\/\" target=\"_blank\" rel=\"noopener\">konto na Facebooku<\/a>\u00a0a my odpowiemy na Twoj\u0105 pro\u015bb\u0119 tego samego dnia.<\/p>\n<p>&nbsp;<\/p>\n<p>&nbsp;<\/p>\n<p>&nbsp;<\/p>","protected":false},"excerpt":{"rendered":"<p>Kubek do shishy COSMO Turkish Asia Dobrze rozprowadza ciep\u0142o, doskonale uwydatnia smak tytoniu. Kubek nadaje si\u0119 do lekkich, \u015brednich i mocnych sesji. Uniwersalna opcja do wszystkich rodzaj\u00f3w tytoniu do shishy. Dno kubka nie przegrzewa si\u0119 dzi\u0119ki grubej glinie, wi\u0119c bezpiecznie i wygodnie jest go wyj\u0105\u0107 po zako\u0144czeniu sesji shishy. Kubek mie\u015bci ~ 18-25 g tytoniu (w zale\u017cno\u015bci od zastosowanego sposobu pakowania). Specyfikacja: Typ: turecki [\u2026]<\/p>","protected":false},"featured_media":40166,"comment_status":"open","ping_status":"closed","template":"","meta":[],"_links":{"self":[{"href":"https:\/\/hookahshop.lt\/pl\/wp-json\/wp\/v2\/product\/40165"}],"collection":[{"href":"https:\/\/hookahshop.lt\/pl\/wp-json\/wp\/v2\/product"}],"about":[{"href":"https:\/\/hookahshop.lt\/pl\/wp-json\/wp\/v2\/types\/product"}],"replies":[{"embeddable":true,"href":"https:\/\/hookahshop.lt\/pl\/wp-json\/wp\/v2\/comments?post=40165"}],"version-history":[{"count":3,"href":"https:\/\/hookahshop.lt\/pl\/wp-json\/wp\/v2\/product\/40165\/revisions"}],"predecessor-version":[{"id":45377,"href":"https:\/\/hookahshop.lt\/pl\/wp-json\/wp\/v2\/product\/40165\/revisions\/45377"}],"wp:featuredmedia":[{"embeddable":true,"href":"https:\/\/hookahshop.lt\/pl\/wp-json\/wp\/v2\/media\/40166"}],"wp:attachment":[{"href":"https:\/\/hookahshop.lt\/pl\/wp-json\/wp\/v2\/media?parent=40165"}],"curies":[{"name":"wp","href":"https:\/\/api.w.org\/{rel}","templated":true}]}}