{"id":40196,"date":"2024-10-11T18:27:21","date_gmt":"2024-10-11T15:27:21","guid":{"rendered":"https:\/\/hookahshop.lt\/?post_type=product&#038;p=40196"},"modified":"2026-04-14T23:29:44","modified_gmt":"2026-04-14T20:29:44","slug":"kaljanas-alpha-hookah-beat-vndl-black","status":"publish","type":"product","link":"https:\/\/hookahshop.lt\/pl\/produkt\/szisza-alfa-szisza-beat-vndl-czarna\/","title":{"rendered":"Fajka wodna ALPHA HOOKAH Beat VNDL Black"},"content":{"rendered":"<h2>Fajka wodna ALPHA HOOKAH Beat VNDL Black<\/h2>\n<p>Ekskluzywny i buntowniczy zmodernizowany model Alpha Hookah Beat VNDL. Nowy projekt fajki wodnej Beat, kt\u00f3ry prze\u0142amie utarte stereotypy.<\/p>\n<p><strong>Specyfikacje:<\/strong><br \/>\nWysoko\u015b\u0107 fajki wodnej z kolb\u0105: 35 cm.<br \/>\nWewn\u0119trzna \u015brednica wa\u0142u: 11 mm.<br \/>\n\u015arednica talerza: 17 cm.<br \/>\nKolor: czarny mat<br \/>\nMateria\u0142: wysokiej jako\u015bci stal nierdzewna<\/p>\n<p><strong>Ekwipunek:<\/strong><br \/>\nWa\u0142<br \/>\nUstnik<br \/>\nP\u0142yta (grawerowana)<br \/>\nW\u0105\u017c silikonowy (mi\u0119kki w dotyku)<br \/>\nDyfuzor (regulowany)<br \/>\nPo\u0142\u0105czenie magnetyczne<br \/>\nKolba<\/p>\n<picture><source srcset=\"https:\/\/hookahshop.lt\/wp-content\/webp-express\/webp-images\/uploads\/2020\/09\/stiebas-kolba-zarna-kandiklis-1-300x273.jpg.webp 300w, https:\/\/hookahshop.lt\/wp-content\/webp-express\/webp-images\/uploads\/2020\/09\/stiebas-kolba-zarna-kandiklis-1-13x12.jpg.webp 13w, https:\/\/hookahshop.lt\/wp-content\/webp-express\/webp-images\/uploads\/2020\/09\/stiebas-kolba-zarna-kandiklis-1-64x58.jpg.webp 64w, https:\/\/hookahshop.lt\/wp-content\/webp-express\/webp-images\/uploads\/2020\/09\/stiebas-kolba-zarna-kandiklis-1.jpg.webp 420w\" type=\"image\/webp\" sizes=\"(max-width: 300px) 100vw, 300px\" \/><img decoding=\"async\" loading=\"lazy\" class=\"alignnone size-medium wp-image-38520 webpexpress-processed\" title=\"Fajka wodna ALPHA HOOKAH Pokonaj wandala 1\" src=\"https:\/\/hookahshop.lt\/wp-content\/uploads\/2020\/09\/stiebas-kolba-zarna-kandiklis-1-300x273.jpg\" sizes=\"(max-width: 300px) 100vw, 300px\" srcset=\"https:\/\/hookahshop.lt\/wp-content\/uploads\/2020\/09\/stiebas-kolba-zarna-kandiklis-1-300x273.jpg 300w, https:\/\/hookahshop.lt\/wp-content\/uploads\/2020\/09\/stiebas-kolba-zarna-kandiklis-1-13x12.jpg 13w, https:\/\/hookahshop.lt\/wp-content\/uploads\/2020\/09\/stiebas-kolba-zarna-kandiklis-1-64x58.jpg 64w, https:\/\/hookahshop.lt\/wp-content\/uploads\/2020\/09\/stiebas-kolba-zarna-kandiklis-1.jpg 420w\" alt=\"ustnik w\u0119\u017ca z kolb\u0105 na trzpie\u0144 1 - hookahshop.lt\" width=\"300\" height=\"273\" \/><\/picture>\n<p>&nbsp;<\/p>\n<p>&nbsp;<\/p>\n<p>Czy masz jakie\u015b pytania? Skontaktuj si\u0119 z nami\u00a0<a href=\"https:\/\/hookahshop.lt\/pl\/lacznosc\/\">strona z kontaktami<\/a>\u00a0lub napisz do nas na adres\u00a0<a href=\"https:\/\/facebook.com\/HookahShop.lt\/\" target=\"_blank\" rel=\"noopener noreferrer\">konto na Facebooku<\/a>\u00a0a my odpowiemy na Twoj\u0105 pro\u015bb\u0119 tego samego dnia.<\/p>\n<p>&nbsp;<\/p>","protected":false},"excerpt":{"rendered":"<p>Fajka wodna ALPHA HOOKAH Beat VNDL Czarna Ekskluzywny i buntowniczy zaktualizowany model Beat VNDL od firmy Alpha Hookah. Nowy design fajki wodnej Beat, kt\u00f3ry z\u0142amie utarte stereotypy. Specyfikacja: Wysoko\u015b\u0107 fajki wodnej z kolb\u0105: 35 cm. \u015arednica wewn\u0119trzna trzonu: 11 mm. \u015arednica talerza: 17 cm. Kolor: matowa czer\u0144 Materia\u0142: wysokiej jako\u015bci stal nierdzewna Opakowanie: Trzon Ustnik Talerz (grawerowany) W\u0105\u017c silikonowy [\u2026]<\/p>","protected":false},"featured_media":40197,"comment_status":"open","ping_status":"closed","template":"","meta":[],"_links":{"self":[{"href":"https:\/\/hookahshop.lt\/pl\/wp-json\/wp\/v2\/product\/40196"}],"collection":[{"href":"https:\/\/hookahshop.lt\/pl\/wp-json\/wp\/v2\/product"}],"about":[{"href":"https:\/\/hookahshop.lt\/pl\/wp-json\/wp\/v2\/types\/product"}],"replies":[{"embeddable":true,"href":"https:\/\/hookahshop.lt\/pl\/wp-json\/wp\/v2\/comments?post=40196"}],"version-history":[{"count":4,"href":"https:\/\/hookahshop.lt\/pl\/wp-json\/wp\/v2\/product\/40196\/revisions"}],"predecessor-version":[{"id":41096,"href":"https:\/\/hookahshop.lt\/pl\/wp-json\/wp\/v2\/product\/40196\/revisions\/41096"}],"wp:featuredmedia":[{"embeddable":true,"href":"https:\/\/hookahshop.lt\/pl\/wp-json\/wp\/v2\/media\/40197"}],"wp:attachment":[{"href":"https:\/\/hookahshop.lt\/pl\/wp-json\/wp\/v2\/media?parent=40196"}],"curies":[{"name":"wp","href":"https:\/\/api.w.org\/{rel}","templated":true}]}}