{"id":40202,"date":"2024-10-11T19:13:00","date_gmt":"2024-10-11T16:13:00","guid":{"rendered":"https:\/\/hookahshop.lt\/?post_type=product&#038;p=40202"},"modified":"2026-04-20T23:29:40","modified_gmt":"2026-04-20T20:29:40","slug":"taurele-kaljanui-alpha-strike-black-matt","status":"publish","type":"product","link":"https:\/\/hookahshop.lt\/pl\/produkt\/kubek-do-fajki-wodnej-alpha-strike-czarno-matowy\/","title":{"rendered":"Kubek do fajki wodnej ALPHA Strike Black Matt"},"content":{"rendered":"<h2>Kubek do fajki wodnej ALPHA Strike Black Matt<\/h2>\n<p>ALPHA HOOKAH, znanego producenta fajek wodnych i akcesori\u00f3w do fajek wodnych, nowe, r\u0119cznie robione kubki o zab\u00f3jczych kszta\u0142tach. Dzi\u0119ki brakowi glazury kubek pozwala na jeszcze bardziej precyzyjn\u0105 i wygodn\u0105 kontrol\u0119 r\u00f3wnania ciep\u0142a.<br \/>\nPojemno\u015b\u0107 tytoniu: 18-25g. (w zale\u017cno\u015bci od zastosowanego sposobu pakowania i rodzaju tytoniu).<\/p>\n<p><strong>Specyfikacja:<\/strong><br \/>\nWysoko\u015b\u0107: 10 cm<br \/>\n\u015arednica: ~75mm<br \/>\nIlo\u015b\u0107 otwor\u00f3w: 5 szt<\/p>\n<p><strong>Charakterystyka:<\/strong><br \/>\nTyp: zab\u00f3jczy<br \/>\nMateria\u0142: niemiecka ceramika.<\/p>\n<p>&nbsp;<\/p>\n<p>Czy masz jakie\u015b pytania? Skontaktuj si\u0119 z nami\u00a0<a href=\"https:\/\/hookahshop.lt\/pl\/lacznosc\/\">strona z kontaktami<\/a>\u00a0lub napisz do nas na adres\u00a0<a href=\"https:\/\/facebook.com\/HookahShop.lt\/\" target=\"_blank\" rel=\"noopener\">konto na Facebooku<\/a>\u00a0a my odpowiemy na Twoj\u0105 pro\u015bb\u0119 tego samego dnia.<\/p>\n<p>&nbsp;<\/p>\n<p>&nbsp;<\/p>","protected":false},"excerpt":{"rendered":"<p>Kubek do fajki wodnej ALPHA Strike Black Matt Nowy r\u0119cznie robiony kubek o zab\u00f3jczym kszta\u0142cie od znanego producenta fajek wodnych i akcesori\u00f3w do fajek wodnych ALPHA HOOKAH. Dzi\u0119ki braku glazury kubek pozwala na jeszcze bardziej precyzyjn\u0105 i wygodn\u0105 kontrol\u0119 poziomu ciep\u0142a. Pojemno\u015b\u0107 tytoniu: 18-25g. (w zale\u017cno\u015bci od zastosowanej metody pakowania i rodzaju tytoniu). Specyfikacja: Wysoko\u015b\u0107: 10cm \u015arednica: ~75mm Liczba otwor\u00f3w: 5szt. Charakterystyka: Typ: [\u2026]<\/p>","protected":false},"featured_media":40203,"comment_status":"open","ping_status":"closed","template":"","meta":[],"_links":{"self":[{"href":"https:\/\/hookahshop.lt\/pl\/wp-json\/wp\/v2\/product\/40202"}],"collection":[{"href":"https:\/\/hookahshop.lt\/pl\/wp-json\/wp\/v2\/product"}],"about":[{"href":"https:\/\/hookahshop.lt\/pl\/wp-json\/wp\/v2\/types\/product"}],"replies":[{"embeddable":true,"href":"https:\/\/hookahshop.lt\/pl\/wp-json\/wp\/v2\/comments?post=40202"}],"version-history":[{"count":4,"href":"https:\/\/hookahshop.lt\/pl\/wp-json\/wp\/v2\/product\/40202\/revisions"}],"predecessor-version":[{"id":43754,"href":"https:\/\/hookahshop.lt\/pl\/wp-json\/wp\/v2\/product\/40202\/revisions\/43754"}],"wp:featuredmedia":[{"embeddable":true,"href":"https:\/\/hookahshop.lt\/pl\/wp-json\/wp\/v2\/media\/40203"}],"wp:attachment":[{"href":"https:\/\/hookahshop.lt\/pl\/wp-json\/wp\/v2\/media?parent=40202"}],"curies":[{"name":"wp","href":"https:\/\/api.w.org\/{rel}","templated":true}]}}