{"id":40244,"date":"2024-10-22T17:52:48","date_gmt":"2024-10-22T14:52:48","guid":{"rendered":"https:\/\/hookahshop.lt\/?post_type=product&#038;p=40244"},"modified":"2026-05-05T23:30:26","modified_gmt":"2026-05-05T20:30:26","slug":"duju-balionelis-gas-227g","status":"publish","type":"product","link":"https:\/\/hookahshop.lt\/pl\/produkt\/butla-gaz-gaz-227g\/","title":{"rendered":"Butla gazowa GAZ 227g"},"content":{"rendered":"<h2>Butla gazowa GAZ 227g<\/h2>\n<p>Nadaje si\u0119 do u\u017cytku z kuchenk\u0105 gazow\u0105 w celu rozpalenia naturalnego w\u0119gla kokosowego do fajki wodnej. Butla z butanem z zaworem. Butla z gazem jest zgodna z norm\u0105 EN 417.<br \/>\nZastosowanie: do przeno\u015bnych kuchenek gazowych.<br \/>\nSk\u0142ad: mieszanina butanu i propanu (99% butan, 1% propan).<\/p>\n<p>&nbsp;<\/p>\n<p>Czy masz jakie\u015b pytania? Skontaktuj si\u0119 z nami\u00a0<a href=\"https:\/\/hookahshop.lt\/pl\/lacznosc\/\">strona z kontaktami<\/a>\u00a0lub napisz do nas na adres\u00a0<a href=\"https:\/\/facebook.com\/HookahShop.lt\/\" target=\"_blank\" rel=\"noopener noreferrer\">konto na Facebooku<\/a>\u00a0a my odpowiemy na Twoj\u0105 pro\u015bb\u0119 tego samego dnia.<\/p>\n<p>&nbsp;<\/p>","protected":false},"excerpt":{"rendered":"<p>Butla gazowa GAS 227g Nadaje si\u0119 do stosowania z kuchenk\u0105 gazow\u0105 w celu rozpalenia naturalnego w\u0119gla kokosowego do fajki wodnej. Butla gazowa butanowa z zaworem. Butla gazowa zgodna z norm\u0105 EN 417. Zastosowanie: do przeno\u015bnych kuchenek gazowych. Sk\u0142ad: mieszanka butanu i propanu (butan 99%, propan 1%). Masz pytania? Skontaktuj si\u0119 z nami na stronie kontaktowej lub napisz do nas na Facebooku, a my odpowiemy na Twoje pytanie w ci\u0105gu [\u2026]<\/p>","protected":false},"featured_media":40245,"comment_status":"open","ping_status":"closed","template":"","meta":[],"_links":{"self":[{"href":"https:\/\/hookahshop.lt\/pl\/wp-json\/wp\/v2\/product\/40244"}],"collection":[{"href":"https:\/\/hookahshop.lt\/pl\/wp-json\/wp\/v2\/product"}],"about":[{"href":"https:\/\/hookahshop.lt\/pl\/wp-json\/wp\/v2\/types\/product"}],"replies":[{"embeddable":true,"href":"https:\/\/hookahshop.lt\/pl\/wp-json\/wp\/v2\/comments?post=40244"}],"version-history":[{"count":3,"href":"https:\/\/hookahshop.lt\/pl\/wp-json\/wp\/v2\/product\/40244\/revisions"}],"predecessor-version":[{"id":45190,"href":"https:\/\/hookahshop.lt\/pl\/wp-json\/wp\/v2\/product\/40244\/revisions\/45190"}],"wp:featuredmedia":[{"embeddable":true,"href":"https:\/\/hookahshop.lt\/pl\/wp-json\/wp\/v2\/media\/40245"}],"wp:attachment":[{"href":"https:\/\/hookahshop.lt\/pl\/wp-json\/wp\/v2\/media?parent=40244"}],"curies":[{"name":"wp","href":"https:\/\/api.w.org\/{rel}","templated":true}]}}