{"id":40544,"date":"2025-01-02T16:51:04","date_gmt":"2025-01-02T14:51:04","guid":{"rendered":"https:\/\/hookahshop.lt\/?post_type=product&#038;p=40544"},"modified":"2026-04-15T12:29:43","modified_gmt":"2026-04-15T09:29:43","slug":"taurele-kaljanui-art-bar-killer-v1","status":"publish","type":"product","link":"https:\/\/hookahshop.lt\/pl\/produkt\/puchar-szisza-art-bar-killer-v1\/","title":{"rendered":"Kubek do fajki wodnej ART BAR Killer V1"},"content":{"rendered":"<h2>Kubek do fajki wodnej ART BAR Killer V1<\/h2>\n<p>Wyr\u00f3\u017cnia si\u0119 wyj\u0105tkowym designem inspirowanym stylem vintage. Charakteryzuje si\u0119 charakterystycznymi, czystymi, ostrymi liniami powierzchni, kt\u00f3re zapewniaj\u0105 zar\u00f3wno styl, jak i funkcjonalno\u015b\u0107. Kszta\u0142t kielicha zab\u00f3jczego jest odpowiedni dla mocnego tytoniu.<\/p>\n<p>Pojemno\u015b\u0107 tytoniu: 15-20g. (w zale\u017cno\u015bci od zastosowanego sposobu pakowania i rodzaju tytoniu).<\/p>\n<p><strong>Specyfikacja:<\/strong><br \/>\nWysoko\u015b\u0107: 11,8 cm<br \/>\n\u015arednica zewn\u0119trzna: 6cm<br \/>\n\u015arednica wewn\u0119trzna: 5,5 cm<br \/>\nG\u0142\u0119boko\u015b\u0107: 2 cm<br \/>\n\u015arednica otworu: 1cm<br \/>\nLiczba otwor\u00f3w: 4<\/p>\n<p><strong>Charakterystyka:<\/strong><br \/>\nTyp: zab\u00f3jczy<br \/>\nMateria\u0142: glina<\/p>\n<p>Czy masz jakie\u015b pytania? Skontaktuj si\u0119 z nami\u00a0<a href=\"https:\/\/hookahshop.lt\/pl\/lacznosc\/\">strona z kontaktami<\/a>\u00a0lub napisz do nas na adres\u00a0<a href=\"https:\/\/facebook.com\/HookahShop.lt\/\" target=\"_blank\" rel=\"noopener\">konto na Facebooku<\/a>\u00a0a my odpowiemy na Twoj\u0105 pro\u015bb\u0119 tego samego dnia.<\/p>","protected":false},"excerpt":{"rendered":"<p>Kubek do fajki wodnej ART BAR Killer V1 wyr\u00f3\u017cnia si\u0119 wyj\u0105tkowym i inspirowanym stylem vintage designem. Wyr\u00f3\u017cnia si\u0119 wyra\u017anymi, czystymi, ostrymi liniami powierzchni, kt\u00f3re zapewniaj\u0105 zar\u00f3wno styl, jak i funkcjonalno\u015b\u0107. Kszta\u0142t kubka Killer jest odpowiedni do mocnego tytoniu. Pojemno\u015b\u0107 tytoniu: 15-20 g. (w zale\u017cno\u015bci od sposobu pakowania i rodzaju u\u017cytego tytoniu). Specyfikacja: Wysoko\u015b\u0107: 11,8 cm \u015arednica zewn\u0119trzna: 6 cm \u015arednica wewn\u0119trzna: 5,5 cm G\u0142\u0119boko\u015b\u0107: 2 cm \u015arednica otworu: 1 cm [\u2026]<\/p>","protected":false},"featured_media":40671,"comment_status":"open","ping_status":"closed","template":"","meta":[],"_links":{"self":[{"href":"https:\/\/hookahshop.lt\/pl\/wp-json\/wp\/v2\/product\/40544"}],"collection":[{"href":"https:\/\/hookahshop.lt\/pl\/wp-json\/wp\/v2\/product"}],"about":[{"href":"https:\/\/hookahshop.lt\/pl\/wp-json\/wp\/v2\/types\/product"}],"replies":[{"embeddable":true,"href":"https:\/\/hookahshop.lt\/pl\/wp-json\/wp\/v2\/comments?post=40544"}],"version-history":[{"count":3,"href":"https:\/\/hookahshop.lt\/pl\/wp-json\/wp\/v2\/product\/40544\/revisions"}],"predecessor-version":[{"id":44372,"href":"https:\/\/hookahshop.lt\/pl\/wp-json\/wp\/v2\/product\/40544\/revisions\/44372"}],"wp:featuredmedia":[{"embeddable":true,"href":"https:\/\/hookahshop.lt\/pl\/wp-json\/wp\/v2\/media\/40671"}],"wp:attachment":[{"href":"https:\/\/hookahshop.lt\/pl\/wp-json\/wp\/v2\/media?parent=40544"}],"curies":[{"name":"wp","href":"https:\/\/api.w.org\/{rel}","templated":true}]}}